{"id":9311,"date":"2024-11-06T22:18:53","date_gmt":"2024-11-06T21:18:53","guid":{"rendered":"https:\/\/algudesign.be\/contacter-algu-design\/"},"modified":"2024-11-28T17:23:19","modified_gmt":"2024-11-28T16:23:19","slug":"contacter-algu-design","status":"publish","type":"page","link":"https:\/\/www.algudesign.be\/fr\/contacter-algu-design\/","title":{"rendered":"Contacter Algu Design"},"content":{"rendered":"\t\t<div data-elementor-type=\"wp-page\" data-elementor-id=\"9311\" class=\"elementor elementor-9311 elementor-8667\">\n\t\t\t\t\t\t<section class=\"elementor-section elementor-top-section elementor-element elementor-element-60f8e62245761 g5core__el-width-1750 elementor-section-stretched elementor-section-boxed elementor-section-height-default elementor-section-height-default elementor-invisible\" data-id=\"60f8e62245761\" data-element_type=\"section\" data-e-type=\"section\" data-settings=\"{&quot;background_background&quot;:&quot;classic&quot;,&quot;stretch_section&quot;:&quot;section-stretched&quot;,&quot;animation&quot;:&quot;fadeIn&quot;}\">\n\t\t\t\t\t\t<div class=\"elementor-container elementor-column-gap-default\">\n\t\t\t\t\t<div class=\"elementor-column elementor-col-100 elementor-top-column elementor-element elementor-element-f16eee3\" data-id=\"f16eee3\" data-element_type=\"column\" data-e-type=\"column\">\n\t\t\t<div class=\"elementor-widget-wrap elementor-element-populated\">\n\t\t\t\t\t\t<div class=\"elementor-element elementor-element-49896d2 elementor-invisible elementor-widget elementor-widget-ube-heading\" data-id=\"49896d2\" data-element_type=\"widget\" data-e-type=\"widget\" data-settings=\"{&quot;_animation&quot;:&quot;fadeInUp&quot;,&quot;_animation_delay&quot;:100}\" data-widget_type=\"ube-heading.default\">\n\t\t\t\t<div class=\"elementor-widget-container\">\n\t\t\t\t\t<div class=\"ube-heading\">\n\t<h2 class=\"ube-heading-title\">Contacter Algu Design<\/h2><div class=\"ube-heading-description\"><p>Nous serions ravis d'avoir de vos nouvelles - faites-nous savoir ce que nous pouvons faire pour vous !<\/p><\/div><\/div>\t\t\t\t<\/div>\n\t\t\t\t<\/div>\n\t\t\t\t\t<\/div>\n\t\t<\/div>\n\t\t\t\t\t<\/div>\n\t\t<\/section>\n\t\t\t\t<section class=\"elementor-section elementor-top-section elementor-element elementor-element-672bde78c0646 elementor-section-boxed elementor-section-height-default elementor-section-height-default\" data-id=\"672bde78c0646\" data-element_type=\"section\" data-e-type=\"section\">\n\t\t\t\t\t\t<div class=\"elementor-container elementor-column-gap-default\">\n\t\t\t\t\t<div class=\"elementor-column elementor-col-50 elementor-top-column elementor-element elementor-element-b951633\" data-id=\"b951633\" data-element_type=\"column\" data-e-type=\"column\">\n\t\t\t<div class=\"elementor-widget-wrap elementor-element-populated\">\n\t\t\t\t\t\t<div class=\"elementor-element elementor-element-182bbd7 elementor-widget elementor-widget-ube-heading\" data-id=\"182bbd7\" data-element_type=\"widget\" data-e-type=\"widget\" data-widget_type=\"ube-heading.default\">\n\t\t\t\t<div class=\"elementor-widget-container\">\n\t\t\t\t\t<div class=\"ube-heading\">\n\t<h4 class=\"ube-heading-title\">Algu Design BV<\/h4><div class=\"ube-heading-description\"><p>BE1007.377.068<br \/>Moorstraat\u00a055<br \/>8793\u00a0Waregem<\/p><\/div><\/div>\t\t\t\t<\/div>\n\t\t\t\t<\/div>\n\t\t\t\t<div class=\"elementor-element elementor-element-9977cd4 elementor-widget elementor-widget-ube-heading\" data-id=\"9977cd4\" data-element_type=\"widget\" data-e-type=\"widget\" data-widget_type=\"ube-heading.default\">\n\t\t\t\t<div class=\"elementor-widget-container\">\n\t\t\t\t\t<div class=\"ube-heading\">\n\t<h4 class=\"ube-heading-title\">Showroom<\/h4><div class=\"ube-heading-description\"><p>Wagenaarstraat 39<br \/>8791 Beveren-Leie (Waregem)<\/p><\/div><\/div>\t\t\t\t<\/div>\n\t\t\t\t<\/div>\n\t\t\t\t<div class=\"elementor-element elementor-element-a03bda8 elementor-widget elementor-widget-ube-heading\" data-id=\"a03bda8\" data-element_type=\"widget\" data-e-type=\"widget\" data-widget_type=\"ube-heading.default\">\n\t\t\t\t<div class=\"elementor-widget-container\">\n\t\t\t\t\t<div class=\"ube-heading\">\n\t<h4 class=\"ube-heading-title\">Contact<\/h4><div class=\"ube-heading-description\"><p>info@algudesign.be<br \/>0479\/20.67.51<\/p><\/div><\/div>\t\t\t\t<\/div>\n\t\t\t\t<\/div>\n\t\t\t\t<div class=\"elementor-element elementor-element-22f5fd8 elementor-widget elementor-widget-ube-social-icon\" data-id=\"22f5fd8\" data-element_type=\"widget\" data-e-type=\"widget\" data-widget_type=\"ube-social-icon.default\">\n\t\t\t\t<div class=\"elementor-widget-container\">\n\t\t\t\t\t\n<ul class=\"ube-social-icons ube-social-classic ube-social-sm\">\n\t\n\t\t        <li class=\"ube-social-facebook elementor-repeater-item-7c7b2f7\" title=\"facebook\" data-toggle=\"tooltip\" data-placement=\"top\">\n\t\t\t<a href=\"https:\/\/www.facebook.com\/eikentafelsopmaat\" target=\"_blank\" class=\"ube-social-icon-icon ube-icon\"><i class=\"fab fa-facebook-f\"><\/i>\t\t\t\t\t\t<\/a>        <\/li>\n\t\n\t\t        <li class=\"ube-social-instagram elementor-repeater-item-87c168d\" title=\"instagram\" data-toggle=\"tooltip\" data-placement=\"top\">\n\t\t\t<a href=\"https:\/\/www.instagram.com\/algu_design\/\" target=\"_blank\" class=\"ube-social-icon-icon ube-icon\"><i class=\"fab fa-instagram\"><\/i>\t\t\t\t\t\t<\/a>        <\/li>\n\t<\/ul>\n\t\t\t\t<\/div>\n\t\t\t\t<\/div>\n\t\t\t\t\t<\/div>\n\t\t<\/div>\n\t\t\t\t<div class=\"elementor-column elementor-col-50 elementor-top-column elementor-element elementor-element-9d68e13\" data-id=\"9d68e13\" data-element_type=\"column\" data-e-type=\"column\">\n\t\t\t<div class=\"elementor-widget-wrap elementor-element-populated\">\n\t\t\t\t\t\t<div class=\"elementor-element elementor-element-c70183f elementor-widget elementor-widget-image\" data-id=\"c70183f\" data-element_type=\"widget\" data-e-type=\"widget\" data-widget_type=\"image.default\">\n\t\t\t\t<div class=\"elementor-widget-container\">\n\t\t\t\t\t\t\t\t\t\t\t\t\t\t\t<img fetchpriority=\"high\" decoding=\"async\" width=\"2560\" height=\"1920\" src=\"https:\/\/www.algudesign.be\/wp-content\/uploads\/2024\/10\/20241008_131553-scaled.jpg\" class=\"attachment-full size-full wp-image-8452\" alt=\"\" srcset=\"https:\/\/www.algudesign.be\/wp-content\/uploads\/2024\/10\/20241008_131553-scaled.jpg 2560w, https:\/\/www.algudesign.be\/wp-content\/uploads\/2024\/10\/20241008_131553-300x225.jpg 300w, https:\/\/www.algudesign.be\/wp-content\/uploads\/2024\/10\/20241008_131553-1024x768.jpg 1024w, https:\/\/www.algudesign.be\/wp-content\/uploads\/2024\/10\/20241008_131553-768x576.jpg 768w, https:\/\/www.algudesign.be\/wp-content\/uploads\/2024\/10\/20241008_131553-1536x1152.jpg 1536w, https:\/\/www.algudesign.be\/wp-content\/uploads\/2024\/10\/20241008_131553-2048x1536.jpg 2048w, https:\/\/www.algudesign.be\/wp-content\/uploads\/2024\/10\/20241008_131553-600x450.jpg 600w\" sizes=\"(max-width: 2560px) 100vw, 2560px\" \/>\t\t\t\t\t\t\t\t\t\t\t\t\t\t\t<\/div>\n\t\t\t\t<\/div>\n\t\t\t\t\t<\/div>\n\t\t<\/div>\n\t\t\t\t\t<\/div>\n\t\t<\/section>\n\t\t\t\t<section class=\"elementor-section elementor-top-section elementor-element elementor-element-60baf5f53357c elementor-section-boxed elementor-section-height-default elementor-section-height-default\" data-id=\"60baf5f53357c\" data-element_type=\"section\" data-e-type=\"section\">\n\t\t\t\t\t\t<div class=\"elementor-container elementor-column-gap-default\">\n\t\t\t\t\t<div class=\"elementor-column elementor-col-100 elementor-top-column elementor-element elementor-element-8e0f625\" data-id=\"8e0f625\" data-element_type=\"column\" data-e-type=\"column\">\n\t\t\t<div class=\"elementor-widget-wrap elementor-element-populated\">\n\t\t\t\t\t\t<div class=\"elementor-element elementor-element-2def87e elementor-widget elementor-widget-text-editor\" data-id=\"2def87e\" data-element_type=\"widget\" data-e-type=\"widget\" data-widget_type=\"text-editor.default\">\n\t\t\t\t<div class=\"elementor-widget-container\">\n\t\t\t\t\t\t\t\t\t<p>Vous avez des questions sur nos meubles, nos options de personnalisation ou vous souhaitez en savoir plus sur notre fa\u00e7on de travailler ?<br \/>Nous sommes heureux de vous aider.<\/p>\n<p>Remplissez le formulaire de contact, envoyez-nous un e-mail ou appelez-nous directement.<br \/>Notre \u00e9quipe est pr\u00eate \u00e0 r\u00e9pondre \u00e0 toutes vos questions et \u00e0 r\u00e9fl\u00e9chir avec vous \u00e0 la solution de mobilier id\u00e9ale pour votre espace.<\/p>\n\t\t\t\t\t\t\t\t<\/div>\n\t\t\t\t<\/div>\n\t\t\t\t<div class=\"elementor-element elementor-element-488b227 ube-contact-form-7-button-custom elementor-widget elementor-widget-ube-contact-form-7\" data-id=\"488b227\" data-element_type=\"widget\" data-e-type=\"widget\" data-widget_type=\"ube-contact-form-7.default\">\n\t\t\t\t<div class=\"elementor-widget-container\">\n\t\t\t\t\t    <div class=\"ube-contact-form-7-wrapper\">\n        <div class=\"ube-contact-form ube-contact-form-7 ube-contact-form-488b227 ube-contact-form-7-button-custom\">\n\t\t\t\n<div class=\"wpcf7 no-js\" id=\"wpcf7-f9313-o1\" lang=\"fr-FR\" dir=\"ltr\" data-wpcf7-id=\"9313\">\n<div class=\"screen-reader-response\"><p role=\"status\" aria-live=\"polite\" aria-atomic=\"true\"><\/p> <ul><\/ul><\/div>\n<form action=\"\/fr\/wp-json\/wp\/v2\/pages\/9311#wpcf7-f9313-o1\" method=\"post\" class=\"wpcf7-form init\" aria-label=\"Formulaire de contact\" novalidate=\"novalidate\" data-status=\"init\">\n<fieldset class=\"hidden-fields-container\"><input type=\"hidden\" name=\"_wpcf7\" value=\"9313\" \/><input type=\"hidden\" name=\"_wpcf7_version\" value=\"6.1.5\" \/><input type=\"hidden\" name=\"_wpcf7_locale\" value=\"fr_FR\" \/><input type=\"hidden\" name=\"_wpcf7_unit_tag\" value=\"wpcf7-f9313-o1\" \/><input type=\"hidden\" name=\"_wpcf7_container_post\" value=\"0\" \/><input type=\"hidden\" name=\"_wpcf7_posted_data_hash\" value=\"\" \/>\n<\/fieldset>\n<div class=\"wpcf7-turnstile cf-turnstile\" data-sitekey=\"0x4AAAAAACisSjJW6LSd5wk7\" data-response-field-name=\"_wpcf7_turnstile_response\"><\/div>\n\n<div class=\"furnitor-contact-form row\">\n\t<div class=\"item-contact name col-md-6 col-12\">\n\t\t<p><span class=\"wpcf7-form-control-wrap\" data-name=\"first-name\"><input size=\"40\" maxlength=\"400\" class=\"wpcf7-form-control wpcf7-text wpcf7-validates-as-required\" aria-required=\"true\" aria-invalid=\"false\" placeholder=\"Pr\u00e9nom\" value=\"\" type=\"text\" name=\"first-name\" \/><\/span>\n\t\t<\/p>\n\t<\/div>\n\t<div class=\"item-contact email col-md-6 col-12\">\n\t\t<p><span class=\"wpcf7-form-control-wrap\" data-name=\"last-name\"><input size=\"40\" maxlength=\"400\" class=\"wpcf7-form-control wpcf7-email wpcf7-validates-as-required wpcf7-text wpcf7-validates-as-email\" aria-required=\"true\" aria-invalid=\"false\" placeholder=\"Nom de famille\" value=\"\" type=\"email\" name=\"last-name\" \/><\/span>\n\t\t<\/p>\n\t<\/div>\n\t<div class=\"item-contact name col-md-6 col-12\">\n\t\t<p><span class=\"wpcf7-form-control-wrap\" data-name=\"email\"><input size=\"40\" maxlength=\"400\" class=\"wpcf7-form-control wpcf7-email wpcf7-validates-as-required wpcf7-text wpcf7-validates-as-email\" aria-required=\"true\" aria-invalid=\"false\" placeholder=\"E-mail\" value=\"\" type=\"email\" name=\"email\" \/><\/span>\n\t\t<\/p>\n\t<\/div>\n\t<div class=\"item-contact email col-md-6 col-12\">\n\t\t<p><span class=\"wpcf7-form-control-wrap\" data-name=\"phone\"><input size=\"40\" maxlength=\"400\" class=\"wpcf7-form-control wpcf7-text\" aria-invalid=\"false\" placeholder=\"T\u00e9l\u00e9phone (optionnel)\" value=\"\" type=\"text\" name=\"phone\" \/><\/span>\n\t\t<\/p>\n\t<\/div>\n\t<div class=\"item-contact comment col-12\">\n\t\t<p><span class=\"wpcf7-form-control-wrap\" data-name=\"subject\"><select class=\"wpcf7-form-control wpcf7-select wpcf7-validates-as-required cf7-subject\" aria-required=\"true\" aria-invalid=\"false\" name=\"subject\"><option value=\"\">Votre message et\/ou question<\/option><option value=\"S\u00e9lectionnez votre sujet\">S\u00e9lectionnez votre sujet<\/option><option value=\"J&#039;ai une question\">J&#039;ai une question<\/option><option value=\"Je souhaite un devis\">Je souhaite un devis<\/option><option value=\"Je souhaite une personnalisation\">Je souhaite une personnalisation<\/option><option value=\"Autre\">Autre<\/option><\/select><\/span>\n\t\t<\/p>\n\t<\/div>\n\t<div class=\"item-contact comment col-12\">\n\t\t<p><span class=\"wpcf7-form-control-wrap\" data-name=\"message\"><textarea cols=\"40\" rows=\"10\" maxlength=\"2000\" class=\"wpcf7-form-control wpcf7-textarea wpcf7-validates-as-required\" aria-required=\"true\" aria-invalid=\"false\" placeholder=\"Votre message et\/ou question\" name=\"message\"><\/textarea><\/span>\n\t\t<\/p>\n\t<\/div>\n\t<div class=\"item-contact comment col-12\">\n\t\t<p><span class=\"wpcf7-form-control-wrap\" data-name=\"acceptance-gdpr\"><span class=\"wpcf7-form-control wpcf7-acceptance\"><span class=\"wpcf7-list-item\"><label><input type=\"checkbox\" name=\"acceptance-gdpr\" value=\"1\" aria-invalid=\"false\" \/><span class=\"wpcf7-list-item-label\">J'accepte les <a href=\"\/disclaimer-privacy-policy\" target=\"_blank\">Disclaimer & Privacy policy<\/a>.<\/span><\/label><\/span><\/span><\/span>\n\t\t<\/p>\n\t<\/div>\n\t<div class=\"item-contact submit col-12\">\n\t\t<p><input class=\"wpcf7-form-control wpcf7-submit has-spinner\" type=\"submit\" value=\"Livraison\" \/>\n\t\t<\/p>\n\t<\/div>\n<\/div><div class=\"wpcf7-response-output\" aria-hidden=\"true\"><\/div>\n<\/form>\n<\/div>\n        <\/div>\n    <\/div>\n\t\t\t\t<\/div>\n\t\t\t\t<\/div>\n\t\t\t\t<div class=\"elementor-element elementor-element-a698978 elementor-widget elementor-widget-heading\" data-id=\"a698978\" data-element_type=\"widget\" data-e-type=\"widget\" data-widget_type=\"heading.default\">\n\t\t\t\t<div class=\"elementor-widget-container\">\n\t\t\t\t\t<h2 class=\"elementor-heading-title elementor-size-default\">Nous serions ravis d'avoir de vos nouvelles - faites-nous savoir ce que nous pouvons faire pour vous !<\/h2>\t\t\t\t<\/div>\n\t\t\t\t<\/div>\n\t\t\t\t\t<\/div>\n\t\t<\/div>\n\t\t\t\t\t<\/div>\n\t\t<\/section>\n\t\t\t\t<\/div>\n\t\t","protected":false},"excerpt":{"rendered":"<p>Contacter Algu Design Nous serions ravis d&rsquo;avoir de vos nouvelles &#8211; faites-nous savoir ce que nous pouvons faire pour vous ! Algu Design BV BE1007.377.068Moorstraat\u00a0558793\u00a0Waregem Showroom Wagenaarstraat 398791 Beveren-Leie (Waregem) Contact info@algudesign.be0479\/20.67.51 Vous avez des questions sur nos meubles, nos options de personnalisation ou vous souhaitez en savoir plus sur notre fa\u00e7on de travailler ?Nous [&hellip;]<\/p>\n","protected":false},"author":1,"featured_media":8907,"parent":0,"menu_order":0,"comment_status":"closed","ping_status":"closed","template":"elementor_header_footer","meta":{"footnotes":""},"class_list":["post-9311","page","type-page","status-publish","has-post-thumbnail","hentry"],"yoast_head":"<!-- This site is optimized with the Yoast SEO plugin v27.3 - https:\/\/yoast.com\/product\/yoast-seo-wordpress\/ -->\n<title>Contacter Algu Design | Algu Design<\/title>\n<meta name=\"description\" content=\"Prenez contact avec Algudesign. Vous avez des questions ? Nous nous ferons un plaisir de vous aider en vous conseillant personnellement et en vous proposant des solutions sur mesure.\" \/>\n<meta name=\"robots\" content=\"index, follow, max-snippet:-1, max-image-preview:large, max-video-preview:-1\" \/>\n<link rel=\"canonical\" href=\"https:\/\/www.algudesign.be\/fr\/contacter-algu-design\/\" \/>\n<meta property=\"og:locale\" content=\"fr_FR\" \/>\n<meta property=\"og:type\" content=\"article\" \/>\n<meta property=\"og:title\" content=\"Contacter Algu Design | Algu Design\" \/>\n<meta property=\"og:description\" content=\"Prenez contact avec Algudesign. Vous avez des questions ? Nous nous ferons un plaisir de vous aider en vous conseillant personnellement et en vous proposant des solutions sur mesure.\" \/>\n<meta property=\"og:url\" content=\"https:\/\/www.algudesign.be\/fr\/contacter-algu-design\/\" \/>\n<meta property=\"og:site_name\" content=\"Algu Design\" \/>\n<meta property=\"article:modified_time\" content=\"2024-11-28T16:23:19+00:00\" \/>\n<meta property=\"og:image\" content=\"https:\/\/www.algudesign.be\/wp-content\/uploads\/2024\/11\/page-banner-contact.png\" \/>\n\t<meta property=\"og:image:width\" content=\"1920\" \/>\n\t<meta property=\"og:image:height\" content=\"721\" \/>\n\t<meta property=\"og:image:type\" content=\"image\/png\" \/>\n<meta name=\"twitter:card\" content=\"summary_large_image\" \/>\n<meta name=\"twitter:label1\" content=\"Dur\u00e9e de lecture estim\u00e9e\" \/>\n\t<meta name=\"twitter:data1\" content=\"1 minute\" \/>\n<script type=\"application\/ld+json\" class=\"yoast-schema-graph\">{\"@context\":\"https:\\\/\\\/schema.org\",\"@graph\":[{\"@type\":\"WebPage\",\"@id\":\"https:\\\/\\\/www.algudesign.be\\\/fr\\\/contacter-algu-design\\\/\",\"url\":\"https:\\\/\\\/www.algudesign.be\\\/fr\\\/contacter-algu-design\\\/\",\"name\":\"Contacter Algu Design | Algu Design\",\"isPartOf\":{\"@id\":\"https:\\\/\\\/www.algudesign.be\\\/fr\\\/#website\"},\"primaryImageOfPage\":{\"@id\":\"https:\\\/\\\/www.algudesign.be\\\/fr\\\/contacter-algu-design\\\/#primaryimage\"},\"image\":{\"@id\":\"https:\\\/\\\/www.algudesign.be\\\/fr\\\/contacter-algu-design\\\/#primaryimage\"},\"thumbnailUrl\":\"https:\\\/\\\/www.algudesign.be\\\/wp-content\\\/uploads\\\/2024\\\/11\\\/page-banner-contact.png\",\"datePublished\":\"2024-11-06T21:18:53+00:00\",\"dateModified\":\"2024-11-28T16:23:19+00:00\",\"description\":\"Prenez contact avec Algudesign. Vous avez des questions ? Nous nous ferons un plaisir de vous aider en vous conseillant personnellement et en vous proposant des solutions sur mesure.\",\"breadcrumb\":{\"@id\":\"https:\\\/\\\/www.algudesign.be\\\/fr\\\/contacter-algu-design\\\/#breadcrumb\"},\"inLanguage\":\"fr-FR\",\"potentialAction\":[{\"@type\":\"ReadAction\",\"target\":[\"https:\\\/\\\/www.algudesign.be\\\/fr\\\/contacter-algu-design\\\/\"]}]},{\"@type\":\"ImageObject\",\"inLanguage\":\"fr-FR\",\"@id\":\"https:\\\/\\\/www.algudesign.be\\\/fr\\\/contacter-algu-design\\\/#primaryimage\",\"url\":\"https:\\\/\\\/www.algudesign.be\\\/wp-content\\\/uploads\\\/2024\\\/11\\\/page-banner-contact.png\",\"contentUrl\":\"https:\\\/\\\/www.algudesign.be\\\/wp-content\\\/uploads\\\/2024\\\/11\\\/page-banner-contact.png\",\"width\":1920,\"height\":721},{\"@type\":\"BreadcrumbList\",\"@id\":\"https:\\\/\\\/www.algudesign.be\\\/fr\\\/contacter-algu-design\\\/#breadcrumb\",\"itemListElement\":[{\"@type\":\"ListItem\",\"position\":1,\"name\":\"Home\",\"item\":\"https:\\\/\\\/www.algudesign.be\\\/fr\\\/algu-design-est-fait-sur-mesure-pour-vous\\\/\"},{\"@type\":\"ListItem\",\"position\":2,\"name\":\"Contacter Algu Design\"}]},{\"@type\":\"WebSite\",\"@id\":\"https:\\\/\\\/www.algudesign.be\\\/fr\\\/#website\",\"url\":\"https:\\\/\\\/www.algudesign.be\\\/fr\\\/\",\"name\":\"Algu Design\",\"description\":\"Algu Design is uw meerwaarde!\",\"publisher\":{\"@id\":\"https:\\\/\\\/www.algudesign.be\\\/fr\\\/#organization\"},\"potentialAction\":[{\"@type\":\"SearchAction\",\"target\":{\"@type\":\"EntryPoint\",\"urlTemplate\":\"https:\\\/\\\/www.algudesign.be\\\/fr\\\/?s={search_term_string}\"},\"query-input\":{\"@type\":\"PropertyValueSpecification\",\"valueRequired\":true,\"valueName\":\"search_term_string\"}}],\"inLanguage\":\"fr-FR\"},{\"@type\":\"Organization\",\"@id\":\"https:\\\/\\\/www.algudesign.be\\\/fr\\\/#organization\",\"name\":\"Algu Design\",\"url\":\"https:\\\/\\\/www.algudesign.be\\\/fr\\\/\",\"logo\":{\"@type\":\"ImageObject\",\"inLanguage\":\"fr-FR\",\"@id\":\"https:\\\/\\\/www.algudesign.be\\\/fr\\\/#\\\/schema\\\/logo\\\/image\\\/\",\"url\":\"https:\\\/\\\/www.algudesign.be\\\/wp-content\\\/uploads\\\/2024\\\/10\\\/cropped-logo_vertical_color.png\",\"contentUrl\":\"https:\\\/\\\/www.algudesign.be\\\/wp-content\\\/uploads\\\/2024\\\/10\\\/cropped-logo_vertical_color.png\",\"width\":208,\"height\":80,\"caption\":\"Algu Design\"},\"image\":{\"@id\":\"https:\\\/\\\/www.algudesign.be\\\/fr\\\/#\\\/schema\\\/logo\\\/image\\\/\"}}]}<\/script>\n<!-- \/ Yoast SEO plugin. -->","yoast_head_json":{"title":"Contacter Algu Design | Algu Design","description":"Prenez contact avec Algudesign. Vous avez des questions ? Nous nous ferons un plaisir de vous aider en vous conseillant personnellement et en vous proposant des solutions sur mesure.","robots":{"index":"index","follow":"follow","max-snippet":"max-snippet:-1","max-image-preview":"max-image-preview:large","max-video-preview":"max-video-preview:-1"},"canonical":"https:\/\/www.algudesign.be\/fr\/contacter-algu-design\/","og_locale":"fr_FR","og_type":"article","og_title":"Contacter Algu Design | Algu Design","og_description":"Prenez contact avec Algudesign. Vous avez des questions ? Nous nous ferons un plaisir de vous aider en vous conseillant personnellement et en vous proposant des solutions sur mesure.","og_url":"https:\/\/www.algudesign.be\/fr\/contacter-algu-design\/","og_site_name":"Algu Design","article_modified_time":"2024-11-28T16:23:19+00:00","og_image":[{"width":1920,"height":721,"url":"https:\/\/www.algudesign.be\/wp-content\/uploads\/2024\/11\/page-banner-contact.png","type":"image\/png"}],"twitter_card":"summary_large_image","twitter_misc":{"Dur\u00e9e de lecture estim\u00e9e":"1 minute"},"schema":{"@context":"https:\/\/schema.org","@graph":[{"@type":"WebPage","@id":"https:\/\/www.algudesign.be\/fr\/contacter-algu-design\/","url":"https:\/\/www.algudesign.be\/fr\/contacter-algu-design\/","name":"Contacter Algu Design | Algu Design","isPartOf":{"@id":"https:\/\/www.algudesign.be\/fr\/#website"},"primaryImageOfPage":{"@id":"https:\/\/www.algudesign.be\/fr\/contacter-algu-design\/#primaryimage"},"image":{"@id":"https:\/\/www.algudesign.be\/fr\/contacter-algu-design\/#primaryimage"},"thumbnailUrl":"https:\/\/www.algudesign.be\/wp-content\/uploads\/2024\/11\/page-banner-contact.png","datePublished":"2024-11-06T21:18:53+00:00","dateModified":"2024-11-28T16:23:19+00:00","description":"Prenez contact avec Algudesign. Vous avez des questions ? Nous nous ferons un plaisir de vous aider en vous conseillant personnellement et en vous proposant des solutions sur mesure.","breadcrumb":{"@id":"https:\/\/www.algudesign.be\/fr\/contacter-algu-design\/#breadcrumb"},"inLanguage":"fr-FR","potentialAction":[{"@type":"ReadAction","target":["https:\/\/www.algudesign.be\/fr\/contacter-algu-design\/"]}]},{"@type":"ImageObject","inLanguage":"fr-FR","@id":"https:\/\/www.algudesign.be\/fr\/contacter-algu-design\/#primaryimage","url":"https:\/\/www.algudesign.be\/wp-content\/uploads\/2024\/11\/page-banner-contact.png","contentUrl":"https:\/\/www.algudesign.be\/wp-content\/uploads\/2024\/11\/page-banner-contact.png","width":1920,"height":721},{"@type":"BreadcrumbList","@id":"https:\/\/www.algudesign.be\/fr\/contacter-algu-design\/#breadcrumb","itemListElement":[{"@type":"ListItem","position":1,"name":"Home","item":"https:\/\/www.algudesign.be\/fr\/algu-design-est-fait-sur-mesure-pour-vous\/"},{"@type":"ListItem","position":2,"name":"Contacter Algu Design"}]},{"@type":"WebSite","@id":"https:\/\/www.algudesign.be\/fr\/#website","url":"https:\/\/www.algudesign.be\/fr\/","name":"Algu Design","description":"Algu Design is uw meerwaarde!","publisher":{"@id":"https:\/\/www.algudesign.be\/fr\/#organization"},"potentialAction":[{"@type":"SearchAction","target":{"@type":"EntryPoint","urlTemplate":"https:\/\/www.algudesign.be\/fr\/?s={search_term_string}"},"query-input":{"@type":"PropertyValueSpecification","valueRequired":true,"valueName":"search_term_string"}}],"inLanguage":"fr-FR"},{"@type":"Organization","@id":"https:\/\/www.algudesign.be\/fr\/#organization","name":"Algu Design","url":"https:\/\/www.algudesign.be\/fr\/","logo":{"@type":"ImageObject","inLanguage":"fr-FR","@id":"https:\/\/www.algudesign.be\/fr\/#\/schema\/logo\/image\/","url":"https:\/\/www.algudesign.be\/wp-content\/uploads\/2024\/10\/cropped-logo_vertical_color.png","contentUrl":"https:\/\/www.algudesign.be\/wp-content\/uploads\/2024\/10\/cropped-logo_vertical_color.png","width":208,"height":80,"caption":"Algu Design"},"image":{"@id":"https:\/\/www.algudesign.be\/fr\/#\/schema\/logo\/image\/"}}]}},"_links":{"self":[{"href":"https:\/\/www.algudesign.be\/fr\/wp-json\/wp\/v2\/pages\/9311","targetHints":{"allow":["GET"]}}],"collection":[{"href":"https:\/\/www.algudesign.be\/fr\/wp-json\/wp\/v2\/pages"}],"about":[{"href":"https:\/\/www.algudesign.be\/fr\/wp-json\/wp\/v2\/types\/page"}],"author":[{"embeddable":true,"href":"https:\/\/www.algudesign.be\/fr\/wp-json\/wp\/v2\/users\/1"}],"replies":[{"embeddable":true,"href":"https:\/\/www.algudesign.be\/fr\/wp-json\/wp\/v2\/comments?post=9311"}],"version-history":[{"count":4,"href":"https:\/\/www.algudesign.be\/fr\/wp-json\/wp\/v2\/pages\/9311\/revisions"}],"predecessor-version":[{"id":9317,"href":"https:\/\/www.algudesign.be\/fr\/wp-json\/wp\/v2\/pages\/9311\/revisions\/9317"}],"wp:featuredmedia":[{"embeddable":true,"href":"https:\/\/www.algudesign.be\/fr\/wp-json\/wp\/v2\/media\/8907"}],"wp:attachment":[{"href":"https:\/\/www.algudesign.be\/fr\/wp-json\/wp\/v2\/media?parent=9311"}],"curies":[{"name":"wp","href":"https:\/\/api.w.org\/{rel}","templated":true}]}}