{"id":9294,"date":"2021-04-20T08:00:12","date_gmt":"2021-04-20T06:00:12","guid":{"rendered":"https:\/\/algudesign.be\/algu-design-est-fait-sur-mesure-pour-vous\/"},"modified":"2024-11-25T11:53:44","modified_gmt":"2024-11-25T10:53:44","slug":"algu-design-est-fait-sur-mesure-pour-vous","status":"publish","type":"page","link":"https:\/\/www.algudesign.be\/fr\/","title":{"rendered":"Algu Design est fait sur mesure pour vous !"},"content":{"rendered":"\t\t<div data-elementor-type=\"wp-page\" data-elementor-id=\"9294\" class=\"elementor elementor-9294 elementor-136\">\n\t\t\t\t\t\t<section class=\"elementor-section elementor-top-section elementor-element elementor-element-60f8d9d153a69 g5core__el-width-1750 elementor-section-boxed elementor-section-height-default elementor-section-height-default\" data-id=\"60f8d9d153a69\" data-element_type=\"section\" data-e-type=\"section\">\n\t\t\t\t\t\t<div class=\"elementor-container elementor-column-gap-default\">\n\t\t\t\t\t<div class=\"elementor-column elementor-col-100 elementor-top-column elementor-element elementor-element-30a3427\" data-id=\"30a3427\" data-element_type=\"column\" data-e-type=\"column\">\n\t\t\t<div class=\"elementor-widget-wrap elementor-element-populated\">\n\t\t\t\t\t\t<section class=\"elementor-section elementor-inner-section elementor-element elementor-element-7954916 elementor-section-full_width elementor-section-height-min-height elementor-section-content-middle home-bg-cta home-bg-cta__config elementor-section-height-default\" data-id=\"7954916\" data-element_type=\"section\" data-e-type=\"section\" data-settings=\"{&quot;background_background&quot;:&quot;classic&quot;}\">\n\t\t\t\t\t\t\t<div class=\"elementor-background-overlay\"><\/div>\n\t\t\t\t\t\t\t<div class=\"elementor-container elementor-column-gap-default\">\n\t\t\t\t\t<div class=\"elementor-column elementor-col-100 elementor-inner-column elementor-element elementor-element-b4a67df\" data-id=\"b4a67df\" data-element_type=\"column\" data-e-type=\"column\">\n\t\t\t<div class=\"elementor-widget-wrap elementor-element-populated\">\n\t\t\t\t\t\t<div class=\"elementor-element elementor-element-749ba37 elementor-align-left elementor-invisible elementor-widget elementor-widget-ube-heading\" data-id=\"749ba37\" data-element_type=\"widget\" data-e-type=\"widget\" data-settings=\"{&quot;_animation&quot;:&quot;fadeInUp&quot;}\" data-widget_type=\"ube-heading.default\">\n\t\t\t\t<div class=\"elementor-widget-container\">\n\t\t\t\t\t<div class=\"ube-heading\">\n\t<h6 class=\"ube-heading-sub-title\" >Algu Design est votre valeur ajout\u00e9e<\/h6><h2 class=\"ube-heading-title\">Configurez votre table<\/h2><div class=\"ube-heading-description\"><p>Configurez la table de vos r\u00eaves en quelques clics de souris.<\/p><\/div><\/div>\t\t\t\t<\/div>\n\t\t\t\t<\/div>\n\t\t\t\t<div class=\"elementor-element elementor-element-5bdd0b3 elementor-invisible elementor-widget elementor-widget-ube-button\" data-id=\"5bdd0b3\" data-element_type=\"widget\" data-e-type=\"widget\" data-settings=\"{&quot;_animation&quot;:&quot;fadeInUp&quot;,&quot;_animation_delay&quot;:400}\" data-widget_type=\"ube-button.default\">\n\t\t\t\t<div class=\"elementor-widget-container\">\n\t\t\t\t\t<a class=\"ube-btn btn btn-md btn-square btn-primary\" href=\"\/configureer-jouw-tafel\">\n\t    <span class=\"ube-btn-text\">Configurer<\/span>\n\t<\/a>\n\n\n\t\t\t\t<\/div>\n\t\t\t\t<\/div>\n\t\t\t\t\t<\/div>\n\t\t<\/div>\n\t\t\t\t\t<\/div>\n\t\t<\/section>\n\t\t\t\t\t<\/div>\n\t\t<\/div>\n\t\t\t\t\t<\/div>\n\t\t<\/section>\n\t\t\t\t<section class=\"elementor-section elementor-top-section elementor-element elementor-element-f9f8bcd g5core__el-width-1750 maxw-1750 elementor-section-boxed elementor-section-height-default elementor-section-height-default\" data-id=\"f9f8bcd\" data-element_type=\"section\" data-e-type=\"section\">\n\t\t\t\t\t\t<div class=\"elementor-container elementor-column-gap-default\">\n\t\t\t\t\t<div class=\"elementor-column elementor-col-50 elementor-top-column elementor-element elementor-element-528f2da\" data-id=\"528f2da\" data-element_type=\"column\" data-e-type=\"column\">\n\t\t\t<div class=\"elementor-widget-wrap elementor-element-populated\">\n\t\t\t\t\t\t<section class=\"elementor-section elementor-inner-section elementor-element elementor-element-9a52bf2 elementor-section-height-min-height home-bg-cta home-bg-cta__chairs elementor-section-full_width elementor-section-height-default\" data-id=\"9a52bf2\" data-element_type=\"section\" data-e-type=\"section\" data-settings=\"{&quot;background_background&quot;:&quot;classic&quot;}\">\n\t\t\t\t\t\t\t<div class=\"elementor-background-overlay\"><\/div>\n\t\t\t\t\t\t\t<div class=\"elementor-container elementor-column-gap-default\">\n\t\t\t\t\t<div class=\"elementor-column elementor-col-100 elementor-inner-column elementor-element elementor-element-ee77fd8\" data-id=\"ee77fd8\" data-element_type=\"column\" data-e-type=\"column\">\n\t\t\t<div class=\"elementor-widget-wrap elementor-element-populated\">\n\t\t\t\t\t\t<div class=\"elementor-element elementor-element-ba3042f elementor-align-left elementor-invisible elementor-widget elementor-widget-ube-heading\" data-id=\"ba3042f\" data-element_type=\"widget\" data-e-type=\"widget\" data-settings=\"{&quot;_animation&quot;:&quot;fadeInUp&quot;}\" data-widget_type=\"ube-heading.default\">\n\t\t\t\t<div class=\"elementor-widget-container\">\n\t\t\t\t\t<div class=\"ube-heading\">\n\t<h2 class=\"ube-heading-title\">Chaises tendance<\/h2><div class=\"ube-heading-description\"><p>D\u00e9couvrez nos chaises tendance.<br \/>\u00c9l\u00e9gantes, uniques, elles attirent tous les regards.<br \/>\u00a3pour chaque int\u00e9rieur.<\/p><\/div><\/div>\t\t\t\t<\/div>\n\t\t\t\t<\/div>\n\t\t\t\t<div class=\"elementor-element elementor-element-58505de elementor-invisible elementor-widget elementor-widget-ube-button\" data-id=\"58505de\" data-element_type=\"widget\" data-e-type=\"widget\" data-settings=\"{&quot;_animation&quot;:&quot;fadeInUp&quot;,&quot;_animation_delay&quot;:400}\" data-widget_type=\"ube-button.default\">\n\t\t\t\t<div class=\"elementor-widget-container\">\n\t\t\t\t\t<a class=\"ube-btn btn btn-md btn-square btn-primary\" href=\"\/product-categorie\/stoelen\/\">\n\t    <span class=\"ube-btn-text\">Commandez-les ici<\/span>\n\t<\/a>\n\n\n\t\t\t\t<\/div>\n\t\t\t\t<\/div>\n\t\t\t\t\t<\/div>\n\t\t<\/div>\n\t\t\t\t\t<\/div>\n\t\t<\/section>\n\t\t\t\t\t<\/div>\n\t\t<\/div>\n\t\t\t\t<div class=\"elementor-column elementor-col-50 elementor-top-column elementor-element elementor-element-39420a3\" data-id=\"39420a3\" data-element_type=\"column\" data-e-type=\"column\">\n\t\t\t<div class=\"elementor-widget-wrap elementor-element-populated\">\n\t\t\t\t\t\t<section class=\"elementor-section elementor-inner-section elementor-element elementor-element-d4c1331 elementor-section-height-min-height home-bg-cta home-bg-cta__other elementor-section-full_width elementor-section-height-default\" data-id=\"d4c1331\" data-element_type=\"section\" data-e-type=\"section\" data-settings=\"{&quot;background_background&quot;:&quot;classic&quot;}\">\n\t\t\t\t\t\t\t<div class=\"elementor-background-overlay\"><\/div>\n\t\t\t\t\t\t\t<div class=\"elementor-container elementor-column-gap-default\">\n\t\t\t\t\t<div class=\"elementor-column elementor-col-100 elementor-inner-column elementor-element elementor-element-efc1ca3\" data-id=\"efc1ca3\" data-element_type=\"column\" data-e-type=\"column\">\n\t\t\t<div class=\"elementor-widget-wrap elementor-element-populated\">\n\t\t\t\t\t\t<div class=\"elementor-element elementor-element-60d9e2b elementor-align-left elementor-invisible elementor-widget elementor-widget-ube-heading\" data-id=\"60d9e2b\" data-element_type=\"widget\" data-e-type=\"widget\" data-settings=\"{&quot;_animation&quot;:&quot;fadeInUp&quot;}\" data-widget_type=\"ube-heading.default\">\n\t\t\t\t<div class=\"elementor-widget-container\">\n\t\t\t\t\t<div class=\"ube-heading\">\n\t<h2 class=\"ube-heading-title\">Et bien plus encore<\/h2><div class=\"ube-heading-description\"><p>D\u00e9couvrez nos tables, nos d\u00e9corations \u00e9l\u00e9gantes<\/p><p>et bien plus encore pour toutes les pi\u00e8ces.<\/p><\/div><\/div>\t\t\t\t<\/div>\n\t\t\t\t<\/div>\n\t\t\t\t<div class=\"elementor-element elementor-element-bc197c6 elementor-invisible elementor-widget elementor-widget-ube-button\" data-id=\"bc197c6\" data-element_type=\"widget\" data-e-type=\"widget\" data-settings=\"{&quot;_animation&quot;:&quot;fadeInUp&quot;,&quot;_animation_delay&quot;:400}\" data-widget_type=\"ube-button.default\">\n\t\t\t\t<div class=\"elementor-widget-container\">\n\t\t\t\t\t<a class=\"ube-btn btn btn-md btn-square btn-primary\" href=\"\/shop\">\n\t    <span class=\"ube-btn-text\">D\u00e9couvrez tout<\/span>\n\t<\/a>\n\n\n\t\t\t\t<\/div>\n\t\t\t\t<\/div>\n\t\t\t\t\t<\/div>\n\t\t<\/div>\n\t\t\t\t\t<\/div>\n\t\t<\/section>\n\t\t\t\t\t<\/div>\n\t\t<\/div>\n\t\t\t\t\t<\/div>\n\t\t<\/section>\n\t\t\t\t<section class=\"elementor-section elementor-top-section elementor-element elementor-element-a32e2df  g5core__el-width-1750 elementor-section-content-middle elementor-reverse-tablet elementor-reverse-mobile elementor-section-boxed elementor-section-height-default elementor-section-height-default\" data-id=\"a32e2df\" data-element_type=\"section\" data-e-type=\"section\">\n\t\t\t\t\t\t<div class=\"elementor-container elementor-column-gap-default\">\n\t\t\t\t\t<div class=\"elementor-column elementor-col-50 elementor-top-column elementor-element elementor-element-43cc901\" data-id=\"43cc901\" data-element_type=\"column\" data-e-type=\"column\">\n\t\t\t<div class=\"elementor-widget-wrap elementor-element-populated\">\n\t\t\t\t\t\t<div class=\"elementor-element elementor-element-29384a3 elementor-widget elementor-widget-image\" data-id=\"29384a3\" data-element_type=\"widget\" data-e-type=\"widget\" data-widget_type=\"image.default\">\n\t\t\t\t<div class=\"elementor-widget-container\">\n\t\t\t\t\t\t\t\t\t\t\t\t\t\t\t<img fetchpriority=\"high\" decoding=\"async\" width=\"768\" height=\"576\" src=\"https:\/\/www.algudesign.be\/wp-content\/uploads\/2024\/10\/20241008_131553-1024x768.jpg\" class=\"attachment-large size-large wp-image-8452\" alt=\"\" srcset=\"https:\/\/www.algudesign.be\/wp-content\/uploads\/2024\/10\/20241008_131553-1024x768.jpg 1024w, https:\/\/www.algudesign.be\/wp-content\/uploads\/2024\/10\/20241008_131553-300x225.jpg 300w, https:\/\/www.algudesign.be\/wp-content\/uploads\/2024\/10\/20241008_131553-768x576.jpg 768w, https:\/\/www.algudesign.be\/wp-content\/uploads\/2024\/10\/20241008_131553-1536x1152.jpg 1536w, https:\/\/www.algudesign.be\/wp-content\/uploads\/2024\/10\/20241008_131553-2048x1536.jpg 2048w, https:\/\/www.algudesign.be\/wp-content\/uploads\/2024\/10\/20241008_131553-600x450.jpg 600w\" sizes=\"(max-width: 768px) 100vw, 768px\" \/>\t\t\t\t\t\t\t\t\t\t\t\t\t\t\t<\/div>\n\t\t\t\t<\/div>\n\t\t\t\t\t<\/div>\n\t\t<\/div>\n\t\t\t\t<div class=\"elementor-column elementor-col-50 elementor-top-column elementor-element elementor-element-dd1d383\" data-id=\"dd1d383\" data-element_type=\"column\" data-e-type=\"column\">\n\t\t\t<div class=\"elementor-widget-wrap elementor-element-populated\">\n\t\t\t\t\t\t<div class=\"elementor-element elementor-element-ddfaa30 elementor-widget elementor-widget-ube-call-to-action\" data-id=\"ddfaa30\" data-element_type=\"widget\" data-e-type=\"widget\" data-widget_type=\"ube-call-to-action.default\">\n\t\t\t\t<div class=\"elementor-widget-container\">\n\t\t\t\t\t<div class=\"ube-call-to-action\">\n\t    <div class=\"ube-call-to-action-content\">\n\t\t<h4 class=\"ube-call-to-action-title ube-heading-title\">Un savoir-faire de ma\u00eetre<\/h4>\t\t\t\t            <p class=\"ube-call-to-action-description\">Chez Algu Design, nous cr\u00e9ons des meubles qui r\u00e9sistent \u00e0 l&#039;\u00e9preuve du temps. Chaque pi\u00e8ce est fabriqu\u00e9e avec soin et pr\u00e9cision, avec le souci du d\u00e9tail et de la durabilit\u00e9. Notre combinaison de ch\u00eane massif et de bases m\u00e9talliques cr\u00e9e un look robuste et \u00e9l\u00e9gant. Optez pour un savoir-faire qui fait vraiment la diff\u00e9rence dans votre int\u00e9rieur.<\/p>\n\t\t    <\/div>\n\t<a href=\"\/contact?tailormade\" class=\"ube-call-to-action-btn btn btn-pos-bottom btn-md btn-square btn-outline btn-outline-primary\">\t\t\t\t\t\tDemandez votre personnalisation ici\t\t\t\t\t<\/a>\t<\/div>\n\n\t\t\t\t<\/div>\n\t\t\t\t<\/div>\n\t\t\t\t\t<\/div>\n\t\t<\/div>\n\t\t\t\t\t<\/div>\n\t\t<\/section>\n\t\t\t\t<section class=\"elementor-section elementor-top-section elementor-element elementor-element-eea88d8  g5core__el-width-1750 elementor-section-boxed elementor-section-height-default elementor-section-height-default\" data-id=\"eea88d8\" data-element_type=\"section\" data-e-type=\"section\">\n\t\t\t\t\t\t<div class=\"elementor-container elementor-column-gap-default\">\n\t\t\t\t\t<div class=\"elementor-column elementor-col-100 elementor-top-column elementor-element elementor-element-3cb6a4f\" data-id=\"3cb6a4f\" data-element_type=\"column\" data-e-type=\"column\">\n\t\t\t<div class=\"elementor-widget-wrap elementor-element-populated\">\n\t\t\t\t\t\t<div class=\"elementor-element elementor-element-4f783b6 elementor-widget elementor-widget-heading\" data-id=\"4f783b6\" data-element_type=\"widget\" data-e-type=\"widget\" data-widget_type=\"heading.default\">\n\t\t\t\t<div class=\"elementor-widget-container\">\n\t\t\t\t\t<h2 class=\"elementor-heading-title elementor-size-default\">La boutique \u00e0 l'honneur<\/h2>\t\t\t\t<\/div>\n\t\t\t\t<\/div>\n\t\t\t\t<div class=\"elementor-element elementor-element-edccfc7 home-products elementor-widget elementor-widget-ube-g5-products\" data-id=\"edccfc7\" data-element_type=\"widget\" data-e-type=\"widget\" data-widget_type=\"ube-g5-products.default\">\n\t\t\t\t<div class=\"elementor-widget-container\">\n\t\t\t\t\t\t<div class=\"ube__products woocommerce\">\n\t\t\t<\/div>\n\t\t\t\t<\/div>\n\t\t\t\t<\/div>\n\t\t\t\t\t<\/div>\n\t\t<\/div>\n\t\t\t\t\t<\/div>\n\t\t<\/section>\n\t\t\t\t<section class=\"elementor-section elementor-top-section elementor-element elementor-element-87119e8 elementor-section-content-middle elementor-section-boxed elementor-section-height-default elementor-section-height-default\" data-id=\"87119e8\" data-element_type=\"section\" data-e-type=\"section\">\n\t\t\t\t\t\t<div class=\"elementor-container elementor-column-gap-default\">\n\t\t\t\t\t<div class=\"elementor-column elementor-col-50 elementor-top-column elementor-element elementor-element-3a55ea7\" data-id=\"3a55ea7\" data-element_type=\"column\" data-e-type=\"column\">\n\t\t\t<div class=\"elementor-widget-wrap elementor-element-populated\">\n\t\t\t\t\t\t<div class=\"elementor-element elementor-element-6a3841a elementor-widget elementor-widget-ube-instagram\" data-id=\"6a3841a\" data-element_type=\"widget\" data-e-type=\"widget\" data-widget_type=\"ube-instagram.default\">\n\t\t\t\t<div class=\"elementor-widget-container\">\n\t\t\t\t\t<p>Incorrect user ID specified.<\/p>\t\t\t\t<\/div>\n\t\t\t\t<\/div>\n\t\t\t\t\t<\/div>\n\t\t<\/div>\n\t\t\t\t<div class=\"elementor-column elementor-col-50 elementor-top-column elementor-element elementor-element-9c26ef9\" data-id=\"9c26ef9\" data-element_type=\"column\" data-e-type=\"column\">\n\t\t\t<div class=\"elementor-widget-wrap elementor-element-populated\">\n\t\t\t\t\t\t<div class=\"elementor-element elementor-element-89fb08f elementor-view-default ube-position-top elementor-widget elementor-widget-ube-icon-box\" data-id=\"89fb08f\" data-element_type=\"widget\" data-e-type=\"widget\" data-widget_type=\"ube-icon-box.default\">\n\t\t\t\t<div class=\"elementor-widget-container\">\n\t\t\t\t\t<div class=\"ube-icon-box-wrapper\">\n\t<div class=\"ube-icon-box\">\n\t\t\t\t\t<div class=\"ube-ib-icon\">\n\t\t\t\t<a class=\"elementor-icon\" href=\"https:\/\/www.instagram.com\/algu_design\/\"><i aria-hidden=\"true\" class=\"fab fa-instagram\"><\/i><\/a>\t\t\t<\/div>\n\t\t\t\t\t\t\t<div class=\"ube-ib-content\">\n\t\t\t\t<h3 class=\"ube-ib-title mb-0 \"><a href=\"https:\/\/www.instagram.com\/algu_design\/\">algu_design<\/a><\/h3>\t\t\t\t\t\t\t\t\t<div class=\"ube-ib-desc mb-0 \">Follow us on Instagram<\/div>\n\t\t\t\t\t\t\t<\/div>\n\t\t\t<\/div>\n\t<\/div>\n\n\t\t\t\t<\/div>\n\t\t\t\t<\/div>\n\t\t\t\t\t<\/div>\n\t\t<\/div>\n\t\t\t\t\t<\/div>\n\t\t<\/section>\n\t\t\t\t<\/div>\n\t\t","protected":false},"excerpt":{"rendered":"<p>Algu Design est votre valeur ajout\u00e9e Configurez votre table Configurez la table de vos r\u00eaves en quelques clics de souris. Configurer Chaises tendance D\u00e9couvrez nos chaises tendance.\u00c9l\u00e9gantes, uniques, elles attirent tous les regards.\u00a3pour chaque int\u00e9rieur. Commandez-les ici Et bien plus encore D\u00e9couvrez nos tables, nos d\u00e9corations \u00e9l\u00e9gantes et bien plus encore pour toutes les pi\u00e8ces. [&hellip;]<\/p>\n","protected":false},"author":1,"featured_media":8452,"parent":0,"menu_order":0,"comment_status":"closed","ping_status":"closed","template":"elementor_header_footer","meta":{"footnotes":""},"class_list":["post-9294","page","type-page","status-publish","has-post-thumbnail","hentry"],"yoast_head":"<!-- This site is optimized with the Yoast SEO plugin v27.3 - https:\/\/yoast.com\/product\/yoast-seo-wordpress\/ -->\n<title>Algu Design est fait sur mesure pour vous ! | Algu Design<\/title>\n<meta name=\"description\" content=\"Algu Design est fait sur mesure pour vous ! Configurez votre table et choisissez vos chaises en cliquant sur les actions pr\u00e9d\u00e9finies. Algu Design est fait sur mesure pour vous !\" \/>\n<meta name=\"robots\" content=\"index, follow, max-snippet:-1, max-image-preview:large, max-video-preview:-1\" \/>\n<link rel=\"canonical\" href=\"https:\/\/www.algudesign.be\/fr\/\" \/>\n<meta property=\"og:locale\" content=\"fr_FR\" \/>\n<meta property=\"og:type\" content=\"article\" \/>\n<meta property=\"og:title\" content=\"Algu Design est fait sur mesure pour vous ! | Algu Design\" \/>\n<meta property=\"og:description\" content=\"Algu Design est fait sur mesure pour vous ! Configurez votre table et choisissez vos chaises en cliquant sur les actions pr\u00e9d\u00e9finies. Algu Design est fait sur mesure pour vous !\" \/>\n<meta property=\"og:url\" content=\"https:\/\/www.algudesign.be\/fr\/\" \/>\n<meta property=\"og:site_name\" content=\"Algu Design\" \/>\n<meta property=\"article:modified_time\" content=\"2024-11-25T10:53:44+00:00\" \/>\n<meta property=\"og:image\" content=\"https:\/\/www.algudesign.be\/wp-content\/uploads\/2024\/10\/20241008_131553-scaled.jpg\" \/>\n\t<meta property=\"og:image:width\" content=\"2560\" \/>\n\t<meta property=\"og:image:height\" content=\"1920\" \/>\n\t<meta property=\"og:image:type\" content=\"image\/jpeg\" \/>\n<meta name=\"twitter:card\" content=\"summary_large_image\" \/>\n<meta name=\"twitter:label1\" content=\"Dur\u00e9e de lecture estim\u00e9e\" \/>\n\t<meta name=\"twitter:data1\" content=\"1 minute\" \/>\n<script type=\"application\/ld+json\" class=\"yoast-schema-graph\">{\"@context\":\"https:\\\/\\\/schema.org\",\"@graph\":[{\"@type\":\"WebPage\",\"@id\":\"https:\\\/\\\/www.algudesign.be\\\/fr\\\/\",\"url\":\"https:\\\/\\\/www.algudesign.be\\\/fr\\\/\",\"name\":\"Algu Design est fait sur mesure pour vous ! | Algu Design\",\"isPartOf\":{\"@id\":\"https:\\\/\\\/www.algudesign.be\\\/fr\\\/#website\"},\"primaryImageOfPage\":{\"@id\":\"https:\\\/\\\/www.algudesign.be\\\/fr\\\/#primaryimage\"},\"image\":{\"@id\":\"https:\\\/\\\/www.algudesign.be\\\/fr\\\/#primaryimage\"},\"thumbnailUrl\":\"https:\\\/\\\/www.algudesign.be\\\/wp-content\\\/uploads\\\/2024\\\/10\\\/20241008_131553-scaled.jpg\",\"datePublished\":\"2021-04-20T06:00:12+00:00\",\"dateModified\":\"2024-11-25T10:53:44+00:00\",\"description\":\"Algu Design est fait sur mesure pour vous ! Configurez votre table et choisissez vos chaises en cliquant sur les actions pr\u00e9d\u00e9finies. Algu Design est fait sur mesure pour vous !\",\"breadcrumb\":{\"@id\":\"https:\\\/\\\/www.algudesign.be\\\/fr\\\/#breadcrumb\"},\"inLanguage\":\"fr-FR\",\"potentialAction\":[{\"@type\":\"ReadAction\",\"target\":[\"https:\\\/\\\/www.algudesign.be\\\/fr\\\/\"]}]},{\"@type\":\"ImageObject\",\"inLanguage\":\"fr-FR\",\"@id\":\"https:\\\/\\\/www.algudesign.be\\\/fr\\\/#primaryimage\",\"url\":\"https:\\\/\\\/www.algudesign.be\\\/wp-content\\\/uploads\\\/2024\\\/10\\\/20241008_131553-scaled.jpg\",\"contentUrl\":\"https:\\\/\\\/www.algudesign.be\\\/wp-content\\\/uploads\\\/2024\\\/10\\\/20241008_131553-scaled.jpg\",\"width\":2560,\"height\":1920},{\"@type\":\"BreadcrumbList\",\"@id\":\"https:\\\/\\\/www.algudesign.be\\\/fr\\\/#breadcrumb\",\"itemListElement\":[{\"@type\":\"ListItem\",\"position\":1,\"name\":\"Home\",\"item\":\"https:\\\/\\\/www.algudesign.be\\\/fr\\\/algu-design-est-fait-sur-mesure-pour-vous\\\/\"},{\"@type\":\"ListItem\",\"position\":2,\"name\":\"Algu Design est fait sur mesure pour vous !\"}]},{\"@type\":\"WebSite\",\"@id\":\"https:\\\/\\\/www.algudesign.be\\\/fr\\\/#website\",\"url\":\"https:\\\/\\\/www.algudesign.be\\\/fr\\\/\",\"name\":\"Algu Design\",\"description\":\"Algu Design is uw meerwaarde!\",\"publisher\":{\"@id\":\"https:\\\/\\\/www.algudesign.be\\\/fr\\\/#organization\"},\"potentialAction\":[{\"@type\":\"SearchAction\",\"target\":{\"@type\":\"EntryPoint\",\"urlTemplate\":\"https:\\\/\\\/www.algudesign.be\\\/fr\\\/?s={search_term_string}\"},\"query-input\":{\"@type\":\"PropertyValueSpecification\",\"valueRequired\":true,\"valueName\":\"search_term_string\"}}],\"inLanguage\":\"fr-FR\"},{\"@type\":\"Organization\",\"@id\":\"https:\\\/\\\/www.algudesign.be\\\/fr\\\/#organization\",\"name\":\"Algu Design\",\"url\":\"https:\\\/\\\/www.algudesign.be\\\/fr\\\/\",\"logo\":{\"@type\":\"ImageObject\",\"inLanguage\":\"fr-FR\",\"@id\":\"https:\\\/\\\/www.algudesign.be\\\/fr\\\/#\\\/schema\\\/logo\\\/image\\\/\",\"url\":\"https:\\\/\\\/www.algudesign.be\\\/wp-content\\\/uploads\\\/2024\\\/10\\\/cropped-logo_vertical_color.png\",\"contentUrl\":\"https:\\\/\\\/www.algudesign.be\\\/wp-content\\\/uploads\\\/2024\\\/10\\\/cropped-logo_vertical_color.png\",\"width\":208,\"height\":80,\"caption\":\"Algu Design\"},\"image\":{\"@id\":\"https:\\\/\\\/www.algudesign.be\\\/fr\\\/#\\\/schema\\\/logo\\\/image\\\/\"}}]}<\/script>\n<!-- \/ Yoast SEO plugin. -->","yoast_head_json":{"title":"Algu Design est fait sur mesure pour vous ! | Algu Design","description":"Algu Design est fait sur mesure pour vous ! Configurez votre table et choisissez vos chaises en cliquant sur les actions pr\u00e9d\u00e9finies. Algu Design est fait sur mesure pour vous !","robots":{"index":"index","follow":"follow","max-snippet":"max-snippet:-1","max-image-preview":"max-image-preview:large","max-video-preview":"max-video-preview:-1"},"canonical":"https:\/\/www.algudesign.be\/fr\/","og_locale":"fr_FR","og_type":"article","og_title":"Algu Design est fait sur mesure pour vous ! | Algu Design","og_description":"Algu Design est fait sur mesure pour vous ! Configurez votre table et choisissez vos chaises en cliquant sur les actions pr\u00e9d\u00e9finies. Algu Design est fait sur mesure pour vous !","og_url":"https:\/\/www.algudesign.be\/fr\/","og_site_name":"Algu Design","article_modified_time":"2024-11-25T10:53:44+00:00","og_image":[{"width":2560,"height":1920,"url":"https:\/\/www.algudesign.be\/wp-content\/uploads\/2024\/10\/20241008_131553-scaled.jpg","type":"image\/jpeg"}],"twitter_card":"summary_large_image","twitter_misc":{"Dur\u00e9e de lecture estim\u00e9e":"1 minute"},"schema":{"@context":"https:\/\/schema.org","@graph":[{"@type":"WebPage","@id":"https:\/\/www.algudesign.be\/fr\/","url":"https:\/\/www.algudesign.be\/fr\/","name":"Algu Design est fait sur mesure pour vous ! | Algu Design","isPartOf":{"@id":"https:\/\/www.algudesign.be\/fr\/#website"},"primaryImageOfPage":{"@id":"https:\/\/www.algudesign.be\/fr\/#primaryimage"},"image":{"@id":"https:\/\/www.algudesign.be\/fr\/#primaryimage"},"thumbnailUrl":"https:\/\/www.algudesign.be\/wp-content\/uploads\/2024\/10\/20241008_131553-scaled.jpg","datePublished":"2021-04-20T06:00:12+00:00","dateModified":"2024-11-25T10:53:44+00:00","description":"Algu Design est fait sur mesure pour vous ! Configurez votre table et choisissez vos chaises en cliquant sur les actions pr\u00e9d\u00e9finies. Algu Design est fait sur mesure pour vous !","breadcrumb":{"@id":"https:\/\/www.algudesign.be\/fr\/#breadcrumb"},"inLanguage":"fr-FR","potentialAction":[{"@type":"ReadAction","target":["https:\/\/www.algudesign.be\/fr\/"]}]},{"@type":"ImageObject","inLanguage":"fr-FR","@id":"https:\/\/www.algudesign.be\/fr\/#primaryimage","url":"https:\/\/www.algudesign.be\/wp-content\/uploads\/2024\/10\/20241008_131553-scaled.jpg","contentUrl":"https:\/\/www.algudesign.be\/wp-content\/uploads\/2024\/10\/20241008_131553-scaled.jpg","width":2560,"height":1920},{"@type":"BreadcrumbList","@id":"https:\/\/www.algudesign.be\/fr\/#breadcrumb","itemListElement":[{"@type":"ListItem","position":1,"name":"Home","item":"https:\/\/www.algudesign.be\/fr\/algu-design-est-fait-sur-mesure-pour-vous\/"},{"@type":"ListItem","position":2,"name":"Algu Design est fait sur mesure pour vous !"}]},{"@type":"WebSite","@id":"https:\/\/www.algudesign.be\/fr\/#website","url":"https:\/\/www.algudesign.be\/fr\/","name":"Algu Design","description":"Algu Design is uw meerwaarde!","publisher":{"@id":"https:\/\/www.algudesign.be\/fr\/#organization"},"potentialAction":[{"@type":"SearchAction","target":{"@type":"EntryPoint","urlTemplate":"https:\/\/www.algudesign.be\/fr\/?s={search_term_string}"},"query-input":{"@type":"PropertyValueSpecification","valueRequired":true,"valueName":"search_term_string"}}],"inLanguage":"fr-FR"},{"@type":"Organization","@id":"https:\/\/www.algudesign.be\/fr\/#organization","name":"Algu Design","url":"https:\/\/www.algudesign.be\/fr\/","logo":{"@type":"ImageObject","inLanguage":"fr-FR","@id":"https:\/\/www.algudesign.be\/fr\/#\/schema\/logo\/image\/","url":"https:\/\/www.algudesign.be\/wp-content\/uploads\/2024\/10\/cropped-logo_vertical_color.png","contentUrl":"https:\/\/www.algudesign.be\/wp-content\/uploads\/2024\/10\/cropped-logo_vertical_color.png","width":208,"height":80,"caption":"Algu Design"},"image":{"@id":"https:\/\/www.algudesign.be\/fr\/#\/schema\/logo\/image\/"}}]}},"_links":{"self":[{"href":"https:\/\/www.algudesign.be\/fr\/wp-json\/wp\/v2\/pages\/9294","targetHints":{"allow":["GET"]}}],"collection":[{"href":"https:\/\/www.algudesign.be\/fr\/wp-json\/wp\/v2\/pages"}],"about":[{"href":"https:\/\/www.algudesign.be\/fr\/wp-json\/wp\/v2\/types\/page"}],"author":[{"embeddable":true,"href":"https:\/\/www.algudesign.be\/fr\/wp-json\/wp\/v2\/users\/1"}],"replies":[{"embeddable":true,"href":"https:\/\/www.algudesign.be\/fr\/wp-json\/wp\/v2\/comments?post=9294"}],"version-history":[{"count":4,"href":"https:\/\/www.algudesign.be\/fr\/wp-json\/wp\/v2\/pages\/9294\/revisions"}],"predecessor-version":[{"id":9298,"href":"https:\/\/www.algudesign.be\/fr\/wp-json\/wp\/v2\/pages\/9294\/revisions\/9298"}],"wp:featuredmedia":[{"embeddable":true,"href":"https:\/\/www.algudesign.be\/fr\/wp-json\/wp\/v2\/media\/8452"}],"wp:attachment":[{"href":"https:\/\/www.algudesign.be\/fr\/wp-json\/wp\/v2\/media?parent=9294"}],"curies":[{"name":"wp","href":"https:\/\/api.w.org\/{rel}","templated":true}]}}