{"id":9291,"date":"2021-05-07T03:42:16","date_gmt":"2021-05-07T01:42:16","guid":{"rendered":"https:\/\/algudesign.be\/suivez-votre-commande\/"},"modified":"2024-11-25T11:15:02","modified_gmt":"2024-11-25T10:15:02","slug":"suivez-votre-commande","status":"publish","type":"page","link":"https:\/\/www.algudesign.be\/fr\/suivez-votre-commande\/","title":{"rendered":"Suivez votre commande"},"content":{"rendered":"\n<p>Chez Algu Design, nous tenons \u00e0 vous informer de chaque \u00e9tape du processus de production de vos meubles sur mesure. Depuis le moment o\u00f9 votre commande est pass\u00e9e jusqu&rsquo;\u00e0 la livraison, vous pouvez facilement suivre son \u00e9volution. Nous fournissons des mises \u00e0 jour r\u00e9guli\u00e8res afin que vous sachiez exactement quand votre meuble unique sera pr\u00eat \u00e0 briller dans votre maison.<\/p>\n<div class=\"woocommerce\"><\/div>\n\n<p>Vous avez des questions concernant votre commande ? Notre \u00e9quipe est toujours pr\u00eate \u00e0 vous aider.<\/p>\n\n<p><\/p>\n","protected":false},"excerpt":{"rendered":"<p>Chez Algu Design, nous tenons \u00e0 vous informer de chaque \u00e9tape du processus de production de vos meubles sur mesure. Depuis le moment o\u00f9 votre commande est pass\u00e9e jusqu&rsquo;\u00e0 la livraison, vous pouvez facilement suivre son \u00e9volution. Nous fournissons des mises \u00e0 jour r\u00e9guli\u00e8res afin que vous sachiez exactement quand votre meuble unique sera pr\u00eat [&hellip;]<\/p>\n","protected":false},"author":1,"featured_media":8429,"parent":0,"menu_order":0,"comment_status":"closed","ping_status":"closed","template":"","meta":{"footnotes":""},"class_list":["post-9291","page","type-page","status-publish","has-post-thumbnail","hentry"],"yoast_head":"<!-- This site is optimized with the Yoast SEO plugin v27.3 - https:\/\/yoast.com\/product\/yoast-seo-wordpress\/ -->\n<title>Suivez votre commande | Algu Design<\/title>\n<meta name=\"description\" content=\"Suivez votre commande. Ainsi, vous restez inform\u00e9 de l&#039;\u00e9tat de votre commande et ne manquez aucune mise \u00e0 jour.\" \/>\n<meta name=\"robots\" content=\"index, follow, max-snippet:-1, max-image-preview:large, max-video-preview:-1\" \/>\n<link rel=\"canonical\" href=\"https:\/\/www.algudesign.be\/fr\/suivez-votre-commande\/\" \/>\n<meta property=\"og:locale\" content=\"fr_FR\" \/>\n<meta property=\"og:type\" content=\"article\" \/>\n<meta property=\"og:title\" content=\"Suivez votre commande | Algu Design\" \/>\n<meta property=\"og:description\" content=\"Suivez votre commande. Ainsi, vous restez inform\u00e9 de l&#039;\u00e9tat de votre commande et ne manquez aucune mise \u00e0 jour.\" \/>\n<meta property=\"og:url\" content=\"https:\/\/www.algudesign.be\/fr\/suivez-votre-commande\/\" \/>\n<meta property=\"og:site_name\" content=\"Algu Design\" \/>\n<meta property=\"article:modified_time\" content=\"2024-11-25T10:15:02+00:00\" \/>\n<meta property=\"og:image\" content=\"https:\/\/www.algudesign.be\/wp-content\/uploads\/2021\/05\/call-to-action-11.png\" \/>\n\t<meta property=\"og:image:width\" content=\"690\" \/>\n\t<meta property=\"og:image:height\" content=\"780\" \/>\n\t<meta property=\"og:image:type\" content=\"image\/png\" \/>\n<meta name=\"twitter:card\" content=\"summary_large_image\" \/>\n<script type=\"application\/ld+json\" class=\"yoast-schema-graph\">{\"@context\":\"https:\\\/\\\/schema.org\",\"@graph\":[{\"@type\":\"WebPage\",\"@id\":\"https:\\\/\\\/www.algudesign.be\\\/fr\\\/suivez-votre-commande\\\/\",\"url\":\"https:\\\/\\\/www.algudesign.be\\\/fr\\\/suivez-votre-commande\\\/\",\"name\":\"Suivez votre commande | Algu Design\",\"isPartOf\":{\"@id\":\"https:\\\/\\\/www.algudesign.be\\\/fr\\\/#website\"},\"primaryImageOfPage\":{\"@id\":\"https:\\\/\\\/www.algudesign.be\\\/fr\\\/suivez-votre-commande\\\/#primaryimage\"},\"image\":{\"@id\":\"https:\\\/\\\/www.algudesign.be\\\/fr\\\/suivez-votre-commande\\\/#primaryimage\"},\"thumbnailUrl\":\"https:\\\/\\\/www.algudesign.be\\\/wp-content\\\/uploads\\\/2021\\\/05\\\/call-to-action-11.png\",\"datePublished\":\"2021-05-07T01:42:16+00:00\",\"dateModified\":\"2024-11-25T10:15:02+00:00\",\"description\":\"Suivez votre commande. Ainsi, vous restez inform\u00e9 de l'\u00e9tat de votre commande et ne manquez aucune mise \u00e0 jour.\",\"breadcrumb\":{\"@id\":\"https:\\\/\\\/www.algudesign.be\\\/fr\\\/suivez-votre-commande\\\/#breadcrumb\"},\"inLanguage\":\"fr-FR\",\"potentialAction\":[{\"@type\":\"ReadAction\",\"target\":[\"https:\\\/\\\/www.algudesign.be\\\/fr\\\/suivez-votre-commande\\\/\"]}]},{\"@type\":\"ImageObject\",\"inLanguage\":\"fr-FR\",\"@id\":\"https:\\\/\\\/www.algudesign.be\\\/fr\\\/suivez-votre-commande\\\/#primaryimage\",\"url\":\"https:\\\/\\\/www.algudesign.be\\\/wp-content\\\/uploads\\\/2021\\\/05\\\/call-to-action-11.png\",\"contentUrl\":\"https:\\\/\\\/www.algudesign.be\\\/wp-content\\\/uploads\\\/2021\\\/05\\\/call-to-action-11.png\",\"width\":690,\"height\":780},{\"@type\":\"BreadcrumbList\",\"@id\":\"https:\\\/\\\/www.algudesign.be\\\/fr\\\/suivez-votre-commande\\\/#breadcrumb\",\"itemListElement\":[{\"@type\":\"ListItem\",\"position\":1,\"name\":\"Home\",\"item\":\"https:\\\/\\\/www.algudesign.be\\\/fr\\\/algu-design-est-fait-sur-mesure-pour-vous\\\/\"},{\"@type\":\"ListItem\",\"position\":2,\"name\":\"Suivez votre commande\"}]},{\"@type\":\"WebSite\",\"@id\":\"https:\\\/\\\/www.algudesign.be\\\/fr\\\/#website\",\"url\":\"https:\\\/\\\/www.algudesign.be\\\/fr\\\/\",\"name\":\"Algu Design\",\"description\":\"Algu Design is uw meerwaarde!\",\"publisher\":{\"@id\":\"https:\\\/\\\/www.algudesign.be\\\/fr\\\/#organization\"},\"potentialAction\":[{\"@type\":\"SearchAction\",\"target\":{\"@type\":\"EntryPoint\",\"urlTemplate\":\"https:\\\/\\\/www.algudesign.be\\\/fr\\\/?s={search_term_string}\"},\"query-input\":{\"@type\":\"PropertyValueSpecification\",\"valueRequired\":true,\"valueName\":\"search_term_string\"}}],\"inLanguage\":\"fr-FR\"},{\"@type\":\"Organization\",\"@id\":\"https:\\\/\\\/www.algudesign.be\\\/fr\\\/#organization\",\"name\":\"Algu Design\",\"url\":\"https:\\\/\\\/www.algudesign.be\\\/fr\\\/\",\"logo\":{\"@type\":\"ImageObject\",\"inLanguage\":\"fr-FR\",\"@id\":\"https:\\\/\\\/www.algudesign.be\\\/fr\\\/#\\\/schema\\\/logo\\\/image\\\/\",\"url\":\"https:\\\/\\\/www.algudesign.be\\\/wp-content\\\/uploads\\\/2024\\\/10\\\/cropped-logo_vertical_color.png\",\"contentUrl\":\"https:\\\/\\\/www.algudesign.be\\\/wp-content\\\/uploads\\\/2024\\\/10\\\/cropped-logo_vertical_color.png\",\"width\":208,\"height\":80,\"caption\":\"Algu Design\"},\"image\":{\"@id\":\"https:\\\/\\\/www.algudesign.be\\\/fr\\\/#\\\/schema\\\/logo\\\/image\\\/\"}}]}<\/script>\n<!-- \/ Yoast SEO plugin. -->","yoast_head_json":{"title":"Suivez votre commande | Algu Design","description":"Suivez votre commande. Ainsi, vous restez inform\u00e9 de l'\u00e9tat de votre commande et ne manquez aucune mise \u00e0 jour.","robots":{"index":"index","follow":"follow","max-snippet":"max-snippet:-1","max-image-preview":"max-image-preview:large","max-video-preview":"max-video-preview:-1"},"canonical":"https:\/\/www.algudesign.be\/fr\/suivez-votre-commande\/","og_locale":"fr_FR","og_type":"article","og_title":"Suivez votre commande | Algu Design","og_description":"Suivez votre commande. Ainsi, vous restez inform\u00e9 de l'\u00e9tat de votre commande et ne manquez aucune mise \u00e0 jour.","og_url":"https:\/\/www.algudesign.be\/fr\/suivez-votre-commande\/","og_site_name":"Algu Design","article_modified_time":"2024-11-25T10:15:02+00:00","og_image":[{"width":690,"height":780,"url":"https:\/\/www.algudesign.be\/wp-content\/uploads\/2021\/05\/call-to-action-11.png","type":"image\/png"}],"twitter_card":"summary_large_image","schema":{"@context":"https:\/\/schema.org","@graph":[{"@type":"WebPage","@id":"https:\/\/www.algudesign.be\/fr\/suivez-votre-commande\/","url":"https:\/\/www.algudesign.be\/fr\/suivez-votre-commande\/","name":"Suivez votre commande | Algu Design","isPartOf":{"@id":"https:\/\/www.algudesign.be\/fr\/#website"},"primaryImageOfPage":{"@id":"https:\/\/www.algudesign.be\/fr\/suivez-votre-commande\/#primaryimage"},"image":{"@id":"https:\/\/www.algudesign.be\/fr\/suivez-votre-commande\/#primaryimage"},"thumbnailUrl":"https:\/\/www.algudesign.be\/wp-content\/uploads\/2021\/05\/call-to-action-11.png","datePublished":"2021-05-07T01:42:16+00:00","dateModified":"2024-11-25T10:15:02+00:00","description":"Suivez votre commande. Ainsi, vous restez inform\u00e9 de l'\u00e9tat de votre commande et ne manquez aucune mise \u00e0 jour.","breadcrumb":{"@id":"https:\/\/www.algudesign.be\/fr\/suivez-votre-commande\/#breadcrumb"},"inLanguage":"fr-FR","potentialAction":[{"@type":"ReadAction","target":["https:\/\/www.algudesign.be\/fr\/suivez-votre-commande\/"]}]},{"@type":"ImageObject","inLanguage":"fr-FR","@id":"https:\/\/www.algudesign.be\/fr\/suivez-votre-commande\/#primaryimage","url":"https:\/\/www.algudesign.be\/wp-content\/uploads\/2021\/05\/call-to-action-11.png","contentUrl":"https:\/\/www.algudesign.be\/wp-content\/uploads\/2021\/05\/call-to-action-11.png","width":690,"height":780},{"@type":"BreadcrumbList","@id":"https:\/\/www.algudesign.be\/fr\/suivez-votre-commande\/#breadcrumb","itemListElement":[{"@type":"ListItem","position":1,"name":"Home","item":"https:\/\/www.algudesign.be\/fr\/algu-design-est-fait-sur-mesure-pour-vous\/"},{"@type":"ListItem","position":2,"name":"Suivez votre commande"}]},{"@type":"WebSite","@id":"https:\/\/www.algudesign.be\/fr\/#website","url":"https:\/\/www.algudesign.be\/fr\/","name":"Algu Design","description":"Algu Design is uw meerwaarde!","publisher":{"@id":"https:\/\/www.algudesign.be\/fr\/#organization"},"potentialAction":[{"@type":"SearchAction","target":{"@type":"EntryPoint","urlTemplate":"https:\/\/www.algudesign.be\/fr\/?s={search_term_string}"},"query-input":{"@type":"PropertyValueSpecification","valueRequired":true,"valueName":"search_term_string"}}],"inLanguage":"fr-FR"},{"@type":"Organization","@id":"https:\/\/www.algudesign.be\/fr\/#organization","name":"Algu Design","url":"https:\/\/www.algudesign.be\/fr\/","logo":{"@type":"ImageObject","inLanguage":"fr-FR","@id":"https:\/\/www.algudesign.be\/fr\/#\/schema\/logo\/image\/","url":"https:\/\/www.algudesign.be\/wp-content\/uploads\/2024\/10\/cropped-logo_vertical_color.png","contentUrl":"https:\/\/www.algudesign.be\/wp-content\/uploads\/2024\/10\/cropped-logo_vertical_color.png","width":208,"height":80,"caption":"Algu Design"},"image":{"@id":"https:\/\/www.algudesign.be\/fr\/#\/schema\/logo\/image\/"}}]}},"_links":{"self":[{"href":"https:\/\/www.algudesign.be\/fr\/wp-json\/wp\/v2\/pages\/9291","targetHints":{"allow":["GET"]}}],"collection":[{"href":"https:\/\/www.algudesign.be\/fr\/wp-json\/wp\/v2\/pages"}],"about":[{"href":"https:\/\/www.algudesign.be\/fr\/wp-json\/wp\/v2\/types\/page"}],"author":[{"embeddable":true,"href":"https:\/\/www.algudesign.be\/fr\/wp-json\/wp\/v2\/users\/1"}],"replies":[{"embeddable":true,"href":"https:\/\/www.algudesign.be\/fr\/wp-json\/wp\/v2\/comments?post=9291"}],"version-history":[{"count":1,"href":"https:\/\/www.algudesign.be\/fr\/wp-json\/wp\/v2\/pages\/9291\/revisions"}],"predecessor-version":[{"id":9292,"href":"https:\/\/www.algudesign.be\/fr\/wp-json\/wp\/v2\/pages\/9291\/revisions\/9292"}],"wp:featuredmedia":[{"embeddable":true,"href":"https:\/\/www.algudesign.be\/fr\/wp-json\/wp\/v2\/media\/8429"}],"wp:attachment":[{"href":"https:\/\/www.algudesign.be\/fr\/wp-json\/wp\/v2\/media?parent=9291"}],"curies":[{"name":"wp","href":"https:\/\/api.w.org\/{rel}","templated":true}]}}