{"id":9287,"date":"2021-05-08T03:09:03","date_gmt":"2021-05-08T01:09:03","guid":{"rendered":"https:\/\/algudesign.be\/a-propos-dalgu-design-passion-pour-le-bois-et-la-personnalisation\/"},"modified":"2024-11-25T11:14:20","modified_gmt":"2024-11-25T10:14:20","slug":"a-propos-dalgu-design-passion-pour-le-bois-et-la-personnalisation","status":"publish","type":"page","link":"https:\/\/www.algudesign.be\/fr\/a-propos-dalgu-design-passion-pour-le-bois-et-la-personnalisation\/","title":{"rendered":"\u00c0 propos d&rsquo;Algu Design &#8211; Passion pour le bois et la personnalisation"},"content":{"rendered":"\t\t<div data-elementor-type=\"wp-page\" data-elementor-id=\"9287\" class=\"elementor elementor-9287 elementor-2132\">\n\t\t\t\t\t\t<section class=\"elementor-section elementor-top-section elementor-element elementor-element-60f8e62245761 g5core__el-width-1750 elementor-section-stretched elementor-section-boxed elementor-section-height-default elementor-section-height-default elementor-invisible\" data-id=\"60f8e62245761\" data-element_type=\"section\" data-e-type=\"section\" data-settings=\"{&quot;background_background&quot;:&quot;classic&quot;,&quot;stretch_section&quot;:&quot;section-stretched&quot;,&quot;animation&quot;:&quot;fadeIn&quot;}\">\n\t\t\t\t\t\t\t<div class=\"elementor-background-overlay\"><\/div>\n\t\t\t\t\t\t\t<div class=\"elementor-container elementor-column-gap-default\">\n\t\t\t\t\t<div class=\"elementor-column elementor-col-100 elementor-top-column elementor-element elementor-element-f16eee3\" data-id=\"f16eee3\" data-element_type=\"column\" data-e-type=\"column\">\n\t\t\t<div class=\"elementor-widget-wrap elementor-element-populated\">\n\t\t\t\t\t\t<div class=\"elementor-element elementor-element-49896d2 elementor-invisible elementor-widget elementor-widget-ube-heading\" data-id=\"49896d2\" data-element_type=\"widget\" data-e-type=\"widget\" data-settings=\"{&quot;_animation&quot;:&quot;fadeInUp&quot;,&quot;_animation_delay&quot;:100}\" data-widget_type=\"ube-heading.default\">\n\t\t\t\t<div class=\"elementor-widget-container\">\n\t\t\t\t\t<div class=\"ube-heading\">\n\t<h2 class=\"ube-heading-title\">Over Algu Design<\/h2><div class=\"ube-heading-description\"><p>Passie voor Hout en Maatwerk<\/p><\/div><\/div>\t\t\t\t<\/div>\n\t\t\t\t<\/div>\n\t\t\t\t\t<\/div>\n\t\t<\/div>\n\t\t\t\t\t<\/div>\n\t\t<\/section>\n\t\t\t\t<section class=\"elementor-section elementor-top-section elementor-element elementor-element-60baf5f53357c elementor-section-boxed elementor-section-height-default elementor-section-height-default\" data-id=\"60baf5f53357c\" data-element_type=\"section\" data-e-type=\"section\">\n\t\t\t\t\t\t<div class=\"elementor-container elementor-column-gap-default\">\n\t\t\t\t\t<div class=\"elementor-column elementor-col-100 elementor-top-column elementor-element elementor-element-8e0f625\" data-id=\"8e0f625\" data-element_type=\"column\" data-e-type=\"column\">\n\t\t\t<div class=\"elementor-widget-wrap elementor-element-populated\">\n\t\t\t\t\t\t<section class=\"elementor-section elementor-inner-section elementor-element elementor-element-1083590 elementor-section-boxed elementor-section-height-default elementor-section-height-default\" data-id=\"1083590\" data-element_type=\"section\" data-e-type=\"section\">\n\t\t\t\t\t\t<div class=\"elementor-container elementor-column-gap-default\">\n\t\t\t\t\t<div class=\"elementor-column elementor-col-100 elementor-inner-column elementor-element elementor-element-0df2a80\" data-id=\"0df2a80\" data-element_type=\"column\" data-e-type=\"column\">\n\t\t\t<div class=\"elementor-widget-wrap elementor-element-populated\">\n\t\t\t\t\t\t<div class=\"elementor-element elementor-element-27a448c elementor-align-center elementor-widget elementor-widget-ube-heading\" data-id=\"27a448c\" data-element_type=\"widget\" data-e-type=\"widget\" data-widget_type=\"ube-heading.default\">\n\t\t\t\t<div class=\"elementor-widget-container\">\n\t\t\t\t\t<div class=\"ube-heading\">\n\t<h2 class=\"ube-heading-title\">Passie voor Hout en Maatwerk<\/h2><\/div>\t\t\t\t<\/div>\n\t\t\t\t<\/div>\n\t\t\t\t<div class=\"elementor-element elementor-element-ca1f544 elementor-widget elementor-widget-text-editor\" data-id=\"ca1f544\" data-element_type=\"widget\" data-e-type=\"widget\" data-widget_type=\"text-editor.default\">\n\t\t\t\t<div class=\"elementor-widget-container\">\n\t\t\t\t\t\t\t\t\t<p>Algu Design, c&rsquo;est l&rsquo;authenticit\u00e9 de l&rsquo;artisanat et la passion pour des meubles qui r\u00e9sistent \u00e0 l&rsquo;\u00e9preuve du temps. Nous pensons que les meubles ne doivent pas seulement \u00eatre pratiques, mais qu&rsquo;ils doivent aussi donner du caract\u00e8re et de la chaleur \u00e0 n&rsquo;importe quelle pi\u00e8ce.<br \/><span style=\"color: var( --e-global-color-text ); font-family: var( --e-global-typography-text-font-family ), Sans-serif; font-weight: var( --e-global-typography-text-font-weight ); font-size: var(--g5-body-font-size); font-style: var(--g5-body-font-style); letter-spacing: var(--g5-body-letter-spacing); text-transform: var(--g5-body-text-transform);\">C&rsquo;est pourquoi nous concevons et fabriquons chaque pi\u00e8ce sur mesure, en fonction des besoins et du style uniques de nos clients. Notre \u00e9quipe d&rsquo;artisans d\u00e9vou\u00e9s cr\u00e9e des meubles avec le souci du d\u00e9tail, de la durabilit\u00e9 et de l&rsquo;esth\u00e9tique.<\/span><\/p>\n\t\t\t\t\t\t\t\t<\/div>\n\t\t\t\t<\/div>\n\t\t\t\t\t<\/div>\n\t\t<\/div>\n\t\t\t\t\t<\/div>\n\t\t<\/section>\n\t\t\t\t<div class=\"elementor-element elementor-element-01893bd elementor-widget elementor-widget-image\" data-id=\"01893bd\" data-element_type=\"widget\" data-e-type=\"widget\" data-widget_type=\"image.default\">\n\t\t\t\t<div class=\"elementor-widget-container\">\n\t\t\t\t\t\t\t\t\t\t\t\t\t\t\t<img fetchpriority=\"high\" decoding=\"async\" width=\"1170\" height=\"600\" src=\"https:\/\/www.algudesign.be\/wp-content\/uploads\/2021\/05\/about-us-05.jpg\" class=\"attachment-full size-full wp-image-8370\" alt=\"\" srcset=\"https:\/\/www.algudesign.be\/wp-content\/uploads\/2021\/05\/about-us-05.jpg 1170w, https:\/\/www.algudesign.be\/wp-content\/uploads\/2021\/05\/about-us-05-300x154.jpg 300w, https:\/\/www.algudesign.be\/wp-content\/uploads\/2021\/05\/about-us-05-1024x525.jpg 1024w, https:\/\/www.algudesign.be\/wp-content\/uploads\/2021\/05\/about-us-05-768x394.jpg 768w, https:\/\/www.algudesign.be\/wp-content\/uploads\/2021\/05\/about-us-05-600x308.jpg 600w\" sizes=\"(max-width: 1170px) 100vw, 1170px\" \/>\t\t\t\t\t\t\t\t\t\t\t\t\t\t\t<\/div>\n\t\t\t\t<\/div>\n\t\t\t\t<section class=\"elementor-section elementor-inner-section elementor-element elementor-element-55c7af7 elementor-section-boxed elementor-section-height-default elementor-section-height-default\" data-id=\"55c7af7\" data-element_type=\"section\" data-e-type=\"section\">\n\t\t\t\t\t\t<div class=\"elementor-container elementor-column-gap-default\">\n\t\t\t\t\t<div class=\"elementor-column elementor-col-100 elementor-inner-column elementor-element elementor-element-b0bd983\" data-id=\"b0bd983\" data-element_type=\"column\" data-e-type=\"column\">\n\t\t\t<div class=\"elementor-widget-wrap elementor-element-populated\">\n\t\t\t\t\t\t<div class=\"elementor-element elementor-element-3058caf elementor-widget elementor-widget-text-editor\" data-id=\"3058caf\" data-element_type=\"widget\" data-e-type=\"widget\" data-widget_type=\"text-editor.default\">\n\t\t\t\t<div class=\"elementor-widget-container\">\n\t\t\t\t\t\t\t\t\t<p>Nous utilisons exclusivement du ch\u00eane massif belge, un type de bois connu pour sa beaut\u00e9 naturelle et sa robustesse. En associant ce bois \u00e0 un rev\u00eatement durable et incolore, nous garantissons que chaque meuble est non seulement \u00e9l\u00e9gant, mais aussi facile \u00e0 entretenir. Des tables de salle \u00e0 manger robustes aux tables d&rsquo;appoint \u00e9l\u00e9gantes, chaque cr\u00e9ation est unique et refl\u00e8te notre engagement en faveur de la qualit\u00e9 et de l&rsquo;artisanat.<\/p>\n<p>Notre collection est vaste et polyvalente. Des tables basses aux armoires, en passant par les \u00e9tag\u00e8res murales, les bureaux et m\u00eame les meubles d&rsquo;ext\u00e9rieur sur mesure, tout est con\u00e7u pour s&rsquo;adapter exactement \u00e0 l&rsquo;espace et \u00e0 l&rsquo;utilisation que vous avez en t\u00eate. Avec Algudesign, vous ne choisissez pas seulement un meuble, mais l&rsquo;histoire d&rsquo;un savoir-faire belge et d&rsquo;une passion pour une qualit\u00e9 durable et intemporelle.<\/p>\n\t\t\t\t\t\t\t\t<\/div>\n\t\t\t\t<\/div>\n\t\t\t\t\t<\/div>\n\t\t<\/div>\n\t\t\t\t\t<\/div>\n\t\t<\/section>\n\t\t\t\t\t<\/div>\n\t\t<\/div>\n\t\t\t\t\t<\/div>\n\t\t<\/section>\n\t\t\t\t<\/div>\n\t\t","protected":false},"excerpt":{"rendered":"<p>Over Algu Design Passie voor Hout en Maatwerk Passie voor Hout en Maatwerk Algu Design, c&rsquo;est l&rsquo;authenticit\u00e9 de l&rsquo;artisanat et la passion pour des meubles qui r\u00e9sistent \u00e0 l&rsquo;\u00e9preuve du temps. Nous pensons que les meubles ne doivent pas seulement \u00eatre pratiques, mais qu&rsquo;ils doivent aussi donner du caract\u00e8re et de la chaleur \u00e0 n&rsquo;importe [&hellip;]<\/p>\n","protected":false},"author":1,"featured_media":8449,"parent":0,"menu_order":0,"comment_status":"closed","ping_status":"closed","template":"elementor_header_footer","meta":{"footnotes":""},"class_list":["post-9287","page","type-page","status-publish","has-post-thumbnail","hentry"],"yoast_head":"<!-- This site is optimized with the Yoast SEO plugin v27.3 - https:\/\/yoast.com\/product\/yoast-seo-wordpress\/ -->\n<title>\u00c0 propos d&#039;Algu Design - Passion pour le bois et la personnalisation | Algu Design<\/title>\n<meta name=\"description\" content=\"Algu Design, c&#039;est l&#039;authenticit\u00e9 de l&#039;artisanat et la passion pour des meubles qui r\u00e9sistent \u00e0 l&#039;\u00e9preuve du temps.\" \/>\n<meta name=\"robots\" content=\"index, follow, max-snippet:-1, max-image-preview:large, max-video-preview:-1\" \/>\n<link rel=\"canonical\" href=\"https:\/\/www.algudesign.be\/fr\/a-propos-dalgu-design-passion-pour-le-bois-et-la-personnalisation\/\" \/>\n<meta property=\"og:locale\" content=\"fr_FR\" \/>\n<meta property=\"og:type\" content=\"article\" \/>\n<meta property=\"og:title\" content=\"\u00c0 propos d&#039;Algu Design - Passion pour le bois et la personnalisation | Algu Design\" \/>\n<meta property=\"og:description\" content=\"Algu Design, c&#039;est l&#039;authenticit\u00e9 de l&#039;artisanat et la passion pour des meubles qui r\u00e9sistent \u00e0 l&#039;\u00e9preuve du temps.\" \/>\n<meta property=\"og:url\" content=\"https:\/\/www.algudesign.be\/fr\/a-propos-dalgu-design-passion-pour-le-bois-et-la-personnalisation\/\" \/>\n<meta property=\"og:site_name\" content=\"Algu Design\" \/>\n<meta property=\"article:modified_time\" content=\"2024-11-25T10:14:20+00:00\" \/>\n<meta property=\"og:image\" content=\"https:\/\/www.algudesign.be\/wp-content\/uploads\/2024\/10\/logo_boxed_color.png\" \/>\n\t<meta property=\"og:image:width\" content=\"501\" \/>\n\t<meta property=\"og:image:height\" content=\"501\" \/>\n\t<meta property=\"og:image:type\" content=\"image\/png\" \/>\n<meta name=\"twitter:card\" content=\"summary_large_image\" \/>\n<meta name=\"twitter:label1\" content=\"Dur\u00e9e de lecture estim\u00e9e\" \/>\n\t<meta name=\"twitter:data1\" content=\"1 minute\" \/>\n<script type=\"application\/ld+json\" class=\"yoast-schema-graph\">{\"@context\":\"https:\\\/\\\/schema.org\",\"@graph\":[{\"@type\":\"WebPage\",\"@id\":\"https:\\\/\\\/www.algudesign.be\\\/fr\\\/a-propos-dalgu-design-passion-pour-le-bois-et-la-personnalisation\\\/\",\"url\":\"https:\\\/\\\/www.algudesign.be\\\/fr\\\/a-propos-dalgu-design-passion-pour-le-bois-et-la-personnalisation\\\/\",\"name\":\"\u00c0 propos d'Algu Design - Passion pour le bois et la personnalisation | Algu Design\",\"isPartOf\":{\"@id\":\"https:\\\/\\\/www.algudesign.be\\\/fr\\\/#website\"},\"primaryImageOfPage\":{\"@id\":\"https:\\\/\\\/www.algudesign.be\\\/fr\\\/a-propos-dalgu-design-passion-pour-le-bois-et-la-personnalisation\\\/#primaryimage\"},\"image\":{\"@id\":\"https:\\\/\\\/www.algudesign.be\\\/fr\\\/a-propos-dalgu-design-passion-pour-le-bois-et-la-personnalisation\\\/#primaryimage\"},\"thumbnailUrl\":\"https:\\\/\\\/www.algudesign.be\\\/wp-content\\\/uploads\\\/2024\\\/10\\\/logo_boxed_color.png\",\"datePublished\":\"2021-05-08T01:09:03+00:00\",\"dateModified\":\"2024-11-25T10:14:20+00:00\",\"description\":\"Algu Design, c'est l'authenticit\u00e9 de l'artisanat et la passion pour des meubles qui r\u00e9sistent \u00e0 l'\u00e9preuve du temps.\",\"breadcrumb\":{\"@id\":\"https:\\\/\\\/www.algudesign.be\\\/fr\\\/a-propos-dalgu-design-passion-pour-le-bois-et-la-personnalisation\\\/#breadcrumb\"},\"inLanguage\":\"fr-FR\",\"potentialAction\":[{\"@type\":\"ReadAction\",\"target\":[\"https:\\\/\\\/www.algudesign.be\\\/fr\\\/a-propos-dalgu-design-passion-pour-le-bois-et-la-personnalisation\\\/\"]}]},{\"@type\":\"ImageObject\",\"inLanguage\":\"fr-FR\",\"@id\":\"https:\\\/\\\/www.algudesign.be\\\/fr\\\/a-propos-dalgu-design-passion-pour-le-bois-et-la-personnalisation\\\/#primaryimage\",\"url\":\"https:\\\/\\\/www.algudesign.be\\\/wp-content\\\/uploads\\\/2024\\\/10\\\/logo_boxed_color.png\",\"contentUrl\":\"https:\\\/\\\/www.algudesign.be\\\/wp-content\\\/uploads\\\/2024\\\/10\\\/logo_boxed_color.png\",\"width\":501,\"height\":501},{\"@type\":\"BreadcrumbList\",\"@id\":\"https:\\\/\\\/www.algudesign.be\\\/fr\\\/a-propos-dalgu-design-passion-pour-le-bois-et-la-personnalisation\\\/#breadcrumb\",\"itemListElement\":[{\"@type\":\"ListItem\",\"position\":1,\"name\":\"Home\",\"item\":\"https:\\\/\\\/www.algudesign.be\\\/fr\\\/algu-design-est-fait-sur-mesure-pour-vous\\\/\"},{\"@type\":\"ListItem\",\"position\":2,\"name\":\"\u00c0 propos d&#8217;Algu Design &#8211; Passion pour le bois et la personnalisation\"}]},{\"@type\":\"WebSite\",\"@id\":\"https:\\\/\\\/www.algudesign.be\\\/fr\\\/#website\",\"url\":\"https:\\\/\\\/www.algudesign.be\\\/fr\\\/\",\"name\":\"Algu Design\",\"description\":\"Algu Design is uw meerwaarde!\",\"publisher\":{\"@id\":\"https:\\\/\\\/www.algudesign.be\\\/fr\\\/#organization\"},\"potentialAction\":[{\"@type\":\"SearchAction\",\"target\":{\"@type\":\"EntryPoint\",\"urlTemplate\":\"https:\\\/\\\/www.algudesign.be\\\/fr\\\/?s={search_term_string}\"},\"query-input\":{\"@type\":\"PropertyValueSpecification\",\"valueRequired\":true,\"valueName\":\"search_term_string\"}}],\"inLanguage\":\"fr-FR\"},{\"@type\":\"Organization\",\"@id\":\"https:\\\/\\\/www.algudesign.be\\\/fr\\\/#organization\",\"name\":\"Algu Design\",\"url\":\"https:\\\/\\\/www.algudesign.be\\\/fr\\\/\",\"logo\":{\"@type\":\"ImageObject\",\"inLanguage\":\"fr-FR\",\"@id\":\"https:\\\/\\\/www.algudesign.be\\\/fr\\\/#\\\/schema\\\/logo\\\/image\\\/\",\"url\":\"https:\\\/\\\/www.algudesign.be\\\/wp-content\\\/uploads\\\/2024\\\/10\\\/cropped-logo_vertical_color.png\",\"contentUrl\":\"https:\\\/\\\/www.algudesign.be\\\/wp-content\\\/uploads\\\/2024\\\/10\\\/cropped-logo_vertical_color.png\",\"width\":208,\"height\":80,\"caption\":\"Algu Design\"},\"image\":{\"@id\":\"https:\\\/\\\/www.algudesign.be\\\/fr\\\/#\\\/schema\\\/logo\\\/image\\\/\"}}]}<\/script>\n<!-- \/ Yoast SEO plugin. -->","yoast_head_json":{"title":"\u00c0 propos d'Algu Design - Passion pour le bois et la personnalisation | Algu Design","description":"Algu Design, c'est l'authenticit\u00e9 de l'artisanat et la passion pour des meubles qui r\u00e9sistent \u00e0 l'\u00e9preuve du temps.","robots":{"index":"index","follow":"follow","max-snippet":"max-snippet:-1","max-image-preview":"max-image-preview:large","max-video-preview":"max-video-preview:-1"},"canonical":"https:\/\/www.algudesign.be\/fr\/a-propos-dalgu-design-passion-pour-le-bois-et-la-personnalisation\/","og_locale":"fr_FR","og_type":"article","og_title":"\u00c0 propos d'Algu Design - Passion pour le bois et la personnalisation | Algu Design","og_description":"Algu Design, c'est l'authenticit\u00e9 de l'artisanat et la passion pour des meubles qui r\u00e9sistent \u00e0 l'\u00e9preuve du temps.","og_url":"https:\/\/www.algudesign.be\/fr\/a-propos-dalgu-design-passion-pour-le-bois-et-la-personnalisation\/","og_site_name":"Algu Design","article_modified_time":"2024-11-25T10:14:20+00:00","og_image":[{"width":501,"height":501,"url":"https:\/\/www.algudesign.be\/wp-content\/uploads\/2024\/10\/logo_boxed_color.png","type":"image\/png"}],"twitter_card":"summary_large_image","twitter_misc":{"Dur\u00e9e de lecture estim\u00e9e":"1 minute"},"schema":{"@context":"https:\/\/schema.org","@graph":[{"@type":"WebPage","@id":"https:\/\/www.algudesign.be\/fr\/a-propos-dalgu-design-passion-pour-le-bois-et-la-personnalisation\/","url":"https:\/\/www.algudesign.be\/fr\/a-propos-dalgu-design-passion-pour-le-bois-et-la-personnalisation\/","name":"\u00c0 propos d'Algu Design - Passion pour le bois et la personnalisation | Algu Design","isPartOf":{"@id":"https:\/\/www.algudesign.be\/fr\/#website"},"primaryImageOfPage":{"@id":"https:\/\/www.algudesign.be\/fr\/a-propos-dalgu-design-passion-pour-le-bois-et-la-personnalisation\/#primaryimage"},"image":{"@id":"https:\/\/www.algudesign.be\/fr\/a-propos-dalgu-design-passion-pour-le-bois-et-la-personnalisation\/#primaryimage"},"thumbnailUrl":"https:\/\/www.algudesign.be\/wp-content\/uploads\/2024\/10\/logo_boxed_color.png","datePublished":"2021-05-08T01:09:03+00:00","dateModified":"2024-11-25T10:14:20+00:00","description":"Algu Design, c'est l'authenticit\u00e9 de l'artisanat et la passion pour des meubles qui r\u00e9sistent \u00e0 l'\u00e9preuve du temps.","breadcrumb":{"@id":"https:\/\/www.algudesign.be\/fr\/a-propos-dalgu-design-passion-pour-le-bois-et-la-personnalisation\/#breadcrumb"},"inLanguage":"fr-FR","potentialAction":[{"@type":"ReadAction","target":["https:\/\/www.algudesign.be\/fr\/a-propos-dalgu-design-passion-pour-le-bois-et-la-personnalisation\/"]}]},{"@type":"ImageObject","inLanguage":"fr-FR","@id":"https:\/\/www.algudesign.be\/fr\/a-propos-dalgu-design-passion-pour-le-bois-et-la-personnalisation\/#primaryimage","url":"https:\/\/www.algudesign.be\/wp-content\/uploads\/2024\/10\/logo_boxed_color.png","contentUrl":"https:\/\/www.algudesign.be\/wp-content\/uploads\/2024\/10\/logo_boxed_color.png","width":501,"height":501},{"@type":"BreadcrumbList","@id":"https:\/\/www.algudesign.be\/fr\/a-propos-dalgu-design-passion-pour-le-bois-et-la-personnalisation\/#breadcrumb","itemListElement":[{"@type":"ListItem","position":1,"name":"Home","item":"https:\/\/www.algudesign.be\/fr\/algu-design-est-fait-sur-mesure-pour-vous\/"},{"@type":"ListItem","position":2,"name":"\u00c0 propos d&#8217;Algu Design &#8211; Passion pour le bois et la personnalisation"}]},{"@type":"WebSite","@id":"https:\/\/www.algudesign.be\/fr\/#website","url":"https:\/\/www.algudesign.be\/fr\/","name":"Algu Design","description":"Algu Design is uw meerwaarde!","publisher":{"@id":"https:\/\/www.algudesign.be\/fr\/#organization"},"potentialAction":[{"@type":"SearchAction","target":{"@type":"EntryPoint","urlTemplate":"https:\/\/www.algudesign.be\/fr\/?s={search_term_string}"},"query-input":{"@type":"PropertyValueSpecification","valueRequired":true,"valueName":"search_term_string"}}],"inLanguage":"fr-FR"},{"@type":"Organization","@id":"https:\/\/www.algudesign.be\/fr\/#organization","name":"Algu Design","url":"https:\/\/www.algudesign.be\/fr\/","logo":{"@type":"ImageObject","inLanguage":"fr-FR","@id":"https:\/\/www.algudesign.be\/fr\/#\/schema\/logo\/image\/","url":"https:\/\/www.algudesign.be\/wp-content\/uploads\/2024\/10\/cropped-logo_vertical_color.png","contentUrl":"https:\/\/www.algudesign.be\/wp-content\/uploads\/2024\/10\/cropped-logo_vertical_color.png","width":208,"height":80,"caption":"Algu Design"},"image":{"@id":"https:\/\/www.algudesign.be\/fr\/#\/schema\/logo\/image\/"}}]}},"_links":{"self":[{"href":"https:\/\/www.algudesign.be\/fr\/wp-json\/wp\/v2\/pages\/9287","targetHints":{"allow":["GET"]}}],"collection":[{"href":"https:\/\/www.algudesign.be\/fr\/wp-json\/wp\/v2\/pages"}],"about":[{"href":"https:\/\/www.algudesign.be\/fr\/wp-json\/wp\/v2\/types\/page"}],"author":[{"embeddable":true,"href":"https:\/\/www.algudesign.be\/fr\/wp-json\/wp\/v2\/users\/1"}],"replies":[{"embeddable":true,"href":"https:\/\/www.algudesign.be\/fr\/wp-json\/wp\/v2\/comments?post=9287"}],"version-history":[{"count":1,"href":"https:\/\/www.algudesign.be\/fr\/wp-json\/wp\/v2\/pages\/9287\/revisions"}],"predecessor-version":[{"id":9288,"href":"https:\/\/www.algudesign.be\/fr\/wp-json\/wp\/v2\/pages\/9287\/revisions\/9288"}],"wp:featuredmedia":[{"embeddable":true,"href":"https:\/\/www.algudesign.be\/fr\/wp-json\/wp\/v2\/media\/8449"}],"wp:attachment":[{"href":"https:\/\/www.algudesign.be\/fr\/wp-json\/wp\/v2\/media?parent=9287"}],"curies":[{"name":"wp","href":"https:\/\/api.w.org\/{rel}","templated":true}]}}