{"id":9285,"date":"2024-11-06T21:48:06","date_gmt":"2024-11-06T20:48:06","guid":{"rendered":"https:\/\/algudesign.be\/notre-personnalisation-des-meubles-uniques-parfaitement-concus-sur-mesure\/"},"modified":"2024-11-25T11:08:26","modified_gmt":"2024-11-25T10:08:26","slug":"notre-personnalisation-des-meubles-uniques-parfaitement-concus-sur-mesure","status":"publish","type":"page","link":"https:\/\/www.algudesign.be\/fr\/notre-personnalisation-des-meubles-uniques-parfaitement-concus-sur-mesure\/","title":{"rendered":"Notre personnalisation &#8211; Des meubles uniques, parfaitement con\u00e7us sur mesure"},"content":{"rendered":"\t\t<div data-elementor-type=\"wp-page\" data-elementor-id=\"9285\" class=\"elementor elementor-9285 elementor-8652\">\n\t\t\t\t\t\t<section class=\"elementor-section elementor-top-section elementor-element elementor-element-60f8e62245761 g5core__el-width-1750 elementor-section-stretched elementor-section-boxed elementor-section-height-default elementor-section-height-default elementor-invisible\" data-id=\"60f8e62245761\" data-element_type=\"section\" data-e-type=\"section\" data-settings=\"{&quot;background_background&quot;:&quot;classic&quot;,&quot;stretch_section&quot;:&quot;section-stretched&quot;,&quot;animation&quot;:&quot;fadeIn&quot;}\">\n\t\t\t\t\t\t\t<div class=\"elementor-background-overlay\"><\/div>\n\t\t\t\t\t\t\t<div class=\"elementor-container elementor-column-gap-default\">\n\t\t\t\t\t<div class=\"elementor-column elementor-col-100 elementor-top-column elementor-element elementor-element-f16eee3\" data-id=\"f16eee3\" data-element_type=\"column\" data-e-type=\"column\">\n\t\t\t<div class=\"elementor-widget-wrap elementor-element-populated\">\n\t\t\t\t\t\t<div class=\"elementor-element elementor-element-49896d2 elementor-invisible elementor-widget elementor-widget-ube-heading\" data-id=\"49896d2\" data-element_type=\"widget\" data-e-type=\"widget\" data-settings=\"{&quot;_animation&quot;:&quot;fadeInUp&quot;,&quot;_animation_delay&quot;:100}\" data-widget_type=\"ube-heading.default\">\n\t\t\t\t<div class=\"elementor-widget-container\">\n\t\t\t\t\t<div class=\"ube-heading\">\n\t<h2 class=\"ube-heading-title\">Ons Maatwerk<\/h2><div class=\"ube-heading-description\"><p>Unieke Meubels, Perfect op Maat<\/p><\/div><\/div>\t\t\t\t<\/div>\n\t\t\t\t<\/div>\n\t\t\t\t\t<\/div>\n\t\t<\/div>\n\t\t\t\t\t<\/div>\n\t\t<\/section>\n\t\t\t\t<section class=\"elementor-section elementor-top-section elementor-element elementor-element-60baf5f53357c elementor-section-boxed elementor-section-height-default elementor-section-height-default\" data-id=\"60baf5f53357c\" data-element_type=\"section\" data-e-type=\"section\">\n\t\t\t\t\t\t<div class=\"elementor-container elementor-column-gap-default\">\n\t\t\t\t\t<div class=\"elementor-column elementor-col-100 elementor-top-column elementor-element elementor-element-8e0f625\" data-id=\"8e0f625\" data-element_type=\"column\" data-e-type=\"column\">\n\t\t\t<div class=\"elementor-widget-wrap elementor-element-populated\">\n\t\t\t\t\t\t<section class=\"elementor-section elementor-inner-section elementor-element elementor-element-1083590 elementor-section-boxed elementor-section-height-default elementor-section-height-default\" data-id=\"1083590\" data-element_type=\"section\" data-e-type=\"section\">\n\t\t\t\t\t\t<div class=\"elementor-container elementor-column-gap-default\">\n\t\t\t\t\t<div class=\"elementor-column elementor-col-100 elementor-inner-column elementor-element elementor-element-0df2a80\" data-id=\"0df2a80\" data-element_type=\"column\" data-e-type=\"column\">\n\t\t\t<div class=\"elementor-widget-wrap elementor-element-populated\">\n\t\t\t\t\t\t<div class=\"elementor-element elementor-element-27a448c elementor-align-center elementor-widget elementor-widget-ube-heading\" data-id=\"27a448c\" data-element_type=\"widget\" data-e-type=\"widget\" data-widget_type=\"ube-heading.default\">\n\t\t\t\t<div class=\"elementor-widget-container\">\n\t\t\t\t\t<div class=\"ube-heading\">\n\t<h2 class=\"ube-heading-title\">Unieke Meubels, Perfect op Maat<\/h2><\/div>\t\t\t\t<\/div>\n\t\t\t\t<\/div>\n\t\t\t\t<div class=\"elementor-element elementor-element-ca1f544 elementor-widget elementor-widget-text-editor\" data-id=\"ca1f544\" data-element_type=\"widget\" data-e-type=\"widget\" data-widget_type=\"text-editor.default\">\n\t\t\t\t<div class=\"elementor-widget-container\">\n\t\t\t\t\t\t\t\t\t<p>Chez Algudesign, tout est question de personnalisation. Nous pensons que chaque meuble raconte une histoire personnelle et doit s&rsquo;int\u00e9grer parfaitement \u00e0 votre espace et \u00e0 votre style. Des tables \u00e0 manger et armoires robustes aux tables d&rsquo;appoint et \u00e9tag\u00e8res murales \u00e9l\u00e9gantes, tous nos meubles sont con\u00e7us et fabriqu\u00e9s sur mesure, en fonction de vos souhaits.  <\/p>\n<p>Dans notre atelier belge, nous combinons des mat\u00e9riaux de haute qualit\u00e9, tels que le ch\u00eane massif et des m\u00e9taux r\u00e9sistants, avec un savoir-faire artisanal et une attention particuli\u00e8re aux d\u00e9tails. Notre \u00e9quipe est pr\u00eate \u00e0 travailler avec vous pour cr\u00e9er un meuble unique, qu&rsquo;il s&rsquo;agisse d&rsquo;une pi\u00e8ce unique ou d&rsquo;un int\u00e9rieur complet. Avec les meubles sur mesure d&rsquo;Algudesign, vous choisissez non seulement l&rsquo;esth\u00e9tique, mais aussi la durabilit\u00e9 et la qualit\u00e9.  <\/p>\t\t\t\t\t\t\t\t<\/div>\n\t\t\t\t<\/div>\n\t\t\t\t\t<\/div>\n\t\t<\/div>\n\t\t\t\t\t<\/div>\n\t\t<\/section>\n\t\t\t\t<div class=\"elementor-element elementor-element-01893bd elementor-widget elementor-widget-image\" data-id=\"01893bd\" data-element_type=\"widget\" data-e-type=\"widget\" data-widget_type=\"image.default\">\n\t\t\t\t<div class=\"elementor-widget-container\">\n\t\t\t\t\t\t\t\t\t\t\t\t\t\t\t<img fetchpriority=\"high\" decoding=\"async\" width=\"1169\" height=\"600\" src=\"https:\/\/www.algudesign.be\/wp-content\/uploads\/2021\/05\/bg-marker-01.jpg\" class=\"attachment-full size-full wp-image-8403\" alt=\"\" srcset=\"https:\/\/www.algudesign.be\/wp-content\/uploads\/2021\/05\/bg-marker-01.jpg 1169w, https:\/\/www.algudesign.be\/wp-content\/uploads\/2021\/05\/bg-marker-01-300x154.jpg 300w, https:\/\/www.algudesign.be\/wp-content\/uploads\/2021\/05\/bg-marker-01-1024x526.jpg 1024w, https:\/\/www.algudesign.be\/wp-content\/uploads\/2021\/05\/bg-marker-01-768x394.jpg 768w, https:\/\/www.algudesign.be\/wp-content\/uploads\/2021\/05\/bg-marker-01-600x308.jpg 600w\" sizes=\"(max-width: 1169px) 100vw, 1169px\" \/>\t\t\t\t\t\t\t\t\t\t\t\t\t\t\t<\/div>\n\t\t\t\t<\/div>\n\t\t\t\t<section class=\"elementor-section elementor-inner-section elementor-element elementor-element-55c7af7 elementor-section-boxed elementor-section-height-default elementor-section-height-default\" data-id=\"55c7af7\" data-element_type=\"section\" data-e-type=\"section\">\n\t\t\t\t\t\t<div class=\"elementor-container elementor-column-gap-default\">\n\t\t\t\t\t<div class=\"elementor-column elementor-col-100 elementor-inner-column elementor-element elementor-element-b0bd983\" data-id=\"b0bd983\" data-element_type=\"column\" data-e-type=\"column\">\n\t\t\t<div class=\"elementor-widget-wrap elementor-element-populated\">\n\t\t\t\t\t\t<div class=\"elementor-element elementor-element-3058caf elementor-widget elementor-widget-text-editor\" data-id=\"3058caf\" data-element_type=\"widget\" data-e-type=\"widget\" data-widget_type=\"text-editor.default\">\n\t\t\t\t<div class=\"elementor-widget-container\">\n\t\t\t\t\t\t\t\t\t<p><strong>Pourquoi choisir notre personnalisation ?<\/strong><\/p>\n<ul>\n<li><strong>Personnalisation<\/strong>: chaque mod\u00e8le s&rsquo;adapte parfaitement \u00e0 vos besoins et \u00e0 votre int\u00e9rieur.<\/li>\n<li><strong>Un look unique<\/strong>: nos meubles sont intemporels et donnent du caract\u00e8re \u00e0 votre espace.<\/li>\n<li><strong>Fabrication durable<\/strong>: nous travaillons avec des mat\u00e9riaux et des finitions de haute qualit\u00e9 pour une longue dur\u00e9e de vie.<\/li>\n<\/ul>\n<p>Vous \u00eates pr\u00eat \u00e0 donner une nouvelle dimension \u00e0 votre espace avec des meubles uniques fabriqu\u00e9s sur mesure ?<\/p>\t\t\t\t\t\t\t\t<\/div>\n\t\t\t\t<\/div>\n\t\t\t\t\t<\/div>\n\t\t<\/div>\n\t\t\t\t\t<\/div>\n\t\t<\/section>\n\t\t\t\t\t<\/div>\n\t\t<\/div>\n\t\t\t\t\t<\/div>\n\t\t<\/section>\n\t\t\t\t<section class=\"elementor-section elementor-top-section elementor-element elementor-element-904ddee elementor-section-full_width elementor-section-stretched elementor-section-height-default elementor-section-height-default\" data-id=\"904ddee\" data-element_type=\"section\" data-e-type=\"section\" data-settings=\"{&quot;stretch_section&quot;:&quot;section-stretched&quot;}\">\n\t\t\t\t\t\t<div class=\"elementor-container elementor-column-gap-no\">\n\t\t\t\t\t<div class=\"elementor-column elementor-col-100 elementor-top-column elementor-element elementor-element-017f584\" data-id=\"017f584\" data-element_type=\"column\" data-e-type=\"column\" data-settings=\"{&quot;background_background&quot;:&quot;classic&quot;}\">\n\t\t\t<div class=\"elementor-widget-wrap elementor-element-populated\">\n\t\t\t\t\t\t<section class=\"elementor-section elementor-inner-section elementor-element elementor-element-b41426b elementor-section-height-min-height elementor-section-boxed elementor-section-height-default\" data-id=\"b41426b\" data-element_type=\"section\" data-e-type=\"section\" data-settings=\"{&quot;background_background&quot;:&quot;classic&quot;}\">\n\t\t\t\t\t\t<div class=\"elementor-container elementor-column-gap-default\">\n\t\t\t\t\t<div class=\"elementor-column elementor-col-100 elementor-inner-column elementor-element elementor-element-abe3596\" data-id=\"abe3596\" data-element_type=\"column\" data-e-type=\"column\">\n\t\t\t<div class=\"elementor-widget-wrap elementor-element-populated\">\n\t\t\t\t\t\t<div class=\"elementor-element elementor-element-f791e2a elementor-widget elementor-widget-ube-heading\" data-id=\"f791e2a\" data-element_type=\"widget\" data-e-type=\"widget\" data-widget_type=\"ube-heading.default\">\n\t\t\t\t<div class=\"elementor-widget-container\">\n\t\t\t\t\t<div class=\"ube-heading\">\n\t<h4 class=\"ube-heading-sub-title\" >Ontwerp uw unieke meubel <\/h4><h3 class=\"ube-heading-title\">Vraag nu maatwerk aan!<\/h3><div class=\"ube-heading-description\"><div class=\"flex max-w-full flex-col flex-grow\">\n<div class=\"min-h-8 text-message flex w-full flex-col items-end gap-2 whitespace-normal break-words [.text-message+&amp;]:mt-5\" dir=\"auto\" data-message-author-role=\"assistant\" data-message-id=\"b95164db-74db-4b8a-a74e-39289a59a8b7\" data-message-model-slug=\"gpt-4o\">\n<div class=\"flex w-full flex-col gap-1 empty:hidden first:pt-[3px]\">\n<div class=\"markdown prose w-full break-words dark:prose-invert dark\">\n<p>Laat uw idee\u00ebn werkelijkheid worden \u2013 neem vandaag nog contact op en ontdek de mogelijkheden van Algudesign.<\/p>\n<\/div>\n<\/div>\n<\/div>\n<\/div>\n<div class=\"mb-2 flex gap-3 empty:hidden -ml-2\">\n<div class=\"items-center justify-start rounded-xl p-1 z-10 -mt-1 bg-token-main-surface-primary md:absolute md:sr-only\">\n<div class=\"flex items-center\">\n<div class=\"flex items-center pb-0\">\u00a0<\/div>\n<\/div>\n<\/div>\n<\/div><\/div><\/div>\t\t\t\t<\/div>\n\t\t\t\t<\/div>\n\t\t\t\t<div class=\"elementor-element elementor-element-d240c83 elementor-widget elementor-widget-button\" data-id=\"d240c83\" data-element_type=\"widget\" data-e-type=\"widget\" data-widget_type=\"button.default\">\n\t\t\t\t<div class=\"elementor-widget-container\">\n\t\t\t\t\t\t\t\t\t<div class=\"elementor-button-wrapper\">\n\t\t\t\t\t<a class=\"elementor-button elementor-button-link elementor-size-sm\" href=\"https:\/\/algudesign.be\/contact\/?tailormade\">\n\t\t\t\t\t\t<span class=\"elementor-button-content-wrapper\">\n\t\t\t\t\t\t\t\t\t<span class=\"elementor-button-text\">Contactez nous<\/span>\n\t\t\t\t\t<\/span>\n\t\t\t\t\t<\/a>\n\t\t\t\t<\/div>\n\t\t\t\t\t\t\t\t<\/div>\n\t\t\t\t<\/div>\n\t\t\t\t\t<\/div>\n\t\t<\/div>\n\t\t\t\t\t<\/div>\n\t\t<\/section>\n\t\t\t\t\t<\/div>\n\t\t<\/div>\n\t\t\t\t\t<\/div>\n\t\t<\/section>\n\t\t\t\t<section class=\"elementor-section elementor-top-section elementor-element elementor-element-bfca8ac elementor-section-boxed elementor-section-height-default elementor-section-height-default\" data-id=\"bfca8ac\" data-element_type=\"section\" data-e-type=\"section\">\n\t\t\t\t\t\t<div class=\"elementor-container elementor-column-gap-default\">\n\t\t\t\t\t<div class=\"elementor-column elementor-col-100 elementor-top-column elementor-element elementor-element-5413465\" data-id=\"5413465\" data-element_type=\"column\" data-e-type=\"column\">\n\t\t\t<div class=\"elementor-widget-wrap elementor-element-populated\">\n\t\t\t\t\t\t<section class=\"elementor-section elementor-inner-section elementor-element elementor-element-067541d elementor-section-boxed elementor-section-height-default elementor-section-height-default\" data-id=\"067541d\" data-element_type=\"section\" data-e-type=\"section\">\n\t\t\t\t\t\t<div class=\"elementor-container elementor-column-gap-default\">\n\t\t\t\t\t<div class=\"elementor-column elementor-col-100 elementor-inner-column elementor-element elementor-element-4dd7cc3\" data-id=\"4dd7cc3\" data-element_type=\"column\" data-e-type=\"column\">\n\t\t\t<div class=\"elementor-widget-wrap elementor-element-populated\">\n\t\t\t\t\t\t<div class=\"elementor-element elementor-element-43b6021 elementor-align-center elementor-widget elementor-widget-ube-heading\" data-id=\"43b6021\" data-element_type=\"widget\" data-e-type=\"widget\" data-widget_type=\"ube-heading.default\">\n\t\t\t\t<div class=\"elementor-widget-container\">\n\t\t\t\t\t<div class=\"ube-heading\">\n\t<h2 class=\"ube-heading-title\">Laat uw visie werkelijkheid worden met ons maatwerk<\/h2><\/div>\t\t\t\t<\/div>\n\t\t\t\t<\/div>\n\t\t\t\t<div class=\"elementor-element elementor-element-1a3bc22 elementor-widget elementor-widget-text-editor\" data-id=\"1a3bc22\" data-element_type=\"widget\" data-e-type=\"widget\" data-widget_type=\"text-editor.default\">\n\t\t\t\t<div class=\"elementor-widget-container\">\n\t\t\t\t\t\t\t\t\t<p>Chez Algudesign, nous cr\u00e9ons des meubles qui s&rsquo;adaptent parfaitement \u00e0 vos besoins et \u00e0 votre espace. Des tables aux armoires, chaque meuble est con\u00e7u sur mesure avec le souci du d\u00e9tail et de l&rsquo;artisanat. <\/p>\n\t\t\t\t\t\t\t\t<\/div>\n\t\t\t\t<\/div>\n\t\t\t\t\t<\/div>\n\t\t<\/div>\n\t\t\t\t\t<\/div>\n\t\t<\/section>\n\t\t\t\t\t<\/div>\n\t\t<\/div>\n\t\t\t\t\t<\/div>\n\t\t<\/section>\n\t\t\t\t<\/div>\n\t\t","protected":false},"excerpt":{"rendered":"<p>Ons Maatwerk Unieke Meubels, Perfect op Maat Unieke Meubels, Perfect op Maat Chez Algudesign, tout est question de personnalisation. Nous pensons que chaque meuble raconte une histoire personnelle et doit s&rsquo;int\u00e9grer parfaitement \u00e0 votre espace et \u00e0 votre style. Des tables \u00e0 manger et armoires robustes aux tables d&rsquo;appoint et \u00e9tag\u00e8res murales \u00e9l\u00e9gantes, tous nos [&hellip;]<\/p>\n","protected":false},"author":1,"featured_media":8866,"parent":0,"menu_order":0,"comment_status":"closed","ping_status":"closed","template":"elementor_header_footer","meta":{"footnotes":""},"class_list":["post-9285","page","type-page","status-publish","has-post-thumbnail","hentry"],"yoast_head":"<!-- This site is optimized with the Yoast SEO plugin v27.3 - https:\/\/yoast.com\/product\/yoast-seo-wordpress\/ -->\n<title>Notre personnalisation - Des meubles uniques, parfaitement con\u00e7us sur mesure | Algu Design<\/title>\n<meta name=\"description\" content=\"Notre personnalisation - Des meubles uniques, parfaitement r\u00e9alis\u00e9s sur mesure. Nous pensons que chaque meuble raconte une histoire personnelle.\" \/>\n<meta name=\"robots\" content=\"index, follow, max-snippet:-1, max-image-preview:large, max-video-preview:-1\" \/>\n<link rel=\"canonical\" href=\"https:\/\/www.algudesign.be\/fr\/notre-personnalisation-des-meubles-uniques-parfaitement-concus-sur-mesure\/\" \/>\n<meta property=\"og:locale\" content=\"fr_FR\" \/>\n<meta property=\"og:type\" content=\"article\" \/>\n<meta property=\"og:title\" content=\"Notre personnalisation - Des meubles uniques, parfaitement con\u00e7us sur mesure | Algu Design\" \/>\n<meta property=\"og:description\" content=\"Notre personnalisation - Des meubles uniques, parfaitement r\u00e9alis\u00e9s sur mesure. Nous pensons que chaque meuble raconte une histoire personnelle.\" \/>\n<meta property=\"og:url\" content=\"https:\/\/www.algudesign.be\/fr\/notre-personnalisation-des-meubles-uniques-parfaitement-concus-sur-mesure\/\" \/>\n<meta property=\"og:site_name\" content=\"Algu Design\" \/>\n<meta property=\"article:modified_time\" content=\"2024-11-25T10:08:26+00:00\" \/>\n<meta property=\"og:image\" content=\"https:\/\/www.algudesign.be\/wp-content\/uploads\/2024\/11\/page-banner-workshop.png\" \/>\n\t<meta property=\"og:image:width\" content=\"1920\" \/>\n\t<meta property=\"og:image:height\" content=\"721\" \/>\n\t<meta property=\"og:image:type\" content=\"image\/png\" \/>\n<meta name=\"twitter:card\" content=\"summary_large_image\" \/>\n<meta name=\"twitter:label1\" content=\"Dur\u00e9e de lecture estim\u00e9e\" \/>\n\t<meta name=\"twitter:data1\" content=\"1 minute\" \/>\n<script type=\"application\/ld+json\" class=\"yoast-schema-graph\">{\"@context\":\"https:\\\/\\\/schema.org\",\"@graph\":[{\"@type\":\"WebPage\",\"@id\":\"https:\\\/\\\/www.algudesign.be\\\/fr\\\/notre-personnalisation-des-meubles-uniques-parfaitement-concus-sur-mesure\\\/\",\"url\":\"https:\\\/\\\/www.algudesign.be\\\/fr\\\/notre-personnalisation-des-meubles-uniques-parfaitement-concus-sur-mesure\\\/\",\"name\":\"Notre personnalisation - Des meubles uniques, parfaitement con\u00e7us sur mesure | Algu Design\",\"isPartOf\":{\"@id\":\"https:\\\/\\\/www.algudesign.be\\\/fr\\\/#website\"},\"primaryImageOfPage\":{\"@id\":\"https:\\\/\\\/www.algudesign.be\\\/fr\\\/notre-personnalisation-des-meubles-uniques-parfaitement-concus-sur-mesure\\\/#primaryimage\"},\"image\":{\"@id\":\"https:\\\/\\\/www.algudesign.be\\\/fr\\\/notre-personnalisation-des-meubles-uniques-parfaitement-concus-sur-mesure\\\/#primaryimage\"},\"thumbnailUrl\":\"https:\\\/\\\/www.algudesign.be\\\/wp-content\\\/uploads\\\/2024\\\/11\\\/page-banner-workshop.png\",\"datePublished\":\"2024-11-06T20:48:06+00:00\",\"dateModified\":\"2024-11-25T10:08:26+00:00\",\"description\":\"Notre personnalisation - Des meubles uniques, parfaitement r\u00e9alis\u00e9s sur mesure. Nous pensons que chaque meuble raconte une histoire personnelle.\",\"breadcrumb\":{\"@id\":\"https:\\\/\\\/www.algudesign.be\\\/fr\\\/notre-personnalisation-des-meubles-uniques-parfaitement-concus-sur-mesure\\\/#breadcrumb\"},\"inLanguage\":\"fr-FR\",\"potentialAction\":[{\"@type\":\"ReadAction\",\"target\":[\"https:\\\/\\\/www.algudesign.be\\\/fr\\\/notre-personnalisation-des-meubles-uniques-parfaitement-concus-sur-mesure\\\/\"]}]},{\"@type\":\"ImageObject\",\"inLanguage\":\"fr-FR\",\"@id\":\"https:\\\/\\\/www.algudesign.be\\\/fr\\\/notre-personnalisation-des-meubles-uniques-parfaitement-concus-sur-mesure\\\/#primaryimage\",\"url\":\"https:\\\/\\\/www.algudesign.be\\\/wp-content\\\/uploads\\\/2024\\\/11\\\/page-banner-workshop.png\",\"contentUrl\":\"https:\\\/\\\/www.algudesign.be\\\/wp-content\\\/uploads\\\/2024\\\/11\\\/page-banner-workshop.png\",\"width\":1920,\"height\":721},{\"@type\":\"BreadcrumbList\",\"@id\":\"https:\\\/\\\/www.algudesign.be\\\/fr\\\/notre-personnalisation-des-meubles-uniques-parfaitement-concus-sur-mesure\\\/#breadcrumb\",\"itemListElement\":[{\"@type\":\"ListItem\",\"position\":1,\"name\":\"Home\",\"item\":\"https:\\\/\\\/www.algudesign.be\\\/fr\\\/algu-design-est-fait-sur-mesure-pour-vous\\\/\"},{\"@type\":\"ListItem\",\"position\":2,\"name\":\"Notre personnalisation &#8211; Des meubles uniques, parfaitement con\u00e7us sur mesure\"}]},{\"@type\":\"WebSite\",\"@id\":\"https:\\\/\\\/www.algudesign.be\\\/fr\\\/#website\",\"url\":\"https:\\\/\\\/www.algudesign.be\\\/fr\\\/\",\"name\":\"Algu Design\",\"description\":\"Algu Design is uw meerwaarde!\",\"publisher\":{\"@id\":\"https:\\\/\\\/www.algudesign.be\\\/fr\\\/#organization\"},\"potentialAction\":[{\"@type\":\"SearchAction\",\"target\":{\"@type\":\"EntryPoint\",\"urlTemplate\":\"https:\\\/\\\/www.algudesign.be\\\/fr\\\/?s={search_term_string}\"},\"query-input\":{\"@type\":\"PropertyValueSpecification\",\"valueRequired\":true,\"valueName\":\"search_term_string\"}}],\"inLanguage\":\"fr-FR\"},{\"@type\":\"Organization\",\"@id\":\"https:\\\/\\\/www.algudesign.be\\\/fr\\\/#organization\",\"name\":\"Algu Design\",\"url\":\"https:\\\/\\\/www.algudesign.be\\\/fr\\\/\",\"logo\":{\"@type\":\"ImageObject\",\"inLanguage\":\"fr-FR\",\"@id\":\"https:\\\/\\\/www.algudesign.be\\\/fr\\\/#\\\/schema\\\/logo\\\/image\\\/\",\"url\":\"https:\\\/\\\/www.algudesign.be\\\/wp-content\\\/uploads\\\/2024\\\/10\\\/cropped-logo_vertical_color.png\",\"contentUrl\":\"https:\\\/\\\/www.algudesign.be\\\/wp-content\\\/uploads\\\/2024\\\/10\\\/cropped-logo_vertical_color.png\",\"width\":208,\"height\":80,\"caption\":\"Algu Design\"},\"image\":{\"@id\":\"https:\\\/\\\/www.algudesign.be\\\/fr\\\/#\\\/schema\\\/logo\\\/image\\\/\"}}]}<\/script>\n<!-- \/ Yoast SEO plugin. -->","yoast_head_json":{"title":"Notre personnalisation - Des meubles uniques, parfaitement con\u00e7us sur mesure | Algu Design","description":"Notre personnalisation - Des meubles uniques, parfaitement r\u00e9alis\u00e9s sur mesure. Nous pensons que chaque meuble raconte une histoire personnelle.","robots":{"index":"index","follow":"follow","max-snippet":"max-snippet:-1","max-image-preview":"max-image-preview:large","max-video-preview":"max-video-preview:-1"},"canonical":"https:\/\/www.algudesign.be\/fr\/notre-personnalisation-des-meubles-uniques-parfaitement-concus-sur-mesure\/","og_locale":"fr_FR","og_type":"article","og_title":"Notre personnalisation - Des meubles uniques, parfaitement con\u00e7us sur mesure | Algu Design","og_description":"Notre personnalisation - Des meubles uniques, parfaitement r\u00e9alis\u00e9s sur mesure. Nous pensons que chaque meuble raconte une histoire personnelle.","og_url":"https:\/\/www.algudesign.be\/fr\/notre-personnalisation-des-meubles-uniques-parfaitement-concus-sur-mesure\/","og_site_name":"Algu Design","article_modified_time":"2024-11-25T10:08:26+00:00","og_image":[{"width":1920,"height":721,"url":"https:\/\/www.algudesign.be\/wp-content\/uploads\/2024\/11\/page-banner-workshop.png","type":"image\/png"}],"twitter_card":"summary_large_image","twitter_misc":{"Dur\u00e9e de lecture estim\u00e9e":"1 minute"},"schema":{"@context":"https:\/\/schema.org","@graph":[{"@type":"WebPage","@id":"https:\/\/www.algudesign.be\/fr\/notre-personnalisation-des-meubles-uniques-parfaitement-concus-sur-mesure\/","url":"https:\/\/www.algudesign.be\/fr\/notre-personnalisation-des-meubles-uniques-parfaitement-concus-sur-mesure\/","name":"Notre personnalisation - Des meubles uniques, parfaitement con\u00e7us sur mesure | Algu Design","isPartOf":{"@id":"https:\/\/www.algudesign.be\/fr\/#website"},"primaryImageOfPage":{"@id":"https:\/\/www.algudesign.be\/fr\/notre-personnalisation-des-meubles-uniques-parfaitement-concus-sur-mesure\/#primaryimage"},"image":{"@id":"https:\/\/www.algudesign.be\/fr\/notre-personnalisation-des-meubles-uniques-parfaitement-concus-sur-mesure\/#primaryimage"},"thumbnailUrl":"https:\/\/www.algudesign.be\/wp-content\/uploads\/2024\/11\/page-banner-workshop.png","datePublished":"2024-11-06T20:48:06+00:00","dateModified":"2024-11-25T10:08:26+00:00","description":"Notre personnalisation - Des meubles uniques, parfaitement r\u00e9alis\u00e9s sur mesure. Nous pensons que chaque meuble raconte une histoire personnelle.","breadcrumb":{"@id":"https:\/\/www.algudesign.be\/fr\/notre-personnalisation-des-meubles-uniques-parfaitement-concus-sur-mesure\/#breadcrumb"},"inLanguage":"fr-FR","potentialAction":[{"@type":"ReadAction","target":["https:\/\/www.algudesign.be\/fr\/notre-personnalisation-des-meubles-uniques-parfaitement-concus-sur-mesure\/"]}]},{"@type":"ImageObject","inLanguage":"fr-FR","@id":"https:\/\/www.algudesign.be\/fr\/notre-personnalisation-des-meubles-uniques-parfaitement-concus-sur-mesure\/#primaryimage","url":"https:\/\/www.algudesign.be\/wp-content\/uploads\/2024\/11\/page-banner-workshop.png","contentUrl":"https:\/\/www.algudesign.be\/wp-content\/uploads\/2024\/11\/page-banner-workshop.png","width":1920,"height":721},{"@type":"BreadcrumbList","@id":"https:\/\/www.algudesign.be\/fr\/notre-personnalisation-des-meubles-uniques-parfaitement-concus-sur-mesure\/#breadcrumb","itemListElement":[{"@type":"ListItem","position":1,"name":"Home","item":"https:\/\/www.algudesign.be\/fr\/algu-design-est-fait-sur-mesure-pour-vous\/"},{"@type":"ListItem","position":2,"name":"Notre personnalisation &#8211; Des meubles uniques, parfaitement con\u00e7us sur mesure"}]},{"@type":"WebSite","@id":"https:\/\/www.algudesign.be\/fr\/#website","url":"https:\/\/www.algudesign.be\/fr\/","name":"Algu Design","description":"Algu Design is uw meerwaarde!","publisher":{"@id":"https:\/\/www.algudesign.be\/fr\/#organization"},"potentialAction":[{"@type":"SearchAction","target":{"@type":"EntryPoint","urlTemplate":"https:\/\/www.algudesign.be\/fr\/?s={search_term_string}"},"query-input":{"@type":"PropertyValueSpecification","valueRequired":true,"valueName":"search_term_string"}}],"inLanguage":"fr-FR"},{"@type":"Organization","@id":"https:\/\/www.algudesign.be\/fr\/#organization","name":"Algu Design","url":"https:\/\/www.algudesign.be\/fr\/","logo":{"@type":"ImageObject","inLanguage":"fr-FR","@id":"https:\/\/www.algudesign.be\/fr\/#\/schema\/logo\/image\/","url":"https:\/\/www.algudesign.be\/wp-content\/uploads\/2024\/10\/cropped-logo_vertical_color.png","contentUrl":"https:\/\/www.algudesign.be\/wp-content\/uploads\/2024\/10\/cropped-logo_vertical_color.png","width":208,"height":80,"caption":"Algu Design"},"image":{"@id":"https:\/\/www.algudesign.be\/fr\/#\/schema\/logo\/image\/"}}]}},"_links":{"self":[{"href":"https:\/\/www.algudesign.be\/fr\/wp-json\/wp\/v2\/pages\/9285","targetHints":{"allow":["GET"]}}],"collection":[{"href":"https:\/\/www.algudesign.be\/fr\/wp-json\/wp\/v2\/pages"}],"about":[{"href":"https:\/\/www.algudesign.be\/fr\/wp-json\/wp\/v2\/types\/page"}],"author":[{"embeddable":true,"href":"https:\/\/www.algudesign.be\/fr\/wp-json\/wp\/v2\/users\/1"}],"replies":[{"embeddable":true,"href":"https:\/\/www.algudesign.be\/fr\/wp-json\/wp\/v2\/comments?post=9285"}],"version-history":[{"count":1,"href":"https:\/\/www.algudesign.be\/fr\/wp-json\/wp\/v2\/pages\/9285\/revisions"}],"predecessor-version":[{"id":9286,"href":"https:\/\/www.algudesign.be\/fr\/wp-json\/wp\/v2\/pages\/9285\/revisions\/9286"}],"wp:featuredmedia":[{"embeddable":true,"href":"https:\/\/www.algudesign.be\/fr\/wp-json\/wp\/v2\/media\/8866"}],"wp:attachment":[{"href":"https:\/\/www.algudesign.be\/fr\/wp-json\/wp\/v2\/media?parent=9285"}],"curies":[{"name":"wp","href":"https:\/\/api.w.org\/{rel}","templated":true}]}}