{"id":9283,"date":"2024-11-06T21:38:12","date_gmt":"2024-11-06T20:38:12","guid":{"rendered":"https:\/\/algudesign.be\/notre-atelier-lartisanat-fait-maison\/"},"modified":"2024-11-25T11:08:07","modified_gmt":"2024-11-25T10:08:07","slug":"notre-atelier-lartisanat-fait-maison","status":"publish","type":"page","link":"https:\/\/www.algudesign.be\/fr\/notre-atelier-lartisanat-fait-maison\/","title":{"rendered":"Notre atelier &#8211; L&rsquo;artisanat fait maison"},"content":{"rendered":"\t\t<div data-elementor-type=\"wp-page\" data-elementor-id=\"9283\" class=\"elementor elementor-9283 elementor-8641\">\n\t\t\t\t\t\t<section class=\"elementor-section elementor-top-section elementor-element elementor-element-60f8e62245761 g5core__el-width-1750 elementor-section-stretched elementor-section-boxed elementor-section-height-default elementor-section-height-default elementor-invisible\" data-id=\"60f8e62245761\" data-element_type=\"section\" data-e-type=\"section\" data-settings=\"{&quot;background_background&quot;:&quot;classic&quot;,&quot;stretch_section&quot;:&quot;section-stretched&quot;,&quot;animation&quot;:&quot;fadeIn&quot;}\">\n\t\t\t\t\t\t\t<div class=\"elementor-background-overlay\"><\/div>\n\t\t\t\t\t\t\t<div class=\"elementor-container elementor-column-gap-default\">\n\t\t\t\t\t<div class=\"elementor-column elementor-col-100 elementor-top-column elementor-element elementor-element-f16eee3\" data-id=\"f16eee3\" data-element_type=\"column\" data-e-type=\"column\">\n\t\t\t<div class=\"elementor-widget-wrap elementor-element-populated\">\n\t\t\t\t\t\t<div class=\"elementor-element elementor-element-49896d2 elementor-invisible elementor-widget elementor-widget-ube-heading\" data-id=\"49896d2\" data-element_type=\"widget\" data-e-type=\"widget\" data-settings=\"{&quot;_animation&quot;:&quot;fadeInUp&quot;,&quot;_animation_delay&quot;:100}\" data-widget_type=\"ube-heading.default\">\n\t\t\t\t<div class=\"elementor-widget-container\">\n\t\t\t\t\t<div class=\"ube-heading\">\n\t<h2 class=\"ube-heading-title\">Ons Atelier<\/h2><div class=\"ube-heading-description\"><p>Vakmanschap uit Eigen Huis<\/p><\/div><\/div>\t\t\t\t<\/div>\n\t\t\t\t<\/div>\n\t\t\t\t\t<\/div>\n\t\t<\/div>\n\t\t\t\t\t<\/div>\n\t\t<\/section>\n\t\t\t\t<section class=\"elementor-section elementor-top-section elementor-element elementor-element-60baf5f53357c elementor-section-boxed elementor-section-height-default elementor-section-height-default\" data-id=\"60baf5f53357c\" data-element_type=\"section\" data-e-type=\"section\">\n\t\t\t\t\t\t<div class=\"elementor-container elementor-column-gap-default\">\n\t\t\t\t\t<div class=\"elementor-column elementor-col-100 elementor-top-column elementor-element elementor-element-8e0f625\" data-id=\"8e0f625\" data-element_type=\"column\" data-e-type=\"column\">\n\t\t\t<div class=\"elementor-widget-wrap elementor-element-populated\">\n\t\t\t\t\t\t<section class=\"elementor-section elementor-inner-section elementor-element elementor-element-1083590 elementor-section-boxed elementor-section-height-default elementor-section-height-default\" data-id=\"1083590\" data-element_type=\"section\" data-e-type=\"section\">\n\t\t\t\t\t\t<div class=\"elementor-container elementor-column-gap-default\">\n\t\t\t\t\t<div class=\"elementor-column elementor-col-100 elementor-inner-column elementor-element elementor-element-0df2a80\" data-id=\"0df2a80\" data-element_type=\"column\" data-e-type=\"column\">\n\t\t\t<div class=\"elementor-widget-wrap elementor-element-populated\">\n\t\t\t\t\t\t<div class=\"elementor-element elementor-element-27a448c elementor-align-center elementor-widget elementor-widget-ube-heading\" data-id=\"27a448c\" data-element_type=\"widget\" data-e-type=\"widget\" data-widget_type=\"ube-heading.default\">\n\t\t\t\t<div class=\"elementor-widget-container\">\n\t\t\t\t\t<div class=\"ube-heading\">\n\t<h2 class=\"ube-heading-title\">Vakmanschap uit Eigen Huis<\/h2><\/div>\t\t\t\t<\/div>\n\t\t\t\t<\/div>\n\t\t\t\t<div class=\"elementor-element elementor-element-ca1f544 elementor-widget elementor-widget-text-editor\" data-id=\"ca1f544\" data-element_type=\"widget\" data-e-type=\"widget\" data-widget_type=\"text-editor.default\">\n\t\t\t\t<div class=\"elementor-widget-container\">\n\t\t\t\t\t\t\t\t\t<p>Notre atelier est le c\u0153ur d&rsquo;Algudesign. C&rsquo;est ici que les id\u00e9es prennent vie, que chaque meuble est fait \u00e0 la main et que chaque d\u00e9tail est travaill\u00e9 avec soin et attention. Chaque meuble est fabriqu\u00e9 du d\u00e9but \u00e0 la fin dans notre propre atelier. Nous travaillons exclusivement avec du ch\u00eane belge massif et du m\u00e9tal de haute qualit\u00e9 pour les pi\u00e8tements.  <\/p>\n<p>Nos artisans s&rsquo;engagent \u00e0 fournir la plus haute qualit\u00e9, en utilisant \u00e0 la fois des techniques traditionnelles et des technologies modernes. Chaque pi\u00e8ce est finie avec un rev\u00eatement durable \u00e0 deux composants pour les bases m\u00e9talliques et un rev\u00eatement protecteur incolore pour le bois, qui pr\u00e9serve l&rsquo;aspect naturel du bois et le prot\u00e8ge de l&rsquo;usure. Dans notre atelier, nous fabriquons des tables, des armoires, des tables basses, des tables d&rsquo;appoint, des \u00e9tag\u00e8res murales, des bureaux, des meubles d&rsquo;ext\u00e9rieur et bien d&rsquo;autres choses encore, le tout enti\u00e8rement personnalis\u00e9 et avec le souci du d\u00e9tail.  <\/p>\n\t\t\t\t\t\t\t\t<\/div>\n\t\t\t\t<\/div>\n\t\t\t\t\t<\/div>\n\t\t<\/div>\n\t\t\t\t\t<\/div>\n\t\t<\/section>\n\t\t\t\t<div class=\"elementor-element elementor-element-01893bd elementor-widget elementor-widget-image\" data-id=\"01893bd\" data-element_type=\"widget\" data-e-type=\"widget\" data-widget_type=\"image.default\">\n\t\t\t\t<div class=\"elementor-widget-container\">\n\t\t\t\t\t\t\t\t\t\t\t\t\t\t\t<img fetchpriority=\"high\" decoding=\"async\" width=\"800\" height=\"800\" src=\"https:\/\/www.algudesign.be\/wp-content\/uploads\/2021\/05\/product-05.jpg\" class=\"attachment-full size-full wp-image-8309\" alt=\"\" srcset=\"https:\/\/www.algudesign.be\/wp-content\/uploads\/2021\/05\/product-05.jpg 800w, https:\/\/www.algudesign.be\/wp-content\/uploads\/2021\/05\/product-05-300x300.jpg 300w, https:\/\/www.algudesign.be\/wp-content\/uploads\/2021\/05\/product-05-150x150.jpg 150w, https:\/\/www.algudesign.be\/wp-content\/uploads\/2021\/05\/product-05-768x768.jpg 768w, https:\/\/www.algudesign.be\/wp-content\/uploads\/2021\/05\/product-05-600x600.jpg 600w\" sizes=\"(max-width: 800px) 100vw, 800px\" \/>\t\t\t\t\t\t\t\t\t\t\t\t\t\t\t<\/div>\n\t\t\t\t<\/div>\n\t\t\t\t<section class=\"elementor-section elementor-inner-section elementor-element elementor-element-55c7af7 elementor-section-boxed elementor-section-height-default elementor-section-height-default\" data-id=\"55c7af7\" data-element_type=\"section\" data-e-type=\"section\">\n\t\t\t\t\t\t<div class=\"elementor-container elementor-column-gap-default\">\n\t\t\t\t\t<div class=\"elementor-column elementor-col-100 elementor-inner-column elementor-element elementor-element-b0bd983\" data-id=\"b0bd983\" data-element_type=\"column\" data-e-type=\"column\">\n\t\t\t<div class=\"elementor-widget-wrap elementor-element-populated\">\n\t\t\t\t\t\t<div class=\"elementor-element elementor-element-3058caf elementor-widget elementor-widget-text-editor\" data-id=\"3058caf\" data-element_type=\"widget\" data-e-type=\"widget\" data-widget_type=\"text-editor.default\">\n\t\t\t\t<div class=\"elementor-widget-container\">\n\t\t\t\t\t\t\t\t\t<p>Une visite de notre atelier montre comment nous d\u00e9veloppons nos meubles, de la premi\u00e8re id\u00e9e au dernier d\u00e9tail. Vous y d\u00e9couvrirez ce qu&rsquo;est le v\u00e9ritable artisanat belge et pourquoi un meuble d&rsquo;Algudesign est un ajout pr\u00e9cieux \u00e0 votre int\u00e9rieur. Notre atelier est le reflet de notre mission : fabriquer des meubles \u00e0 la fois fonctionnels et artistiques qui dureront toute une vie.  <\/p>\n\t\t\t\t\t\t\t\t<\/div>\n\t\t\t\t<\/div>\n\t\t\t\t\t<\/div>\n\t\t<\/div>\n\t\t\t\t\t<\/div>\n\t\t<\/section>\n\t\t\t\t\t<\/div>\n\t\t<\/div>\n\t\t\t\t\t<\/div>\n\t\t<\/section>\n\t\t\t\t<\/div>\n\t\t","protected":false},"excerpt":{"rendered":"<p>Ons Atelier Vakmanschap uit Eigen Huis Vakmanschap uit Eigen Huis Notre atelier est le c\u0153ur d&rsquo;Algudesign. C&rsquo;est ici que les id\u00e9es prennent vie, que chaque meuble est fait \u00e0 la main et que chaque d\u00e9tail est travaill\u00e9 avec soin et attention. Chaque meuble est fabriqu\u00e9 du d\u00e9but \u00e0 la fin dans notre propre atelier. Nous [&hellip;]<\/p>\n","protected":false},"author":1,"featured_media":8883,"parent":0,"menu_order":0,"comment_status":"closed","ping_status":"closed","template":"elementor_header_footer","meta":{"footnotes":""},"class_list":["post-9283","page","type-page","status-publish","has-post-thumbnail","hentry"],"yoast_head":"<!-- This site is optimized with the Yoast SEO plugin v27.3 - https:\/\/yoast.com\/product\/yoast-seo-wordpress\/ -->\n<title>Notre atelier - L&#039;artisanat fait maison | Algu Design<\/title>\n<meta name=\"description\" content=\"Notre atelier, l&#039;artisanat fait maison. Ici, les id\u00e9es prennent vie, tout est fait \u00e0 la main avec soin et qualit\u00e9.\" \/>\n<meta name=\"robots\" content=\"index, follow, max-snippet:-1, max-image-preview:large, max-video-preview:-1\" \/>\n<link rel=\"canonical\" href=\"https:\/\/www.algudesign.be\/fr\/notre-atelier-lartisanat-fait-maison\/\" \/>\n<meta property=\"og:locale\" content=\"fr_FR\" \/>\n<meta property=\"og:type\" content=\"article\" \/>\n<meta property=\"og:title\" content=\"Notre atelier - L&#039;artisanat fait maison | Algu Design\" \/>\n<meta property=\"og:description\" content=\"Notre atelier, l&#039;artisanat fait maison. Ici, les id\u00e9es prennent vie, tout est fait \u00e0 la main avec soin et qualit\u00e9.\" \/>\n<meta property=\"og:url\" content=\"https:\/\/www.algudesign.be\/fr\/notre-atelier-lartisanat-fait-maison\/\" \/>\n<meta property=\"og:site_name\" content=\"Algu Design\" \/>\n<meta property=\"article:modified_time\" content=\"2024-11-25T10:08:07+00:00\" \/>\n<meta property=\"og:image\" content=\"https:\/\/www.algudesign.be\/wp-content\/uploads\/2024\/11\/page-banner-workshoptool.png\" \/>\n\t<meta property=\"og:image:width\" content=\"1920\" \/>\n\t<meta property=\"og:image:height\" content=\"721\" \/>\n\t<meta property=\"og:image:type\" content=\"image\/png\" \/>\n<meta name=\"twitter:card\" content=\"summary_large_image\" \/>\n<meta name=\"twitter:label1\" content=\"Dur\u00e9e de lecture estim\u00e9e\" \/>\n\t<meta name=\"twitter:data1\" content=\"1 minute\" \/>\n<script type=\"application\/ld+json\" class=\"yoast-schema-graph\">{\"@context\":\"https:\\\/\\\/schema.org\",\"@graph\":[{\"@type\":\"WebPage\",\"@id\":\"https:\\\/\\\/www.algudesign.be\\\/fr\\\/notre-atelier-lartisanat-fait-maison\\\/\",\"url\":\"https:\\\/\\\/www.algudesign.be\\\/fr\\\/notre-atelier-lartisanat-fait-maison\\\/\",\"name\":\"Notre atelier - L'artisanat fait maison | Algu Design\",\"isPartOf\":{\"@id\":\"https:\\\/\\\/www.algudesign.be\\\/fr\\\/#website\"},\"primaryImageOfPage\":{\"@id\":\"https:\\\/\\\/www.algudesign.be\\\/fr\\\/notre-atelier-lartisanat-fait-maison\\\/#primaryimage\"},\"image\":{\"@id\":\"https:\\\/\\\/www.algudesign.be\\\/fr\\\/notre-atelier-lartisanat-fait-maison\\\/#primaryimage\"},\"thumbnailUrl\":\"https:\\\/\\\/www.algudesign.be\\\/wp-content\\\/uploads\\\/2024\\\/11\\\/page-banner-workshoptool.png\",\"datePublished\":\"2024-11-06T20:38:12+00:00\",\"dateModified\":\"2024-11-25T10:08:07+00:00\",\"description\":\"Notre atelier, l'artisanat fait maison. Ici, les id\u00e9es prennent vie, tout est fait \u00e0 la main avec soin et qualit\u00e9.\",\"breadcrumb\":{\"@id\":\"https:\\\/\\\/www.algudesign.be\\\/fr\\\/notre-atelier-lartisanat-fait-maison\\\/#breadcrumb\"},\"inLanguage\":\"fr-FR\",\"potentialAction\":[{\"@type\":\"ReadAction\",\"target\":[\"https:\\\/\\\/www.algudesign.be\\\/fr\\\/notre-atelier-lartisanat-fait-maison\\\/\"]}]},{\"@type\":\"ImageObject\",\"inLanguage\":\"fr-FR\",\"@id\":\"https:\\\/\\\/www.algudesign.be\\\/fr\\\/notre-atelier-lartisanat-fait-maison\\\/#primaryimage\",\"url\":\"https:\\\/\\\/www.algudesign.be\\\/wp-content\\\/uploads\\\/2024\\\/11\\\/page-banner-workshoptool.png\",\"contentUrl\":\"https:\\\/\\\/www.algudesign.be\\\/wp-content\\\/uploads\\\/2024\\\/11\\\/page-banner-workshoptool.png\",\"width\":1920,\"height\":721},{\"@type\":\"BreadcrumbList\",\"@id\":\"https:\\\/\\\/www.algudesign.be\\\/fr\\\/notre-atelier-lartisanat-fait-maison\\\/#breadcrumb\",\"itemListElement\":[{\"@type\":\"ListItem\",\"position\":1,\"name\":\"Home\",\"item\":\"https:\\\/\\\/www.algudesign.be\\\/fr\\\/algu-design-est-fait-sur-mesure-pour-vous\\\/\"},{\"@type\":\"ListItem\",\"position\":2,\"name\":\"Notre atelier &#8211; L&#8217;artisanat fait maison\"}]},{\"@type\":\"WebSite\",\"@id\":\"https:\\\/\\\/www.algudesign.be\\\/fr\\\/#website\",\"url\":\"https:\\\/\\\/www.algudesign.be\\\/fr\\\/\",\"name\":\"Algu Design\",\"description\":\"Algu Design is uw meerwaarde!\",\"publisher\":{\"@id\":\"https:\\\/\\\/www.algudesign.be\\\/fr\\\/#organization\"},\"potentialAction\":[{\"@type\":\"SearchAction\",\"target\":{\"@type\":\"EntryPoint\",\"urlTemplate\":\"https:\\\/\\\/www.algudesign.be\\\/fr\\\/?s={search_term_string}\"},\"query-input\":{\"@type\":\"PropertyValueSpecification\",\"valueRequired\":true,\"valueName\":\"search_term_string\"}}],\"inLanguage\":\"fr-FR\"},{\"@type\":\"Organization\",\"@id\":\"https:\\\/\\\/www.algudesign.be\\\/fr\\\/#organization\",\"name\":\"Algu Design\",\"url\":\"https:\\\/\\\/www.algudesign.be\\\/fr\\\/\",\"logo\":{\"@type\":\"ImageObject\",\"inLanguage\":\"fr-FR\",\"@id\":\"https:\\\/\\\/www.algudesign.be\\\/fr\\\/#\\\/schema\\\/logo\\\/image\\\/\",\"url\":\"https:\\\/\\\/www.algudesign.be\\\/wp-content\\\/uploads\\\/2024\\\/10\\\/cropped-logo_vertical_color.png\",\"contentUrl\":\"https:\\\/\\\/www.algudesign.be\\\/wp-content\\\/uploads\\\/2024\\\/10\\\/cropped-logo_vertical_color.png\",\"width\":208,\"height\":80,\"caption\":\"Algu Design\"},\"image\":{\"@id\":\"https:\\\/\\\/www.algudesign.be\\\/fr\\\/#\\\/schema\\\/logo\\\/image\\\/\"}}]}<\/script>\n<!-- \/ Yoast SEO plugin. -->","yoast_head_json":{"title":"Notre atelier - L'artisanat fait maison | Algu Design","description":"Notre atelier, l'artisanat fait maison. Ici, les id\u00e9es prennent vie, tout est fait \u00e0 la main avec soin et qualit\u00e9.","robots":{"index":"index","follow":"follow","max-snippet":"max-snippet:-1","max-image-preview":"max-image-preview:large","max-video-preview":"max-video-preview:-1"},"canonical":"https:\/\/www.algudesign.be\/fr\/notre-atelier-lartisanat-fait-maison\/","og_locale":"fr_FR","og_type":"article","og_title":"Notre atelier - L'artisanat fait maison | Algu Design","og_description":"Notre atelier, l'artisanat fait maison. Ici, les id\u00e9es prennent vie, tout est fait \u00e0 la main avec soin et qualit\u00e9.","og_url":"https:\/\/www.algudesign.be\/fr\/notre-atelier-lartisanat-fait-maison\/","og_site_name":"Algu Design","article_modified_time":"2024-11-25T10:08:07+00:00","og_image":[{"width":1920,"height":721,"url":"https:\/\/www.algudesign.be\/wp-content\/uploads\/2024\/11\/page-banner-workshoptool.png","type":"image\/png"}],"twitter_card":"summary_large_image","twitter_misc":{"Dur\u00e9e de lecture estim\u00e9e":"1 minute"},"schema":{"@context":"https:\/\/schema.org","@graph":[{"@type":"WebPage","@id":"https:\/\/www.algudesign.be\/fr\/notre-atelier-lartisanat-fait-maison\/","url":"https:\/\/www.algudesign.be\/fr\/notre-atelier-lartisanat-fait-maison\/","name":"Notre atelier - L'artisanat fait maison | Algu Design","isPartOf":{"@id":"https:\/\/www.algudesign.be\/fr\/#website"},"primaryImageOfPage":{"@id":"https:\/\/www.algudesign.be\/fr\/notre-atelier-lartisanat-fait-maison\/#primaryimage"},"image":{"@id":"https:\/\/www.algudesign.be\/fr\/notre-atelier-lartisanat-fait-maison\/#primaryimage"},"thumbnailUrl":"https:\/\/www.algudesign.be\/wp-content\/uploads\/2024\/11\/page-banner-workshoptool.png","datePublished":"2024-11-06T20:38:12+00:00","dateModified":"2024-11-25T10:08:07+00:00","description":"Notre atelier, l'artisanat fait maison. Ici, les id\u00e9es prennent vie, tout est fait \u00e0 la main avec soin et qualit\u00e9.","breadcrumb":{"@id":"https:\/\/www.algudesign.be\/fr\/notre-atelier-lartisanat-fait-maison\/#breadcrumb"},"inLanguage":"fr-FR","potentialAction":[{"@type":"ReadAction","target":["https:\/\/www.algudesign.be\/fr\/notre-atelier-lartisanat-fait-maison\/"]}]},{"@type":"ImageObject","inLanguage":"fr-FR","@id":"https:\/\/www.algudesign.be\/fr\/notre-atelier-lartisanat-fait-maison\/#primaryimage","url":"https:\/\/www.algudesign.be\/wp-content\/uploads\/2024\/11\/page-banner-workshoptool.png","contentUrl":"https:\/\/www.algudesign.be\/wp-content\/uploads\/2024\/11\/page-banner-workshoptool.png","width":1920,"height":721},{"@type":"BreadcrumbList","@id":"https:\/\/www.algudesign.be\/fr\/notre-atelier-lartisanat-fait-maison\/#breadcrumb","itemListElement":[{"@type":"ListItem","position":1,"name":"Home","item":"https:\/\/www.algudesign.be\/fr\/algu-design-est-fait-sur-mesure-pour-vous\/"},{"@type":"ListItem","position":2,"name":"Notre atelier &#8211; L&#8217;artisanat fait maison"}]},{"@type":"WebSite","@id":"https:\/\/www.algudesign.be\/fr\/#website","url":"https:\/\/www.algudesign.be\/fr\/","name":"Algu Design","description":"Algu Design is uw meerwaarde!","publisher":{"@id":"https:\/\/www.algudesign.be\/fr\/#organization"},"potentialAction":[{"@type":"SearchAction","target":{"@type":"EntryPoint","urlTemplate":"https:\/\/www.algudesign.be\/fr\/?s={search_term_string}"},"query-input":{"@type":"PropertyValueSpecification","valueRequired":true,"valueName":"search_term_string"}}],"inLanguage":"fr-FR"},{"@type":"Organization","@id":"https:\/\/www.algudesign.be\/fr\/#organization","name":"Algu Design","url":"https:\/\/www.algudesign.be\/fr\/","logo":{"@type":"ImageObject","inLanguage":"fr-FR","@id":"https:\/\/www.algudesign.be\/fr\/#\/schema\/logo\/image\/","url":"https:\/\/www.algudesign.be\/wp-content\/uploads\/2024\/10\/cropped-logo_vertical_color.png","contentUrl":"https:\/\/www.algudesign.be\/wp-content\/uploads\/2024\/10\/cropped-logo_vertical_color.png","width":208,"height":80,"caption":"Algu Design"},"image":{"@id":"https:\/\/www.algudesign.be\/fr\/#\/schema\/logo\/image\/"}}]}},"_links":{"self":[{"href":"https:\/\/www.algudesign.be\/fr\/wp-json\/wp\/v2\/pages\/9283","targetHints":{"allow":["GET"]}}],"collection":[{"href":"https:\/\/www.algudesign.be\/fr\/wp-json\/wp\/v2\/pages"}],"about":[{"href":"https:\/\/www.algudesign.be\/fr\/wp-json\/wp\/v2\/types\/page"}],"author":[{"embeddable":true,"href":"https:\/\/www.algudesign.be\/fr\/wp-json\/wp\/v2\/users\/1"}],"replies":[{"embeddable":true,"href":"https:\/\/www.algudesign.be\/fr\/wp-json\/wp\/v2\/comments?post=9283"}],"version-history":[{"count":1,"href":"https:\/\/www.algudesign.be\/fr\/wp-json\/wp\/v2\/pages\/9283\/revisions"}],"predecessor-version":[{"id":9284,"href":"https:\/\/www.algudesign.be\/fr\/wp-json\/wp\/v2\/pages\/9283\/revisions\/9284"}],"wp:featuredmedia":[{"embeddable":true,"href":"https:\/\/www.algudesign.be\/fr\/wp-json\/wp\/v2\/media\/8883"}],"wp:attachment":[{"href":"https:\/\/www.algudesign.be\/fr\/wp-json\/wp\/v2\/media?parent=9283"}],"curies":[{"name":"wp","href":"https:\/\/api.w.org\/{rel}","templated":true}]}}