{"id":9039,"date":"2024-11-12T23:44:42","date_gmt":"2024-11-12T22:44:42","guid":{"rendered":"https:\/\/algudesign.be\/page-non-trouvee\/"},"modified":"2024-11-12T23:56:59","modified_gmt":"2024-11-12T22:56:59","slug":"page-non-trouvee","status":"publish","type":"page","link":"https:\/\/www.algudesign.be\/fr\/page-non-trouvee\/","title":{"rendered":"Page non trouv\u00e9e"},"content":{"rendered":"\t\t<div data-elementor-type=\"wp-page\" data-elementor-id=\"9039\" class=\"elementor elementor-9039 elementor-9022\">\n\t\t\t\t\t\t<section class=\"elementor-section elementor-top-section elementor-element elementor-element-60baf5f53357c elementor-section-boxed elementor-section-height-default elementor-section-height-default\" data-id=\"60baf5f53357c\" data-element_type=\"section\" data-e-type=\"section\">\n\t\t\t\t\t\t<div class=\"elementor-container elementor-column-gap-default\">\n\t\t\t\t\t<div class=\"elementor-column elementor-col-100 elementor-top-column elementor-element elementor-element-8e0f625\" data-id=\"8e0f625\" data-element_type=\"column\" data-e-type=\"column\">\n\t\t\t<div class=\"elementor-widget-wrap elementor-element-populated\">\n\t\t\t\t\t\t<section class=\"elementor-section elementor-inner-section elementor-element elementor-element-1083590 elementor-section-boxed elementor-section-height-default elementor-section-height-default\" data-id=\"1083590\" data-element_type=\"section\" data-e-type=\"section\">\n\t\t\t\t\t\t<div class=\"elementor-container elementor-column-gap-default\">\n\t\t\t\t\t<div class=\"elementor-column elementor-col-100 elementor-inner-column elementor-element elementor-element-0df2a80\" data-id=\"0df2a80\" data-element_type=\"column\" data-e-type=\"column\">\n\t\t\t<div class=\"elementor-widget-wrap elementor-element-populated\">\n\t\t\t\t\t\t<div class=\"elementor-element elementor-element-27a448c elementor-align-center elementor-widget elementor-widget-ube-heading\" data-id=\"27a448c\" data-element_type=\"widget\" data-e-type=\"widget\" data-widget_type=\"ube-heading.default\">\n\t\t\t\t<div class=\"elementor-widget-container\">\n\t\t\t\t\t<div class=\"ube-heading\">\n\t<h2 class=\"ube-heading-title\">Page non trouv\u00e9e<\/h2><\/div>\t\t\t\t<\/div>\n\t\t\t\t<\/div>\n\t\t\t\t<div class=\"elementor-element elementor-element-ca1f544 elementor-widget elementor-widget-text-editor\" data-id=\"ca1f544\" data-element_type=\"widget\" data-e-type=\"widget\" data-widget_type=\"text-editor.default\">\n\t\t\t\t<div class=\"elementor-widget-container\">\n\t\t\t\t\t\t\t\t\t<p>Comme pour la fabrication de meubles sur mesure, nous visons la perfection, mais il arrive que les choses se passent diff\u00e9remment de ce qui \u00e9tait pr\u00e9vu. La page ou la requ\u00eate que vous recherchez ne semble pas exister ou a peut-\u00eatre \u00e9t\u00e9 d\u00e9plac\u00e9e. <\/p>\n<p>Vous voulez encore aller plus loin ? Retournez \u00e0 la <a href=\"\/\">page d&rsquo;accueil<\/a> ou explorez notre <a href=\"\/shop\/\">collection<\/a> pour trouver l&rsquo;inspiration pour votre prochain projet. <\/p>\n<p>Vous avez des questions ou nous pouvons vous aider ? N&rsquo;h\u00e9sitez pas \u00e0 nous <a href=\"https:\/\/algudesign.be\/contact\/\">contacter<\/a>. Nous sommes \u00e0 votre service !  <\/p>\t\t\t\t\t\t\t\t<\/div>\n\t\t\t\t<\/div>\n\t\t\t\t\t<\/div>\n\t\t<\/div>\n\t\t\t\t\t<\/div>\n\t\t<\/section>\n\t\t\t\t\t<\/div>\n\t\t<\/div>\n\t\t\t\t\t<\/div>\n\t\t<\/section>\n\t\t\t\t<\/div>\n\t\t","protected":false},"excerpt":{"rendered":"<p>Page non trouv\u00e9e Comme pour la fabrication de meubles sur mesure, nous visons la perfection, mais il arrive que les choses se passent diff\u00e9remment de ce qui \u00e9tait pr\u00e9vu. La page ou la requ\u00eate que vous recherchez ne semble pas exister ou a peut-\u00eatre \u00e9t\u00e9 d\u00e9plac\u00e9e. Vous voulez encore aller plus loin ? Retournez \u00e0 [&hellip;]<\/p>\n","protected":false},"author":1,"featured_media":8883,"parent":0,"menu_order":0,"comment_status":"closed","ping_status":"closed","template":"elementor_header_footer","meta":{"footnotes":""},"class_list":["post-9039","page","type-page","status-publish","has-post-thumbnail","hentry"],"yoast_head":"<!-- This site is optimized with the Yoast SEO plugin v27.3 - https:\/\/yoast.com\/product\/yoast-seo-wordpress\/ -->\n<title>Page non trouv\u00e9e | Algu Design<\/title>\n<meta name=\"description\" content=\"Page introuvableOops ! Il semble que cette page n&#039;existe pas. N&#039;h\u00e9sitez pas \u00e0 nous contacter. Nous nous ferons un plaisir de vous aider !\" \/>\n<meta name=\"robots\" content=\"index, follow, max-snippet:-1, max-image-preview:large, max-video-preview:-1\" \/>\n<link rel=\"canonical\" href=\"https:\/\/www.algudesign.be\/fr\/page-non-trouvee\/\" \/>\n<meta property=\"og:locale\" content=\"fr_FR\" \/>\n<meta property=\"og:type\" content=\"article\" \/>\n<meta property=\"og:title\" content=\"Page non trouv\u00e9e | Algu Design\" \/>\n<meta property=\"og:description\" content=\"Page introuvableOops ! Il semble que cette page n&#039;existe pas. N&#039;h\u00e9sitez pas \u00e0 nous contacter. Nous nous ferons un plaisir de vous aider !\" \/>\n<meta property=\"og:url\" content=\"https:\/\/www.algudesign.be\/fr\/page-non-trouvee\/\" \/>\n<meta property=\"og:site_name\" content=\"Algu Design\" \/>\n<meta property=\"article:modified_time\" content=\"2024-11-12T22:56:59+00:00\" \/>\n<meta property=\"og:image\" content=\"https:\/\/www.algudesign.be\/wp-content\/uploads\/2024\/11\/page-banner-workshoptool.png\" \/>\n\t<meta property=\"og:image:width\" content=\"1920\" \/>\n\t<meta property=\"og:image:height\" content=\"721\" \/>\n\t<meta property=\"og:image:type\" content=\"image\/png\" \/>\n<meta name=\"twitter:card\" content=\"summary_large_image\" \/>\n<meta name=\"twitter:label1\" content=\"Dur\u00e9e de lecture estim\u00e9e\" \/>\n\t<meta name=\"twitter:data1\" content=\"1 minute\" \/>\n<script type=\"application\/ld+json\" class=\"yoast-schema-graph\">{\"@context\":\"https:\\\/\\\/schema.org\",\"@graph\":[{\"@type\":\"WebPage\",\"@id\":\"https:\\\/\\\/www.algudesign.be\\\/fr\\\/page-non-trouvee\\\/\",\"url\":\"https:\\\/\\\/www.algudesign.be\\\/fr\\\/page-non-trouvee\\\/\",\"name\":\"Page non trouv\u00e9e | Algu Design\",\"isPartOf\":{\"@id\":\"https:\\\/\\\/www.algudesign.be\\\/fr\\\/#website\"},\"primaryImageOfPage\":{\"@id\":\"https:\\\/\\\/www.algudesign.be\\\/fr\\\/page-non-trouvee\\\/#primaryimage\"},\"image\":{\"@id\":\"https:\\\/\\\/www.algudesign.be\\\/fr\\\/page-non-trouvee\\\/#primaryimage\"},\"thumbnailUrl\":\"https:\\\/\\\/www.algudesign.be\\\/wp-content\\\/uploads\\\/2024\\\/11\\\/page-banner-workshoptool.png\",\"datePublished\":\"2024-11-12T22:44:42+00:00\",\"dateModified\":\"2024-11-12T22:56:59+00:00\",\"description\":\"Page introuvableOops ! Il semble que cette page n'existe pas. N'h\u00e9sitez pas \u00e0 nous contacter. Nous nous ferons un plaisir de vous aider !\",\"breadcrumb\":{\"@id\":\"https:\\\/\\\/www.algudesign.be\\\/fr\\\/page-non-trouvee\\\/#breadcrumb\"},\"inLanguage\":\"fr-FR\",\"potentialAction\":[{\"@type\":\"ReadAction\",\"target\":[\"https:\\\/\\\/www.algudesign.be\\\/fr\\\/page-non-trouvee\\\/\"]}]},{\"@type\":\"ImageObject\",\"inLanguage\":\"fr-FR\",\"@id\":\"https:\\\/\\\/www.algudesign.be\\\/fr\\\/page-non-trouvee\\\/#primaryimage\",\"url\":\"https:\\\/\\\/www.algudesign.be\\\/wp-content\\\/uploads\\\/2024\\\/11\\\/page-banner-workshoptool.png\",\"contentUrl\":\"https:\\\/\\\/www.algudesign.be\\\/wp-content\\\/uploads\\\/2024\\\/11\\\/page-banner-workshoptool.png\",\"width\":1920,\"height\":721},{\"@type\":\"BreadcrumbList\",\"@id\":\"https:\\\/\\\/www.algudesign.be\\\/fr\\\/page-non-trouvee\\\/#breadcrumb\",\"itemListElement\":[{\"@type\":\"ListItem\",\"position\":1,\"name\":\"Home\",\"item\":\"https:\\\/\\\/www.algudesign.be\\\/fr\\\/algu-design-est-fait-sur-mesure-pour-vous\\\/\"},{\"@type\":\"ListItem\",\"position\":2,\"name\":\"Page non trouv\u00e9e\"}]},{\"@type\":\"WebSite\",\"@id\":\"https:\\\/\\\/www.algudesign.be\\\/fr\\\/#website\",\"url\":\"https:\\\/\\\/www.algudesign.be\\\/fr\\\/\",\"name\":\"Algu Design\",\"description\":\"Algu Design is uw meerwaarde!\",\"publisher\":{\"@id\":\"https:\\\/\\\/www.algudesign.be\\\/fr\\\/#organization\"},\"potentialAction\":[{\"@type\":\"SearchAction\",\"target\":{\"@type\":\"EntryPoint\",\"urlTemplate\":\"https:\\\/\\\/www.algudesign.be\\\/fr\\\/?s={search_term_string}\"},\"query-input\":{\"@type\":\"PropertyValueSpecification\",\"valueRequired\":true,\"valueName\":\"search_term_string\"}}],\"inLanguage\":\"fr-FR\"},{\"@type\":\"Organization\",\"@id\":\"https:\\\/\\\/www.algudesign.be\\\/fr\\\/#organization\",\"name\":\"Algu Design\",\"url\":\"https:\\\/\\\/www.algudesign.be\\\/fr\\\/\",\"logo\":{\"@type\":\"ImageObject\",\"inLanguage\":\"fr-FR\",\"@id\":\"https:\\\/\\\/www.algudesign.be\\\/fr\\\/#\\\/schema\\\/logo\\\/image\\\/\",\"url\":\"https:\\\/\\\/www.algudesign.be\\\/wp-content\\\/uploads\\\/2024\\\/10\\\/cropped-logo_vertical_color.png\",\"contentUrl\":\"https:\\\/\\\/www.algudesign.be\\\/wp-content\\\/uploads\\\/2024\\\/10\\\/cropped-logo_vertical_color.png\",\"width\":208,\"height\":80,\"caption\":\"Algu Design\"},\"image\":{\"@id\":\"https:\\\/\\\/www.algudesign.be\\\/fr\\\/#\\\/schema\\\/logo\\\/image\\\/\"}}]}<\/script>\n<!-- \/ Yoast SEO plugin. -->","yoast_head_json":{"title":"Page non trouv\u00e9e | Algu Design","description":"Page introuvableOops ! Il semble que cette page n'existe pas. N'h\u00e9sitez pas \u00e0 nous contacter. Nous nous ferons un plaisir de vous aider !","robots":{"index":"index","follow":"follow","max-snippet":"max-snippet:-1","max-image-preview":"max-image-preview:large","max-video-preview":"max-video-preview:-1"},"canonical":"https:\/\/www.algudesign.be\/fr\/page-non-trouvee\/","og_locale":"fr_FR","og_type":"article","og_title":"Page non trouv\u00e9e | Algu Design","og_description":"Page introuvableOops ! Il semble que cette page n'existe pas. N'h\u00e9sitez pas \u00e0 nous contacter. Nous nous ferons un plaisir de vous aider !","og_url":"https:\/\/www.algudesign.be\/fr\/page-non-trouvee\/","og_site_name":"Algu Design","article_modified_time":"2024-11-12T22:56:59+00:00","og_image":[{"width":1920,"height":721,"url":"https:\/\/www.algudesign.be\/wp-content\/uploads\/2024\/11\/page-banner-workshoptool.png","type":"image\/png"}],"twitter_card":"summary_large_image","twitter_misc":{"Dur\u00e9e de lecture estim\u00e9e":"1 minute"},"schema":{"@context":"https:\/\/schema.org","@graph":[{"@type":"WebPage","@id":"https:\/\/www.algudesign.be\/fr\/page-non-trouvee\/","url":"https:\/\/www.algudesign.be\/fr\/page-non-trouvee\/","name":"Page non trouv\u00e9e | Algu Design","isPartOf":{"@id":"https:\/\/www.algudesign.be\/fr\/#website"},"primaryImageOfPage":{"@id":"https:\/\/www.algudesign.be\/fr\/page-non-trouvee\/#primaryimage"},"image":{"@id":"https:\/\/www.algudesign.be\/fr\/page-non-trouvee\/#primaryimage"},"thumbnailUrl":"https:\/\/www.algudesign.be\/wp-content\/uploads\/2024\/11\/page-banner-workshoptool.png","datePublished":"2024-11-12T22:44:42+00:00","dateModified":"2024-11-12T22:56:59+00:00","description":"Page introuvableOops ! Il semble que cette page n'existe pas. N'h\u00e9sitez pas \u00e0 nous contacter. Nous nous ferons un plaisir de vous aider !","breadcrumb":{"@id":"https:\/\/www.algudesign.be\/fr\/page-non-trouvee\/#breadcrumb"},"inLanguage":"fr-FR","potentialAction":[{"@type":"ReadAction","target":["https:\/\/www.algudesign.be\/fr\/page-non-trouvee\/"]}]},{"@type":"ImageObject","inLanguage":"fr-FR","@id":"https:\/\/www.algudesign.be\/fr\/page-non-trouvee\/#primaryimage","url":"https:\/\/www.algudesign.be\/wp-content\/uploads\/2024\/11\/page-banner-workshoptool.png","contentUrl":"https:\/\/www.algudesign.be\/wp-content\/uploads\/2024\/11\/page-banner-workshoptool.png","width":1920,"height":721},{"@type":"BreadcrumbList","@id":"https:\/\/www.algudesign.be\/fr\/page-non-trouvee\/#breadcrumb","itemListElement":[{"@type":"ListItem","position":1,"name":"Home","item":"https:\/\/www.algudesign.be\/fr\/algu-design-est-fait-sur-mesure-pour-vous\/"},{"@type":"ListItem","position":2,"name":"Page non trouv\u00e9e"}]},{"@type":"WebSite","@id":"https:\/\/www.algudesign.be\/fr\/#website","url":"https:\/\/www.algudesign.be\/fr\/","name":"Algu Design","description":"Algu Design is uw meerwaarde!","publisher":{"@id":"https:\/\/www.algudesign.be\/fr\/#organization"},"potentialAction":[{"@type":"SearchAction","target":{"@type":"EntryPoint","urlTemplate":"https:\/\/www.algudesign.be\/fr\/?s={search_term_string}"},"query-input":{"@type":"PropertyValueSpecification","valueRequired":true,"valueName":"search_term_string"}}],"inLanguage":"fr-FR"},{"@type":"Organization","@id":"https:\/\/www.algudesign.be\/fr\/#organization","name":"Algu Design","url":"https:\/\/www.algudesign.be\/fr\/","logo":{"@type":"ImageObject","inLanguage":"fr-FR","@id":"https:\/\/www.algudesign.be\/fr\/#\/schema\/logo\/image\/","url":"https:\/\/www.algudesign.be\/wp-content\/uploads\/2024\/10\/cropped-logo_vertical_color.png","contentUrl":"https:\/\/www.algudesign.be\/wp-content\/uploads\/2024\/10\/cropped-logo_vertical_color.png","width":208,"height":80,"caption":"Algu Design"},"image":{"@id":"https:\/\/www.algudesign.be\/fr\/#\/schema\/logo\/image\/"}}]}},"_links":{"self":[{"href":"https:\/\/www.algudesign.be\/fr\/wp-json\/wp\/v2\/pages\/9039","targetHints":{"allow":["GET"]}}],"collection":[{"href":"https:\/\/www.algudesign.be\/fr\/wp-json\/wp\/v2\/pages"}],"about":[{"href":"https:\/\/www.algudesign.be\/fr\/wp-json\/wp\/v2\/types\/page"}],"author":[{"embeddable":true,"href":"https:\/\/www.algudesign.be\/fr\/wp-json\/wp\/v2\/users\/1"}],"replies":[{"embeddable":true,"href":"https:\/\/www.algudesign.be\/fr\/wp-json\/wp\/v2\/comments?post=9039"}],"version-history":[{"count":4,"href":"https:\/\/www.algudesign.be\/fr\/wp-json\/wp\/v2\/pages\/9039\/revisions"}],"predecessor-version":[{"id":9043,"href":"https:\/\/www.algudesign.be\/fr\/wp-json\/wp\/v2\/pages\/9039\/revisions\/9043"}],"wp:featuredmedia":[{"embeddable":true,"href":"https:\/\/www.algudesign.be\/fr\/wp-json\/wp\/v2\/media\/8883"}],"wp:attachment":[{"href":"https:\/\/www.algudesign.be\/fr\/wp-json\/wp\/v2\/media?parent=9039"}],"curies":[{"name":"wp","href":"https:\/\/api.w.org\/{rel}","templated":true}]}}