{"id":8249,"date":"2021-04-20T01:48:12","date_gmt":"2021-04-19T23:48:12","guid":{"rendered":"https:\/\/algudesign.be\/mon-compte\/"},"modified":"2024-11-08T15:40:26","modified_gmt":"2024-11-08T14:40:26","slug":"mon-compte","status":"publish","type":"page","link":"https:\/\/www.algudesign.be\/fr\/mon-compte\/","title":{"rendered":"Mon compte"},"content":{"rendered":"<div class=\"woocommerce\"><\/div>\n","protected":false},"excerpt":{"rendered":"","protected":false},"author":1,"featured_media":8439,"parent":0,"menu_order":0,"comment_status":"closed","ping_status":"closed","template":"","meta":{"footnotes":""},"class_list":["post-8249","page","type-page","status-publish","has-post-thumbnail","hentry"],"yoast_head":"<!-- This site is optimized with the Yoast SEO plugin v27.3 - https:\/\/yoast.com\/product\/yoast-seo-wordpress\/ -->\n<title>Mon compte | Algu Design<\/title>\n<meta name=\"description\" content=\"G\u00e9rez vos donn\u00e9es, suivez vos commandes et consultez vos achats pr\u00e9c\u00e9dents. Tout en un coup d&#039;\u0153il dans mon compte.\" \/>\n<meta name=\"robots\" content=\"index, follow, max-snippet:-1, max-image-preview:large, max-video-preview:-1\" \/>\n<link rel=\"canonical\" href=\"https:\/\/www.algudesign.be\/fr\/mon-compte\/\" \/>\n<meta property=\"og:locale\" content=\"fr_FR\" \/>\n<meta property=\"og:type\" content=\"article\" \/>\n<meta property=\"og:title\" content=\"Mon compte | Algu Design\" \/>\n<meta property=\"og:description\" content=\"G\u00e9rez vos donn\u00e9es, suivez vos commandes et consultez vos achats pr\u00e9c\u00e9dents. Tout en un coup d&#039;\u0153il dans mon compte.\" \/>\n<meta property=\"og:url\" content=\"https:\/\/www.algudesign.be\/fr\/mon-compte\/\" \/>\n<meta property=\"og:site_name\" content=\"Algu Design\" \/>\n<meta property=\"article:modified_time\" content=\"2024-11-08T14:40:26+00:00\" \/>\n<meta property=\"og:image\" content=\"https:\/\/www.algudesign.be\/wp-content\/uploads\/2021\/07\/product-64.png\" \/>\n\t<meta property=\"og:image:width\" content=\"800\" \/>\n\t<meta property=\"og:image:height\" content=\"800\" \/>\n\t<meta property=\"og:image:type\" content=\"image\/png\" \/>\n<meta name=\"twitter:card\" content=\"summary_large_image\" \/>\n<script type=\"application\/ld+json\" class=\"yoast-schema-graph\">{\"@context\":\"https:\\\/\\\/schema.org\",\"@graph\":[{\"@type\":\"WebPage\",\"@id\":\"https:\\\/\\\/www.algudesign.be\\\/fr\\\/mon-compte\\\/\",\"url\":\"https:\\\/\\\/www.algudesign.be\\\/fr\\\/mon-compte\\\/\",\"name\":\"Mon compte | Algu Design\",\"isPartOf\":{\"@id\":\"https:\\\/\\\/www.algudesign.be\\\/fr\\\/#website\"},\"primaryImageOfPage\":{\"@id\":\"https:\\\/\\\/www.algudesign.be\\\/fr\\\/mon-compte\\\/#primaryimage\"},\"image\":{\"@id\":\"https:\\\/\\\/www.algudesign.be\\\/fr\\\/mon-compte\\\/#primaryimage\"},\"thumbnailUrl\":\"https:\\\/\\\/www.algudesign.be\\\/wp-content\\\/uploads\\\/2021\\\/07\\\/product-64.png\",\"datePublished\":\"2021-04-19T23:48:12+00:00\",\"dateModified\":\"2024-11-08T14:40:26+00:00\",\"description\":\"G\u00e9rez vos donn\u00e9es, suivez vos commandes et consultez vos achats pr\u00e9c\u00e9dents. Tout en un coup d'\u0153il dans mon compte.\",\"breadcrumb\":{\"@id\":\"https:\\\/\\\/www.algudesign.be\\\/fr\\\/mon-compte\\\/#breadcrumb\"},\"inLanguage\":\"fr-FR\",\"potentialAction\":[{\"@type\":\"ReadAction\",\"target\":[\"https:\\\/\\\/www.algudesign.be\\\/fr\\\/mon-compte\\\/\"]}]},{\"@type\":\"ImageObject\",\"inLanguage\":\"fr-FR\",\"@id\":\"https:\\\/\\\/www.algudesign.be\\\/fr\\\/mon-compte\\\/#primaryimage\",\"url\":\"https:\\\/\\\/www.algudesign.be\\\/wp-content\\\/uploads\\\/2021\\\/07\\\/product-64.png\",\"contentUrl\":\"https:\\\/\\\/www.algudesign.be\\\/wp-content\\\/uploads\\\/2021\\\/07\\\/product-64.png\",\"width\":800,\"height\":800},{\"@type\":\"BreadcrumbList\",\"@id\":\"https:\\\/\\\/www.algudesign.be\\\/fr\\\/mon-compte\\\/#breadcrumb\",\"itemListElement\":[{\"@type\":\"ListItem\",\"position\":1,\"name\":\"Home\",\"item\":\"https:\\\/\\\/www.algudesign.be\\\/fr\\\/algu-design-est-fait-sur-mesure-pour-vous\\\/\"},{\"@type\":\"ListItem\",\"position\":2,\"name\":\"Mon compte\"}]},{\"@type\":\"WebSite\",\"@id\":\"https:\\\/\\\/www.algudesign.be\\\/fr\\\/#website\",\"url\":\"https:\\\/\\\/www.algudesign.be\\\/fr\\\/\",\"name\":\"Algu Design\",\"description\":\"Algu Design is uw meerwaarde!\",\"publisher\":{\"@id\":\"https:\\\/\\\/www.algudesign.be\\\/fr\\\/#organization\"},\"potentialAction\":[{\"@type\":\"SearchAction\",\"target\":{\"@type\":\"EntryPoint\",\"urlTemplate\":\"https:\\\/\\\/www.algudesign.be\\\/fr\\\/?s={search_term_string}\"},\"query-input\":{\"@type\":\"PropertyValueSpecification\",\"valueRequired\":true,\"valueName\":\"search_term_string\"}}],\"inLanguage\":\"fr-FR\"},{\"@type\":\"Organization\",\"@id\":\"https:\\\/\\\/www.algudesign.be\\\/fr\\\/#organization\",\"name\":\"Algu Design\",\"url\":\"https:\\\/\\\/www.algudesign.be\\\/fr\\\/\",\"logo\":{\"@type\":\"ImageObject\",\"inLanguage\":\"fr-FR\",\"@id\":\"https:\\\/\\\/www.algudesign.be\\\/fr\\\/#\\\/schema\\\/logo\\\/image\\\/\",\"url\":\"https:\\\/\\\/www.algudesign.be\\\/wp-content\\\/uploads\\\/2024\\\/10\\\/cropped-logo_vertical_color.png\",\"contentUrl\":\"https:\\\/\\\/www.algudesign.be\\\/wp-content\\\/uploads\\\/2024\\\/10\\\/cropped-logo_vertical_color.png\",\"width\":208,\"height\":80,\"caption\":\"Algu Design\"},\"image\":{\"@id\":\"https:\\\/\\\/www.algudesign.be\\\/fr\\\/#\\\/schema\\\/logo\\\/image\\\/\"}}]}<\/script>\n<!-- \/ Yoast SEO plugin. -->","yoast_head_json":{"title":"Mon compte | Algu Design","description":"G\u00e9rez vos donn\u00e9es, suivez vos commandes et consultez vos achats pr\u00e9c\u00e9dents. Tout en un coup d'\u0153il dans mon compte.","robots":{"index":"index","follow":"follow","max-snippet":"max-snippet:-1","max-image-preview":"max-image-preview:large","max-video-preview":"max-video-preview:-1"},"canonical":"https:\/\/www.algudesign.be\/fr\/mon-compte\/","og_locale":"fr_FR","og_type":"article","og_title":"Mon compte | Algu Design","og_description":"G\u00e9rez vos donn\u00e9es, suivez vos commandes et consultez vos achats pr\u00e9c\u00e9dents. Tout en un coup d'\u0153il dans mon compte.","og_url":"https:\/\/www.algudesign.be\/fr\/mon-compte\/","og_site_name":"Algu Design","article_modified_time":"2024-11-08T14:40:26+00:00","og_image":[{"width":800,"height":800,"url":"https:\/\/www.algudesign.be\/wp-content\/uploads\/2021\/07\/product-64.png","type":"image\/png"}],"twitter_card":"summary_large_image","schema":{"@context":"https:\/\/schema.org","@graph":[{"@type":"WebPage","@id":"https:\/\/www.algudesign.be\/fr\/mon-compte\/","url":"https:\/\/www.algudesign.be\/fr\/mon-compte\/","name":"Mon compte | Algu Design","isPartOf":{"@id":"https:\/\/www.algudesign.be\/fr\/#website"},"primaryImageOfPage":{"@id":"https:\/\/www.algudesign.be\/fr\/mon-compte\/#primaryimage"},"image":{"@id":"https:\/\/www.algudesign.be\/fr\/mon-compte\/#primaryimage"},"thumbnailUrl":"https:\/\/www.algudesign.be\/wp-content\/uploads\/2021\/07\/product-64.png","datePublished":"2021-04-19T23:48:12+00:00","dateModified":"2024-11-08T14:40:26+00:00","description":"G\u00e9rez vos donn\u00e9es, suivez vos commandes et consultez vos achats pr\u00e9c\u00e9dents. Tout en un coup d'\u0153il dans mon compte.","breadcrumb":{"@id":"https:\/\/www.algudesign.be\/fr\/mon-compte\/#breadcrumb"},"inLanguage":"fr-FR","potentialAction":[{"@type":"ReadAction","target":["https:\/\/www.algudesign.be\/fr\/mon-compte\/"]}]},{"@type":"ImageObject","inLanguage":"fr-FR","@id":"https:\/\/www.algudesign.be\/fr\/mon-compte\/#primaryimage","url":"https:\/\/www.algudesign.be\/wp-content\/uploads\/2021\/07\/product-64.png","contentUrl":"https:\/\/www.algudesign.be\/wp-content\/uploads\/2021\/07\/product-64.png","width":800,"height":800},{"@type":"BreadcrumbList","@id":"https:\/\/www.algudesign.be\/fr\/mon-compte\/#breadcrumb","itemListElement":[{"@type":"ListItem","position":1,"name":"Home","item":"https:\/\/www.algudesign.be\/fr\/algu-design-est-fait-sur-mesure-pour-vous\/"},{"@type":"ListItem","position":2,"name":"Mon compte"}]},{"@type":"WebSite","@id":"https:\/\/www.algudesign.be\/fr\/#website","url":"https:\/\/www.algudesign.be\/fr\/","name":"Algu Design","description":"Algu Design is uw meerwaarde!","publisher":{"@id":"https:\/\/www.algudesign.be\/fr\/#organization"},"potentialAction":[{"@type":"SearchAction","target":{"@type":"EntryPoint","urlTemplate":"https:\/\/www.algudesign.be\/fr\/?s={search_term_string}"},"query-input":{"@type":"PropertyValueSpecification","valueRequired":true,"valueName":"search_term_string"}}],"inLanguage":"fr-FR"},{"@type":"Organization","@id":"https:\/\/www.algudesign.be\/fr\/#organization","name":"Algu Design","url":"https:\/\/www.algudesign.be\/fr\/","logo":{"@type":"ImageObject","inLanguage":"fr-FR","@id":"https:\/\/www.algudesign.be\/fr\/#\/schema\/logo\/image\/","url":"https:\/\/www.algudesign.be\/wp-content\/uploads\/2024\/10\/cropped-logo_vertical_color.png","contentUrl":"https:\/\/www.algudesign.be\/wp-content\/uploads\/2024\/10\/cropped-logo_vertical_color.png","width":208,"height":80,"caption":"Algu Design"},"image":{"@id":"https:\/\/www.algudesign.be\/fr\/#\/schema\/logo\/image\/"}}]}},"_links":{"self":[{"href":"https:\/\/www.algudesign.be\/fr\/wp-json\/wp\/v2\/pages\/8249","targetHints":{"allow":["GET"]}}],"collection":[{"href":"https:\/\/www.algudesign.be\/fr\/wp-json\/wp\/v2\/pages"}],"about":[{"href":"https:\/\/www.algudesign.be\/fr\/wp-json\/wp\/v2\/types\/page"}],"author":[{"embeddable":true,"href":"https:\/\/www.algudesign.be\/fr\/wp-json\/wp\/v2\/users\/1"}],"replies":[{"embeddable":true,"href":"https:\/\/www.algudesign.be\/fr\/wp-json\/wp\/v2\/comments?post=8249"}],"version-history":[{"count":1,"href":"https:\/\/www.algudesign.be\/fr\/wp-json\/wp\/v2\/pages\/8249\/revisions"}],"predecessor-version":[{"id":8916,"href":"https:\/\/www.algudesign.be\/fr\/wp-json\/wp\/v2\/pages\/8249\/revisions\/8916"}],"wp:featuredmedia":[{"embeddable":true,"href":"https:\/\/www.algudesign.be\/fr\/wp-json\/wp\/v2\/media\/8439"}],"wp:attachment":[{"href":"https:\/\/www.algudesign.be\/fr\/wp-json\/wp\/v2\/media?parent=8249"}],"curies":[{"name":"wp","href":"https:\/\/api.w.org\/{rel}","templated":true}]}}