{"id":8247,"date":"2021-04-20T01:48:12","date_gmt":"2021-04-19T23:48:12","guid":{"rendered":"https:\/\/algudesign.be\/panier\/"},"modified":"2024-11-25T11:15:24","modified_gmt":"2024-11-25T10:15:24","slug":"panier","status":"publish","type":"page","link":"https:\/\/www.algudesign.be\/fr\/panier\/","title":{"rendered":"Panier d&rsquo;achat"},"content":{"rendered":"\n","protected":false},"excerpt":{"rendered":"","protected":false},"author":1,"featured_media":8976,"parent":0,"menu_order":0,"comment_status":"closed","ping_status":"closed","template":"","meta":{"footnotes":""},"class_list":["post-8247","page","type-page","status-publish","has-post-thumbnail","hentry"],"yoast_head":"<!-- This site is optimized with the Yoast SEO plugin v27.3 - https:\/\/yoast.com\/product\/yoast-seo-wordpress\/ -->\n<title>Panier d&#039;achat | Algu Design<\/title>\n<meta name=\"description\" content=\"Visualisez et g\u00e9rez les produits que vous avez s\u00e9lectionn\u00e9s dans le panier d&#039;achat. Vous \u00eates pr\u00eat \u00e0 passer \u00e0 la caisse ? Profitez de vos achats !\" \/>\n<meta name=\"robots\" content=\"index, follow, max-snippet:-1, max-image-preview:large, max-video-preview:-1\" \/>\n<link rel=\"canonical\" href=\"https:\/\/www.algudesign.be\/fr\/panier\/\" \/>\n<meta property=\"og:locale\" content=\"fr_FR\" \/>\n<meta property=\"og:type\" content=\"article\" \/>\n<meta property=\"og:title\" content=\"Panier d&#039;achat | Algu Design\" \/>\n<meta property=\"og:description\" content=\"Visualisez et g\u00e9rez les produits que vous avez s\u00e9lectionn\u00e9s dans le panier d&#039;achat. Vous \u00eates pr\u00eat \u00e0 passer \u00e0 la caisse ? Profitez de vos achats !\" \/>\n<meta property=\"og:url\" content=\"https:\/\/www.algudesign.be\/fr\/panier\/\" \/>\n<meta property=\"og:site_name\" content=\"Algu Design\" \/>\n<meta property=\"article:modified_time\" content=\"2024-11-25T10:15:24+00:00\" \/>\n<meta property=\"og:image\" content=\"https:\/\/www.algudesign.be\/wp-content\/uploads\/2024\/11\/shopping-cart-dark-background-with-copy-space-scaled.jpg\" \/>\n\t<meta property=\"og:image:width\" content=\"2560\" \/>\n\t<meta property=\"og:image:height\" content=\"1709\" \/>\n\t<meta property=\"og:image:type\" content=\"image\/jpeg\" \/>\n<meta name=\"twitter:card\" content=\"summary_large_image\" \/>\n<script type=\"application\/ld+json\" class=\"yoast-schema-graph\">{\"@context\":\"https:\\\/\\\/schema.org\",\"@graph\":[{\"@type\":\"WebPage\",\"@id\":\"https:\\\/\\\/www.algudesign.be\\\/fr\\\/panier\\\/\",\"url\":\"https:\\\/\\\/www.algudesign.be\\\/fr\\\/panier\\\/\",\"name\":\"Panier d'achat | Algu Design\",\"isPartOf\":{\"@id\":\"https:\\\/\\\/www.algudesign.be\\\/fr\\\/#website\"},\"primaryImageOfPage\":{\"@id\":\"https:\\\/\\\/www.algudesign.be\\\/fr\\\/panier\\\/#primaryimage\"},\"image\":{\"@id\":\"https:\\\/\\\/www.algudesign.be\\\/fr\\\/panier\\\/#primaryimage\"},\"thumbnailUrl\":\"https:\\\/\\\/www.algudesign.be\\\/wp-content\\\/uploads\\\/2024\\\/11\\\/shopping-cart-dark-background-with-copy-space-scaled.jpg\",\"datePublished\":\"2021-04-19T23:48:12+00:00\",\"dateModified\":\"2024-11-25T10:15:24+00:00\",\"description\":\"Visualisez et g\u00e9rez les produits que vous avez s\u00e9lectionn\u00e9s dans le panier d'achat. Vous \u00eates pr\u00eat \u00e0 passer \u00e0 la caisse ? Profitez de vos achats !\",\"breadcrumb\":{\"@id\":\"https:\\\/\\\/www.algudesign.be\\\/fr\\\/panier\\\/#breadcrumb\"},\"inLanguage\":\"fr-FR\",\"potentialAction\":[{\"@type\":\"ReadAction\",\"target\":[\"https:\\\/\\\/www.algudesign.be\\\/fr\\\/panier\\\/\"]}]},{\"@type\":\"ImageObject\",\"inLanguage\":\"fr-FR\",\"@id\":\"https:\\\/\\\/www.algudesign.be\\\/fr\\\/panier\\\/#primaryimage\",\"url\":\"https:\\\/\\\/www.algudesign.be\\\/wp-content\\\/uploads\\\/2024\\\/11\\\/shopping-cart-dark-background-with-copy-space-scaled.jpg\",\"contentUrl\":\"https:\\\/\\\/www.algudesign.be\\\/wp-content\\\/uploads\\\/2024\\\/11\\\/shopping-cart-dark-background-with-copy-space-scaled.jpg\",\"width\":2560,\"height\":1709},{\"@type\":\"BreadcrumbList\",\"@id\":\"https:\\\/\\\/www.algudesign.be\\\/fr\\\/panier\\\/#breadcrumb\",\"itemListElement\":[{\"@type\":\"ListItem\",\"position\":1,\"name\":\"Home\",\"item\":\"https:\\\/\\\/www.algudesign.be\\\/fr\\\/algu-design-est-fait-sur-mesure-pour-vous\\\/\"},{\"@type\":\"ListItem\",\"position\":2,\"name\":\"Panier d&#8217;achat\"}]},{\"@type\":\"WebSite\",\"@id\":\"https:\\\/\\\/www.algudesign.be\\\/fr\\\/#website\",\"url\":\"https:\\\/\\\/www.algudesign.be\\\/fr\\\/\",\"name\":\"Algu Design\",\"description\":\"Algu Design is uw meerwaarde!\",\"publisher\":{\"@id\":\"https:\\\/\\\/www.algudesign.be\\\/fr\\\/#organization\"},\"potentialAction\":[{\"@type\":\"SearchAction\",\"target\":{\"@type\":\"EntryPoint\",\"urlTemplate\":\"https:\\\/\\\/www.algudesign.be\\\/fr\\\/?s={search_term_string}\"},\"query-input\":{\"@type\":\"PropertyValueSpecification\",\"valueRequired\":true,\"valueName\":\"search_term_string\"}}],\"inLanguage\":\"fr-FR\"},{\"@type\":\"Organization\",\"@id\":\"https:\\\/\\\/www.algudesign.be\\\/fr\\\/#organization\",\"name\":\"Algu Design\",\"url\":\"https:\\\/\\\/www.algudesign.be\\\/fr\\\/\",\"logo\":{\"@type\":\"ImageObject\",\"inLanguage\":\"fr-FR\",\"@id\":\"https:\\\/\\\/www.algudesign.be\\\/fr\\\/#\\\/schema\\\/logo\\\/image\\\/\",\"url\":\"https:\\\/\\\/www.algudesign.be\\\/wp-content\\\/uploads\\\/2024\\\/10\\\/cropped-logo_vertical_color.png\",\"contentUrl\":\"https:\\\/\\\/www.algudesign.be\\\/wp-content\\\/uploads\\\/2024\\\/10\\\/cropped-logo_vertical_color.png\",\"width\":208,\"height\":80,\"caption\":\"Algu Design\"},\"image\":{\"@id\":\"https:\\\/\\\/www.algudesign.be\\\/fr\\\/#\\\/schema\\\/logo\\\/image\\\/\"}}]}<\/script>\n<!-- \/ Yoast SEO plugin. -->","yoast_head_json":{"title":"Panier d'achat | Algu Design","description":"Visualisez et g\u00e9rez les produits que vous avez s\u00e9lectionn\u00e9s dans le panier d'achat. Vous \u00eates pr\u00eat \u00e0 passer \u00e0 la caisse ? Profitez de vos achats !","robots":{"index":"index","follow":"follow","max-snippet":"max-snippet:-1","max-image-preview":"max-image-preview:large","max-video-preview":"max-video-preview:-1"},"canonical":"https:\/\/www.algudesign.be\/fr\/panier\/","og_locale":"fr_FR","og_type":"article","og_title":"Panier d'achat | Algu Design","og_description":"Visualisez et g\u00e9rez les produits que vous avez s\u00e9lectionn\u00e9s dans le panier d'achat. Vous \u00eates pr\u00eat \u00e0 passer \u00e0 la caisse ? Profitez de vos achats !","og_url":"https:\/\/www.algudesign.be\/fr\/panier\/","og_site_name":"Algu Design","article_modified_time":"2024-11-25T10:15:24+00:00","og_image":[{"width":2560,"height":1709,"url":"https:\/\/www.algudesign.be\/wp-content\/uploads\/2024\/11\/shopping-cart-dark-background-with-copy-space-scaled.jpg","type":"image\/jpeg"}],"twitter_card":"summary_large_image","schema":{"@context":"https:\/\/schema.org","@graph":[{"@type":"WebPage","@id":"https:\/\/www.algudesign.be\/fr\/panier\/","url":"https:\/\/www.algudesign.be\/fr\/panier\/","name":"Panier d'achat | Algu Design","isPartOf":{"@id":"https:\/\/www.algudesign.be\/fr\/#website"},"primaryImageOfPage":{"@id":"https:\/\/www.algudesign.be\/fr\/panier\/#primaryimage"},"image":{"@id":"https:\/\/www.algudesign.be\/fr\/panier\/#primaryimage"},"thumbnailUrl":"https:\/\/www.algudesign.be\/wp-content\/uploads\/2024\/11\/shopping-cart-dark-background-with-copy-space-scaled.jpg","datePublished":"2021-04-19T23:48:12+00:00","dateModified":"2024-11-25T10:15:24+00:00","description":"Visualisez et g\u00e9rez les produits que vous avez s\u00e9lectionn\u00e9s dans le panier d'achat. Vous \u00eates pr\u00eat \u00e0 passer \u00e0 la caisse ? Profitez de vos achats !","breadcrumb":{"@id":"https:\/\/www.algudesign.be\/fr\/panier\/#breadcrumb"},"inLanguage":"fr-FR","potentialAction":[{"@type":"ReadAction","target":["https:\/\/www.algudesign.be\/fr\/panier\/"]}]},{"@type":"ImageObject","inLanguage":"fr-FR","@id":"https:\/\/www.algudesign.be\/fr\/panier\/#primaryimage","url":"https:\/\/www.algudesign.be\/wp-content\/uploads\/2024\/11\/shopping-cart-dark-background-with-copy-space-scaled.jpg","contentUrl":"https:\/\/www.algudesign.be\/wp-content\/uploads\/2024\/11\/shopping-cart-dark-background-with-copy-space-scaled.jpg","width":2560,"height":1709},{"@type":"BreadcrumbList","@id":"https:\/\/www.algudesign.be\/fr\/panier\/#breadcrumb","itemListElement":[{"@type":"ListItem","position":1,"name":"Home","item":"https:\/\/www.algudesign.be\/fr\/algu-design-est-fait-sur-mesure-pour-vous\/"},{"@type":"ListItem","position":2,"name":"Panier d&#8217;achat"}]},{"@type":"WebSite","@id":"https:\/\/www.algudesign.be\/fr\/#website","url":"https:\/\/www.algudesign.be\/fr\/","name":"Algu Design","description":"Algu Design is uw meerwaarde!","publisher":{"@id":"https:\/\/www.algudesign.be\/fr\/#organization"},"potentialAction":[{"@type":"SearchAction","target":{"@type":"EntryPoint","urlTemplate":"https:\/\/www.algudesign.be\/fr\/?s={search_term_string}"},"query-input":{"@type":"PropertyValueSpecification","valueRequired":true,"valueName":"search_term_string"}}],"inLanguage":"fr-FR"},{"@type":"Organization","@id":"https:\/\/www.algudesign.be\/fr\/#organization","name":"Algu Design","url":"https:\/\/www.algudesign.be\/fr\/","logo":{"@type":"ImageObject","inLanguage":"fr-FR","@id":"https:\/\/www.algudesign.be\/fr\/#\/schema\/logo\/image\/","url":"https:\/\/www.algudesign.be\/wp-content\/uploads\/2024\/10\/cropped-logo_vertical_color.png","contentUrl":"https:\/\/www.algudesign.be\/wp-content\/uploads\/2024\/10\/cropped-logo_vertical_color.png","width":208,"height":80,"caption":"Algu Design"},"image":{"@id":"https:\/\/www.algudesign.be\/fr\/#\/schema\/logo\/image\/"}}]}},"_links":{"self":[{"href":"https:\/\/www.algudesign.be\/fr\/wp-json\/wp\/v2\/pages\/8247","targetHints":{"allow":["GET"]}}],"collection":[{"href":"https:\/\/www.algudesign.be\/fr\/wp-json\/wp\/v2\/pages"}],"about":[{"href":"https:\/\/www.algudesign.be\/fr\/wp-json\/wp\/v2\/types\/page"}],"author":[{"embeddable":true,"href":"https:\/\/www.algudesign.be\/fr\/wp-json\/wp\/v2\/users\/1"}],"replies":[{"embeddable":true,"href":"https:\/\/www.algudesign.be\/fr\/wp-json\/wp\/v2\/comments?post=8247"}],"version-history":[{"count":2,"href":"https:\/\/www.algudesign.be\/fr\/wp-json\/wp\/v2\/pages\/8247\/revisions"}],"predecessor-version":[{"id":9293,"href":"https:\/\/www.algudesign.be\/fr\/wp-json\/wp\/v2\/pages\/8247\/revisions\/9293"}],"wp:featuredmedia":[{"embeddable":true,"href":"https:\/\/www.algudesign.be\/fr\/wp-json\/wp\/v2\/media\/8976"}],"wp:attachment":[{"href":"https:\/\/www.algudesign.be\/fr\/wp-json\/wp\/v2\/media?parent=8247"}],"curies":[{"name":"wp","href":"https:\/\/api.w.org\/{rel}","templated":true}]}}